{"id":42988,"date":"2026-03-29T16:58:31","date_gmt":"2026-03-29T16:58:31","guid":{"rendered":"http:\/\/axahomesecurity.com\/de\/product\/patentbout\/"},"modified":"2026-03-29T16:58:32","modified_gmt":"2026-03-29T16:58:32","slug":"patentbolzen-innenturbeschlag","status":"publish","type":"product","link":"https:\/\/axahomesecurity.com\/de\/produkte\/patentbolzen-innenturbeschlag\/","title":{"rendered":"Patentbolzen Innent\u00fcrbeschlag"},"content":{"rendered":"","protected":false},"excerpt":{"rendered":"","protected":false},"featured_media":87393,"comment_status":"closed","ping_status":"closed","template":"","meta":{"_acf_changed":false,"_trash_the_other_posts":false},"product_brand":[],"product_cat":[25779],"product_tag":[],"class_list":{"0":"post-42988","1":"product","2":"type-product","3":"status-publish","4":"has-post-thumbnail","6":"product_cat-andere-turbeschlage-komponenten-und-accessoires-turbeschlage-572","8":"first","9":"instock","10":"shipping-taxable","11":"product-type-variable"},"acf":[],"yoast_head":"<!-- This site is optimized with the Yoast SEO plugin v27.1.1 - https:\/\/yoast.com\/product\/yoast-seo-wordpress\/ -->\n<title>Patentbolzen Innent\u00fcrbeschlag - AXA Home Security \ud83c\udde9\ud83c\uddea<\/title>\n<meta name=\"description\" content=\"Bolz f\u00fcr T\u00fcrinnenschilden und Innent\u00fcrrosetten\" \/>\n<meta name=\"robots\" content=\"index, follow, max-snippet:-1, max-image-preview:large, max-video-preview:-1\" \/>\n<link rel=\"canonical\" href=\"https:\/\/axahomesecurity.com\/de\/produkte\/patentbolzen-innenturbeschlag\/\" \/>\n<meta property=\"og:locale\" content=\"en_US\" \/>\n<meta property=\"og:type\" content=\"article\" \/>\n<meta property=\"og:title\" content=\"Patentbolzen Innent\u00fcrbeschlag - AXA Home Security \ud83c\udde9\ud83c\uddea\" \/>\n<meta property=\"og:description\" content=\"Bolz f\u00fcr T\u00fcrinnenschilden und Innent\u00fcrrosetten\" \/>\n<meta property=\"og:url\" content=\"https:\/\/axahomesecurity.com\/de\/produkte\/patentbolzen-innenturbeschlag\/\" \/>\n<meta property=\"og:site_name\" content=\"AXA Home Security \ud83c\udde9\ud83c\uddea\" \/>\n<meta property=\"article:modified_time\" content=\"2026-03-29T16:58:32+00:00\" \/>\n<meta property=\"og:image\" content=\"https:\/\/axahomesecurity.com\/de\/wp-content\/uploads\/sites\/31\/2024\/08\/foto-60519237-patentbolzen-innent-rbeschlag-8713249008004_E0000515.jpg\" \/>\n\t<meta property=\"og:image:width\" content=\"1181\" \/>\n\t<meta property=\"og:image:height\" content=\"1181\" \/>\n\t<meta property=\"og:image:type\" content=\"image\/jpeg\" \/>\n<meta name=\"twitter:card\" content=\"summary_large_image\" \/>\n<script type=\"application\/ld+json\" class=\"yoast-schema-graph\">{\"@context\":\"https:\/\/schema.org\",\"@graph\":[{\"@type\":\"WebPage\",\"@id\":\"https:\/\/axahomesecurity.com\/de\/produkte\/patentbolzen-innenturbeschlag\/\",\"url\":\"https:\/\/axahomesecurity.com\/de\/produkte\/patentbolzen-innenturbeschlag\/\",\"name\":\"Patentbolzen Innent\u00fcrbeschlag - AXA Home Security \ud83c\udde9\ud83c\uddea\",\"isPartOf\":{\"@id\":\"https:\/\/axahomesecurity.com\/de\/#website\"},\"primaryImageOfPage\":{\"@id\":\"https:\/\/axahomesecurity.com\/de\/produkte\/patentbolzen-innenturbeschlag\/#primaryimage\"},\"image\":{\"@id\":\"https:\/\/axahomesecurity.com\/de\/produkte\/patentbolzen-innenturbeschlag\/#primaryimage\"},\"thumbnailUrl\":\"https:\/\/axahomesecurity.com\/de\/wp-content\/uploads\/sites\/31\/2024\/08\/foto-60519237-patentbolzen-innent-rbeschlag-8713249008004_E0000515.jpg\",\"datePublished\":\"2026-03-29T16:58:31+00:00\",\"dateModified\":\"2026-03-29T16:58:32+00:00\",\"description\":\"Bolz f\u00fcr T\u00fcrinnenschilden und Innent\u00fcrrosetten\",\"breadcrumb\":{\"@id\":\"https:\/\/axahomesecurity.com\/de\/produkte\/patentbolzen-innenturbeschlag\/#breadcrumb\"},\"inLanguage\":\"en-US\",\"potentialAction\":[{\"@type\":\"ReadAction\",\"target\":[\"https:\/\/axahomesecurity.com\/de\/produkte\/patentbolzen-innenturbeschlag\/\"]}]},{\"@type\":\"ImageObject\",\"inLanguage\":\"en-US\",\"@id\":\"https:\/\/axahomesecurity.com\/de\/produkte\/patentbolzen-innenturbeschlag\/#primaryimage\",\"url\":\"https:\/\/axahomesecurity.com\/de\/wp-content\/uploads\/sites\/31\/2024\/08\/foto-60519237-patentbolzen-innent-rbeschlag-8713249008004_E0000515.jpg\",\"contentUrl\":\"https:\/\/axahomesecurity.com\/de\/wp-content\/uploads\/sites\/31\/2024\/08\/foto-60519237-patentbolzen-innent-rbeschlag-8713249008004_E0000515.jpg\",\"width\":1181,\"height\":1181},{\"@type\":\"BreadcrumbList\",\"@id\":\"https:\/\/axahomesecurity.com\/de\/produkte\/patentbolzen-innenturbeschlag\/#breadcrumb\",\"itemListElement\":[{\"@type\":\"ListItem\",\"position\":1,\"name\":\"house\",\"item\":\"https:\/\/axahomesecurity.com\/de\/\"},{\"@type\":\"ListItem\",\"position\":2,\"name\":\"Produkte\",\"item\":\"https:\/\/axahomesecurity.com\/de\/produkte\/\"},{\"@type\":\"ListItem\",\"position\":3,\"name\":\"Patentbolzen Innent\u00fcrbeschlag\"}]},{\"@type\":\"WebSite\",\"@id\":\"https:\/\/axahomesecurity.com\/de\/#website\",\"url\":\"https:\/\/axahomesecurity.com\/de\/\",\"name\":\"AXA Home\",\"description\":\"\",\"potentialAction\":[{\"@type\":\"SearchAction\",\"target\":{\"@type\":\"EntryPoint\",\"urlTemplate\":\"https:\/\/axahomesecurity.com\/de\/?s={search_term_string}\"},\"query-input\":{\"@type\":\"PropertyValueSpecification\",\"valueRequired\":true,\"valueName\":\"search_term_string\"}}],\"inLanguage\":\"en-US\"}]}<\/script>\n<!-- \/ Yoast SEO plugin. -->","yoast_head_json":{"title":"Patentbolzen Innent\u00fcrbeschlag - AXA Home Security \ud83c\udde9\ud83c\uddea","description":"Bolz f\u00fcr T\u00fcrinnenschilden und Innent\u00fcrrosetten","robots":{"index":"index","follow":"follow","max-snippet":"max-snippet:-1","max-image-preview":"max-image-preview:large","max-video-preview":"max-video-preview:-1"},"canonical":"https:\/\/axahomesecurity.com\/de\/produkte\/patentbolzen-innenturbeschlag\/","og_locale":"en_US","og_type":"article","og_title":"Patentbolzen Innent\u00fcrbeschlag - AXA Home Security \ud83c\udde9\ud83c\uddea","og_description":"Bolz f\u00fcr T\u00fcrinnenschilden und Innent\u00fcrrosetten","og_url":"https:\/\/axahomesecurity.com\/de\/produkte\/patentbolzen-innenturbeschlag\/","og_site_name":"AXA Home Security \ud83c\udde9\ud83c\uddea","article_modified_time":"2026-03-29T16:58:32+00:00","og_image":[{"width":1181,"height":1181,"url":"https:\/\/axahomesecurity.com\/de\/wp-content\/uploads\/sites\/31\/2024\/08\/foto-60519237-patentbolzen-innent-rbeschlag-8713249008004_E0000515.jpg","type":"image\/jpeg"}],"twitter_card":"summary_large_image","schema":{"@context":"https:\/\/schema.org","@graph":[{"@type":"WebPage","@id":"https:\/\/axahomesecurity.com\/de\/produkte\/patentbolzen-innenturbeschlag\/","url":"https:\/\/axahomesecurity.com\/de\/produkte\/patentbolzen-innenturbeschlag\/","name":"Patentbolzen Innent\u00fcrbeschlag - AXA Home Security \ud83c\udde9\ud83c\uddea","isPartOf":{"@id":"https:\/\/axahomesecurity.com\/de\/#website"},"primaryImageOfPage":{"@id":"https:\/\/axahomesecurity.com\/de\/produkte\/patentbolzen-innenturbeschlag\/#primaryimage"},"image":{"@id":"https:\/\/axahomesecurity.com\/de\/produkte\/patentbolzen-innenturbeschlag\/#primaryimage"},"thumbnailUrl":"https:\/\/axahomesecurity.com\/de\/wp-content\/uploads\/sites\/31\/2024\/08\/foto-60519237-patentbolzen-innent-rbeschlag-8713249008004_E0000515.jpg","datePublished":"2026-03-29T16:58:31+00:00","dateModified":"2026-03-29T16:58:32+00:00","description":"Bolz f\u00fcr T\u00fcrinnenschilden und Innent\u00fcrrosetten","breadcrumb":{"@id":"https:\/\/axahomesecurity.com\/de\/produkte\/patentbolzen-innenturbeschlag\/#breadcrumb"},"inLanguage":"en-US","potentialAction":[{"@type":"ReadAction","target":["https:\/\/axahomesecurity.com\/de\/produkte\/patentbolzen-innenturbeschlag\/"]}]},{"@type":"ImageObject","inLanguage":"en-US","@id":"https:\/\/axahomesecurity.com\/de\/produkte\/patentbolzen-innenturbeschlag\/#primaryimage","url":"https:\/\/axahomesecurity.com\/de\/wp-content\/uploads\/sites\/31\/2024\/08\/foto-60519237-patentbolzen-innent-rbeschlag-8713249008004_E0000515.jpg","contentUrl":"https:\/\/axahomesecurity.com\/de\/wp-content\/uploads\/sites\/31\/2024\/08\/foto-60519237-patentbolzen-innent-rbeschlag-8713249008004_E0000515.jpg","width":1181,"height":1181},{"@type":"BreadcrumbList","@id":"https:\/\/axahomesecurity.com\/de\/produkte\/patentbolzen-innenturbeschlag\/#breadcrumb","itemListElement":[{"@type":"ListItem","position":1,"name":"house","item":"https:\/\/axahomesecurity.com\/de\/"},{"@type":"ListItem","position":2,"name":"Produkte","item":"https:\/\/axahomesecurity.com\/de\/produkte\/"},{"@type":"ListItem","position":3,"name":"Patentbolzen Innent\u00fcrbeschlag"}]},{"@type":"WebSite","@id":"https:\/\/axahomesecurity.com\/de\/#website","url":"https:\/\/axahomesecurity.com\/de\/","name":"AXA Home","description":"","potentialAction":[{"@type":"SearchAction","target":{"@type":"EntryPoint","urlTemplate":"https:\/\/axahomesecurity.com\/de\/?s={search_term_string}"},"query-input":{"@type":"PropertyValueSpecification","valueRequired":true,"valueName":"search_term_string"}}],"inLanguage":"en-US"}]}},"jetpack_sharing_enabled":true,"_links":{"self":[{"href":"https:\/\/axahomesecurity.com\/de\/wp-json\/wp\/v2\/product\/42988","targetHints":{"allow":["GET"]}}],"collection":[{"href":"https:\/\/axahomesecurity.com\/de\/wp-json\/wp\/v2\/product"}],"about":[{"href":"https:\/\/axahomesecurity.com\/de\/wp-json\/wp\/v2\/types\/product"}],"replies":[{"embeddable":true,"href":"https:\/\/axahomesecurity.com\/de\/wp-json\/wp\/v2\/comments?post=42988"}],"wp:featuredmedia":[{"embeddable":true,"href":"https:\/\/axahomesecurity.com\/de\/wp-json\/wp\/v2\/media\/87393"}],"wp:attachment":[{"href":"https:\/\/axahomesecurity.com\/de\/wp-json\/wp\/v2\/media?parent=42988"}],"wp:term":[{"taxonomy":"product_brand","embeddable":true,"href":"https:\/\/axahomesecurity.com\/de\/wp-json\/wp\/v2\/product_brand?post=42988"},{"taxonomy":"product_cat","embeddable":true,"href":"https:\/\/axahomesecurity.com\/de\/wp-json\/wp\/v2\/product_cat?post=42988"},{"taxonomy":"product_tag","embeddable":true,"href":"https:\/\/axahomesecurity.com\/de\/wp-json\/wp\/v2\/product_tag?post=42988"}],"curies":[{"name":"wp","href":"https:\/\/api.w.org\/{rel}","templated":true}]}}