{"id":36357,"date":"2026-04-03T23:19:40","date_gmt":"2026-04-03T23:19:40","guid":{"rendered":"http:\/\/axahomesecurity.com\/de\/product\/vloerveer-2\/"},"modified":"2026-04-03T23:19:40","modified_gmt":"2026-04-03T23:19:40","slug":"bodenturschlieser-2824","status":"publish","type":"product","link":"https:\/\/axahomesecurity.com\/de\/produkte\/bodenturschlieser-2824\/","title":{"rendered":"Bodent\u00fcrschlie\u00dfer 2824"},"content":{"rendered":"","protected":false},"excerpt":{"rendered":"","protected":false},"featured_media":82592,"comment_status":"closed","ping_status":"closed","template":"","meta":{"_acf_changed":false,"_trash_the_other_posts":false},"product_brand":[],"product_cat":[25615,25798],"product_tag":[],"class_list":{"0":"post-36357","1":"product","2":"type-product","3":"status-publish","4":"has-post-thumbnail","6":"product_cat-bodenturschlieser-332","7":"product_cat-bodenturschlieser-592","9":"first","10":"instock","11":"shipping-taxable","12":"product-type-variable"},"acf":[],"yoast_head":"<!-- This site is optimized with the Yoast SEO plugin v27.1.1 - https:\/\/yoast.com\/product\/yoast-seo-wordpress\/ -->\n<title>Bodent\u00fcrschlie\u00dfer 2824 - AXA Home Security \ud83c\udde9\ud83c\uddea<\/title>\n<meta name=\"description\" content=\"Starker Bodent\u00fcrschlie\u00dfer f\u00fcr ein- oder zweifl\u00fcgelige T\u00fcren.\" \/>\n<meta name=\"robots\" content=\"index, follow, max-snippet:-1, max-image-preview:large, max-video-preview:-1\" \/>\n<link rel=\"canonical\" href=\"https:\/\/axahomesecurity.com\/de\/produkte\/bodenturschlieser-2824\/\" \/>\n<meta property=\"og:locale\" content=\"en_US\" \/>\n<meta property=\"og:type\" content=\"article\" \/>\n<meta property=\"og:title\" content=\"Bodent\u00fcrschlie\u00dfer 2824 - AXA Home Security \ud83c\udde9\ud83c\uddea\" \/>\n<meta property=\"og:description\" content=\"Starker Bodent\u00fcrschlie\u00dfer f\u00fcr ein- oder zweifl\u00fcgelige T\u00fcren.\" \/>\n<meta property=\"og:url\" content=\"https:\/\/axahomesecurity.com\/de\/produkte\/bodenturschlieser-2824\/\" \/>\n<meta property=\"og:site_name\" content=\"AXA Home Security \ud83c\udde9\ud83c\uddea\" \/>\n<meta property=\"og:image\" content=\"https:\/\/axahomesecurity.com\/de\/wp-content\/uploads\/sites\/31\/2024\/08\/foto-7br2824ss-bodent-rschlie-er-2824-5050640034922_E0001021.jpg\" \/>\n\t<meta property=\"og:image:width\" content=\"1181\" \/>\n\t<meta property=\"og:image:height\" content=\"1181\" \/>\n\t<meta property=\"og:image:type\" content=\"image\/jpeg\" \/>\n<meta name=\"twitter:card\" content=\"summary_large_image\" \/>\n<script type=\"application\/ld+json\" class=\"yoast-schema-graph\">{\"@context\":\"https:\/\/schema.org\",\"@graph\":[{\"@type\":\"WebPage\",\"@id\":\"https:\/\/axahomesecurity.com\/de\/produkte\/bodenturschlieser-2824\/\",\"url\":\"https:\/\/axahomesecurity.com\/de\/produkte\/bodenturschlieser-2824\/\",\"name\":\"Bodent\u00fcrschlie\u00dfer 2824 - AXA Home Security \ud83c\udde9\ud83c\uddea\",\"isPartOf\":{\"@id\":\"https:\/\/axahomesecurity.com\/de\/#website\"},\"primaryImageOfPage\":{\"@id\":\"https:\/\/axahomesecurity.com\/de\/produkte\/bodenturschlieser-2824\/#primaryimage\"},\"image\":{\"@id\":\"https:\/\/axahomesecurity.com\/de\/produkte\/bodenturschlieser-2824\/#primaryimage\"},\"thumbnailUrl\":\"https:\/\/axahomesecurity.com\/de\/wp-content\/uploads\/sites\/31\/2024\/08\/foto-7br2824ss-bodent-rschlie-er-2824-5050640034922_E0001021.jpg\",\"datePublished\":\"2026-04-03T23:19:40+00:00\",\"description\":\"Starker Bodent\u00fcrschlie\u00dfer f\u00fcr ein- oder zweifl\u00fcgelige T\u00fcren.\",\"breadcrumb\":{\"@id\":\"https:\/\/axahomesecurity.com\/de\/produkte\/bodenturschlieser-2824\/#breadcrumb\"},\"inLanguage\":\"en-US\",\"potentialAction\":[{\"@type\":\"ReadAction\",\"target\":[\"https:\/\/axahomesecurity.com\/de\/produkte\/bodenturschlieser-2824\/\"]}]},{\"@type\":\"ImageObject\",\"inLanguage\":\"en-US\",\"@id\":\"https:\/\/axahomesecurity.com\/de\/produkte\/bodenturschlieser-2824\/#primaryimage\",\"url\":\"https:\/\/axahomesecurity.com\/de\/wp-content\/uploads\/sites\/31\/2024\/08\/foto-7br2824ss-bodent-rschlie-er-2824-5050640034922_E0001021.jpg\",\"contentUrl\":\"https:\/\/axahomesecurity.com\/de\/wp-content\/uploads\/sites\/31\/2024\/08\/foto-7br2824ss-bodent-rschlie-er-2824-5050640034922_E0001021.jpg\",\"width\":1181,\"height\":1181},{\"@type\":\"BreadcrumbList\",\"@id\":\"https:\/\/axahomesecurity.com\/de\/produkte\/bodenturschlieser-2824\/#breadcrumb\",\"itemListElement\":[{\"@type\":\"ListItem\",\"position\":1,\"name\":\"house\",\"item\":\"https:\/\/axahomesecurity.com\/de\/\"},{\"@type\":\"ListItem\",\"position\":2,\"name\":\"Produkte\",\"item\":\"https:\/\/axahomesecurity.com\/de\/produkte\/\"},{\"@type\":\"ListItem\",\"position\":3,\"name\":\"Bodent\u00fcrschlie\u00dfer 2824\"}]},{\"@type\":\"WebSite\",\"@id\":\"https:\/\/axahomesecurity.com\/de\/#website\",\"url\":\"https:\/\/axahomesecurity.com\/de\/\",\"name\":\"AXA Home\",\"description\":\"\",\"potentialAction\":[{\"@type\":\"SearchAction\",\"target\":{\"@type\":\"EntryPoint\",\"urlTemplate\":\"https:\/\/axahomesecurity.com\/de\/?s={search_term_string}\"},\"query-input\":{\"@type\":\"PropertyValueSpecification\",\"valueRequired\":true,\"valueName\":\"search_term_string\"}}],\"inLanguage\":\"en-US\"}]}<\/script>\n<!-- \/ Yoast SEO plugin. -->","yoast_head_json":{"title":"Bodent\u00fcrschlie\u00dfer 2824 - AXA Home Security \ud83c\udde9\ud83c\uddea","description":"Starker Bodent\u00fcrschlie\u00dfer f\u00fcr ein- oder zweifl\u00fcgelige T\u00fcren.","robots":{"index":"index","follow":"follow","max-snippet":"max-snippet:-1","max-image-preview":"max-image-preview:large","max-video-preview":"max-video-preview:-1"},"canonical":"https:\/\/axahomesecurity.com\/de\/produkte\/bodenturschlieser-2824\/","og_locale":"en_US","og_type":"article","og_title":"Bodent\u00fcrschlie\u00dfer 2824 - AXA Home Security \ud83c\udde9\ud83c\uddea","og_description":"Starker Bodent\u00fcrschlie\u00dfer f\u00fcr ein- oder zweifl\u00fcgelige T\u00fcren.","og_url":"https:\/\/axahomesecurity.com\/de\/produkte\/bodenturschlieser-2824\/","og_site_name":"AXA Home Security \ud83c\udde9\ud83c\uddea","og_image":[{"width":1181,"height":1181,"url":"https:\/\/axahomesecurity.com\/de\/wp-content\/uploads\/sites\/31\/2024\/08\/foto-7br2824ss-bodent-rschlie-er-2824-5050640034922_E0001021.jpg","type":"image\/jpeg"}],"twitter_card":"summary_large_image","schema":{"@context":"https:\/\/schema.org","@graph":[{"@type":"WebPage","@id":"https:\/\/axahomesecurity.com\/de\/produkte\/bodenturschlieser-2824\/","url":"https:\/\/axahomesecurity.com\/de\/produkte\/bodenturschlieser-2824\/","name":"Bodent\u00fcrschlie\u00dfer 2824 - AXA Home Security \ud83c\udde9\ud83c\uddea","isPartOf":{"@id":"https:\/\/axahomesecurity.com\/de\/#website"},"primaryImageOfPage":{"@id":"https:\/\/axahomesecurity.com\/de\/produkte\/bodenturschlieser-2824\/#primaryimage"},"image":{"@id":"https:\/\/axahomesecurity.com\/de\/produkte\/bodenturschlieser-2824\/#primaryimage"},"thumbnailUrl":"https:\/\/axahomesecurity.com\/de\/wp-content\/uploads\/sites\/31\/2024\/08\/foto-7br2824ss-bodent-rschlie-er-2824-5050640034922_E0001021.jpg","datePublished":"2026-04-03T23:19:40+00:00","description":"Starker Bodent\u00fcrschlie\u00dfer f\u00fcr ein- oder zweifl\u00fcgelige T\u00fcren.","breadcrumb":{"@id":"https:\/\/axahomesecurity.com\/de\/produkte\/bodenturschlieser-2824\/#breadcrumb"},"inLanguage":"en-US","potentialAction":[{"@type":"ReadAction","target":["https:\/\/axahomesecurity.com\/de\/produkte\/bodenturschlieser-2824\/"]}]},{"@type":"ImageObject","inLanguage":"en-US","@id":"https:\/\/axahomesecurity.com\/de\/produkte\/bodenturschlieser-2824\/#primaryimage","url":"https:\/\/axahomesecurity.com\/de\/wp-content\/uploads\/sites\/31\/2024\/08\/foto-7br2824ss-bodent-rschlie-er-2824-5050640034922_E0001021.jpg","contentUrl":"https:\/\/axahomesecurity.com\/de\/wp-content\/uploads\/sites\/31\/2024\/08\/foto-7br2824ss-bodent-rschlie-er-2824-5050640034922_E0001021.jpg","width":1181,"height":1181},{"@type":"BreadcrumbList","@id":"https:\/\/axahomesecurity.com\/de\/produkte\/bodenturschlieser-2824\/#breadcrumb","itemListElement":[{"@type":"ListItem","position":1,"name":"house","item":"https:\/\/axahomesecurity.com\/de\/"},{"@type":"ListItem","position":2,"name":"Produkte","item":"https:\/\/axahomesecurity.com\/de\/produkte\/"},{"@type":"ListItem","position":3,"name":"Bodent\u00fcrschlie\u00dfer 2824"}]},{"@type":"WebSite","@id":"https:\/\/axahomesecurity.com\/de\/#website","url":"https:\/\/axahomesecurity.com\/de\/","name":"AXA Home","description":"","potentialAction":[{"@type":"SearchAction","target":{"@type":"EntryPoint","urlTemplate":"https:\/\/axahomesecurity.com\/de\/?s={search_term_string}"},"query-input":{"@type":"PropertyValueSpecification","valueRequired":true,"valueName":"search_term_string"}}],"inLanguage":"en-US"}]}},"jetpack_sharing_enabled":true,"_links":{"self":[{"href":"https:\/\/axahomesecurity.com\/de\/wp-json\/wp\/v2\/product\/36357","targetHints":{"allow":["GET"]}}],"collection":[{"href":"https:\/\/axahomesecurity.com\/de\/wp-json\/wp\/v2\/product"}],"about":[{"href":"https:\/\/axahomesecurity.com\/de\/wp-json\/wp\/v2\/types\/product"}],"replies":[{"embeddable":true,"href":"https:\/\/axahomesecurity.com\/de\/wp-json\/wp\/v2\/comments?post=36357"}],"wp:featuredmedia":[{"embeddable":true,"href":"https:\/\/axahomesecurity.com\/de\/wp-json\/wp\/v2\/media\/82592"}],"wp:attachment":[{"href":"https:\/\/axahomesecurity.com\/de\/wp-json\/wp\/v2\/media?parent=36357"}],"wp:term":[{"taxonomy":"product_brand","embeddable":true,"href":"https:\/\/axahomesecurity.com\/de\/wp-json\/wp\/v2\/product_brand?post=36357"},{"taxonomy":"product_cat","embeddable":true,"href":"https:\/\/axahomesecurity.com\/de\/wp-json\/wp\/v2\/product_cat?post=36357"},{"taxonomy":"product_tag","embeddable":true,"href":"https:\/\/axahomesecurity.com\/de\/wp-json\/wp\/v2\/product_tag?post=36357"}],"curies":[{"name":"wp","href":"https:\/\/api.w.org\/{rel}","templated":true}]}}