{"id":24427,"date":"2026-03-29T02:20:08","date_gmt":"2026-03-29T02:20:08","guid":{"rendered":"http:\/\/axahomesecurity.com\/de\/product\/veiligheidssluitkom-5\/"},"modified":"2026-03-29T02:20:08","modified_gmt":"2026-03-29T02:20:08","slug":"sicherheitsschliesplatte-7415-pz55","status":"publish","type":"product","link":"https:\/\/axahomesecurity.com\/de\/produkte\/sicherheitsschliesplatte-7415-pz55\/","title":{"rendered":"Sicherheitsschlie\u00dfplatte 7415 PZ55"},"content":{"rendered":"","protected":false},"excerpt":{"rendered":"","protected":false},"featured_media":82102,"comment_status":"closed","ping_status":"closed","template":"","meta":{"_acf_changed":false,"_trash_the_other_posts":false},"product_brand":[],"product_cat":[25600,25636,25785],"product_tag":[],"class_list":{"0":"post-24427","1":"product","2":"type-product","3":"status-publish","4":"has-post-thumbnail","6":"product_cat-schliessplatter-sicherheits-tursteckschloss-317","7":"product_cat-schliessplatter-sicherheits-tursteckschloss-344","8":"product_cat-schliessplatter-turschloss-578","10":"first","11":"instock","12":"shipping-taxable","13":"product-type-variable"},"acf":[],"yoast_head":"<!-- This site is optimized with the Yoast SEO plugin v27.4 - https:\/\/yoast.com\/product\/yoast-seo-wordpress\/ -->\n<title>Sicherheitsschlie\u00dfplatte 7415 PZ55 - AXA Home Security \ud83c\udde9\ud83c\uddea<\/title>\n<meta name=\"description\" content=\"Ein breites Sortiment mit Sicherheitst\u00fcrschl\u00f6ssern von AXA macht es m\u00f6glich, Ihr Haus optimal abzusichern.\" \/>\n<meta name=\"robots\" content=\"index, follow, max-snippet:-1, max-image-preview:large, max-video-preview:-1\" \/>\n<link rel=\"canonical\" href=\"https:\/\/axahomesecurity.com\/de\/produkte\/sicherheitsschliesplatte-7415-pz55\/\" \/>\n<meta property=\"og:locale\" content=\"en_US\" \/>\n<meta property=\"og:type\" content=\"article\" \/>\n<meta property=\"og:title\" content=\"Sicherheitsschlie\u00dfplatte 7415 PZ55 - AXA Home Security \ud83c\udde9\ud83c\uddea\" \/>\n<meta property=\"og:description\" content=\"Ein breites Sortiment mit Sicherheitst\u00fcrschl\u00f6ssern von AXA macht es m\u00f6glich, Ihr Haus optimal abzusichern.\" \/>\n<meta property=\"og:url\" content=\"https:\/\/axahomesecurity.com\/de\/produkte\/sicherheitsschliesplatte-7415-pz55\/\" \/>\n<meta property=\"og:site_name\" content=\"AXA Home Security \ud83c\udde9\ud83c\uddea\" \/>\n<meta property=\"og:image\" content=\"https:\/\/axahomesecurity.com\/de\/wp-content\/uploads\/sites\/31\/2024\/08\/foto-7415356655e-sicherheitsschlie-platte-7415-pz55-8713249169842_E0006344.jpg\" \/>\n\t<meta property=\"og:image:width\" content=\"1181\" \/>\n\t<meta property=\"og:image:height\" content=\"1181\" \/>\n\t<meta property=\"og:image:type\" content=\"image\/jpeg\" \/>\n<meta name=\"twitter:card\" content=\"summary_large_image\" \/>\n<script type=\"application\/ld+json\" class=\"yoast-schema-graph\">{\"@context\":\"https:\\\/\\\/schema.org\",\"@graph\":[{\"@type\":\"WebPage\",\"@id\":\"https:\\\/\\\/axahomesecurity.com\\\/de\\\/produkte\\\/sicherheitsschliesplatte-7415-pz55\\\/\",\"url\":\"https:\\\/\\\/axahomesecurity.com\\\/de\\\/produkte\\\/sicherheitsschliesplatte-7415-pz55\\\/\",\"name\":\"Sicherheitsschlie\u00dfplatte 7415 PZ55 - AXA Home Security \ud83c\udde9\ud83c\uddea\",\"isPartOf\":{\"@id\":\"https:\\\/\\\/axahomesecurity.com\\\/de\\\/#website\"},\"primaryImageOfPage\":{\"@id\":\"https:\\\/\\\/axahomesecurity.com\\\/de\\\/produkte\\\/sicherheitsschliesplatte-7415-pz55\\\/#primaryimage\"},\"image\":{\"@id\":\"https:\\\/\\\/axahomesecurity.com\\\/de\\\/produkte\\\/sicherheitsschliesplatte-7415-pz55\\\/#primaryimage\"},\"thumbnailUrl\":\"https:\\\/\\\/axahomesecurity.com\\\/de\\\/wp-content\\\/uploads\\\/sites\\\/31\\\/2024\\\/08\\\/foto-7415356655e-sicherheitsschlie-platte-7415-pz55-8713249169842_E0006344.jpg\",\"datePublished\":\"2026-03-29T02:20:08+00:00\",\"description\":\"Ein breites Sortiment mit Sicherheitst\u00fcrschl\u00f6ssern von AXA macht es m\u00f6glich, Ihr Haus optimal abzusichern.\",\"breadcrumb\":{\"@id\":\"https:\\\/\\\/axahomesecurity.com\\\/de\\\/produkte\\\/sicherheitsschliesplatte-7415-pz55\\\/#breadcrumb\"},\"inLanguage\":\"en-US\",\"potentialAction\":[{\"@type\":\"ReadAction\",\"target\":[\"https:\\\/\\\/axahomesecurity.com\\\/de\\\/produkte\\\/sicherheitsschliesplatte-7415-pz55\\\/\"]}]},{\"@type\":\"ImageObject\",\"inLanguage\":\"en-US\",\"@id\":\"https:\\\/\\\/axahomesecurity.com\\\/de\\\/produkte\\\/sicherheitsschliesplatte-7415-pz55\\\/#primaryimage\",\"url\":\"https:\\\/\\\/axahomesecurity.com\\\/de\\\/wp-content\\\/uploads\\\/sites\\\/31\\\/2024\\\/08\\\/foto-7415356655e-sicherheitsschlie-platte-7415-pz55-8713249169842_E0006344.jpg\",\"contentUrl\":\"https:\\\/\\\/axahomesecurity.com\\\/de\\\/wp-content\\\/uploads\\\/sites\\\/31\\\/2024\\\/08\\\/foto-7415356655e-sicherheitsschlie-platte-7415-pz55-8713249169842_E0006344.jpg\",\"width\":1181,\"height\":1181},{\"@type\":\"BreadcrumbList\",\"@id\":\"https:\\\/\\\/axahomesecurity.com\\\/de\\\/produkte\\\/sicherheitsschliesplatte-7415-pz55\\\/#breadcrumb\",\"itemListElement\":[{\"@type\":\"ListItem\",\"position\":1,\"name\":\"house\",\"item\":\"https:\\\/\\\/axahomesecurity.com\\\/de\\\/\"},{\"@type\":\"ListItem\",\"position\":2,\"name\":\"Produkte\",\"item\":\"https:\\\/\\\/axahomesecurity.com\\\/de\\\/produkte\\\/\"},{\"@type\":\"ListItem\",\"position\":3,\"name\":\"Sicherheitsschlie\u00dfplatte 7415 PZ55\"}]},{\"@type\":\"WebSite\",\"@id\":\"https:\\\/\\\/axahomesecurity.com\\\/de\\\/#website\",\"url\":\"https:\\\/\\\/axahomesecurity.com\\\/de\\\/\",\"name\":\"AXA Home\",\"description\":\"\",\"potentialAction\":[{\"@type\":\"SearchAction\",\"target\":{\"@type\":\"EntryPoint\",\"urlTemplate\":\"https:\\\/\\\/axahomesecurity.com\\\/de\\\/?s={search_term_string}\"},\"query-input\":{\"@type\":\"PropertyValueSpecification\",\"valueRequired\":true,\"valueName\":\"search_term_string\"}}],\"inLanguage\":\"en-US\"}]}<\/script>\n<!-- \/ Yoast SEO plugin. -->","yoast_head_json":{"title":"Sicherheitsschlie\u00dfplatte 7415 PZ55 - AXA Home Security \ud83c\udde9\ud83c\uddea","description":"Ein breites Sortiment mit Sicherheitst\u00fcrschl\u00f6ssern von AXA macht es m\u00f6glich, Ihr Haus optimal abzusichern.","robots":{"index":"index","follow":"follow","max-snippet":"max-snippet:-1","max-image-preview":"max-image-preview:large","max-video-preview":"max-video-preview:-1"},"canonical":"https:\/\/axahomesecurity.com\/de\/produkte\/sicherheitsschliesplatte-7415-pz55\/","og_locale":"en_US","og_type":"article","og_title":"Sicherheitsschlie\u00dfplatte 7415 PZ55 - AXA Home Security \ud83c\udde9\ud83c\uddea","og_description":"Ein breites Sortiment mit Sicherheitst\u00fcrschl\u00f6ssern von AXA macht es m\u00f6glich, Ihr Haus optimal abzusichern.","og_url":"https:\/\/axahomesecurity.com\/de\/produkte\/sicherheitsschliesplatte-7415-pz55\/","og_site_name":"AXA Home Security \ud83c\udde9\ud83c\uddea","og_image":[{"width":1181,"height":1181,"url":"https:\/\/axahomesecurity.com\/de\/wp-content\/uploads\/sites\/31\/2024\/08\/foto-7415356655e-sicherheitsschlie-platte-7415-pz55-8713249169842_E0006344.jpg","type":"image\/jpeg"}],"twitter_card":"summary_large_image","schema":{"@context":"https:\/\/schema.org","@graph":[{"@type":"WebPage","@id":"https:\/\/axahomesecurity.com\/de\/produkte\/sicherheitsschliesplatte-7415-pz55\/","url":"https:\/\/axahomesecurity.com\/de\/produkte\/sicherheitsschliesplatte-7415-pz55\/","name":"Sicherheitsschlie\u00dfplatte 7415 PZ55 - AXA Home Security \ud83c\udde9\ud83c\uddea","isPartOf":{"@id":"https:\/\/axahomesecurity.com\/de\/#website"},"primaryImageOfPage":{"@id":"https:\/\/axahomesecurity.com\/de\/produkte\/sicherheitsschliesplatte-7415-pz55\/#primaryimage"},"image":{"@id":"https:\/\/axahomesecurity.com\/de\/produkte\/sicherheitsschliesplatte-7415-pz55\/#primaryimage"},"thumbnailUrl":"https:\/\/axahomesecurity.com\/de\/wp-content\/uploads\/sites\/31\/2024\/08\/foto-7415356655e-sicherheitsschlie-platte-7415-pz55-8713249169842_E0006344.jpg","datePublished":"2026-03-29T02:20:08+00:00","description":"Ein breites Sortiment mit Sicherheitst\u00fcrschl\u00f6ssern von AXA macht es m\u00f6glich, Ihr Haus optimal abzusichern.","breadcrumb":{"@id":"https:\/\/axahomesecurity.com\/de\/produkte\/sicherheitsschliesplatte-7415-pz55\/#breadcrumb"},"inLanguage":"en-US","potentialAction":[{"@type":"ReadAction","target":["https:\/\/axahomesecurity.com\/de\/produkte\/sicherheitsschliesplatte-7415-pz55\/"]}]},{"@type":"ImageObject","inLanguage":"en-US","@id":"https:\/\/axahomesecurity.com\/de\/produkte\/sicherheitsschliesplatte-7415-pz55\/#primaryimage","url":"https:\/\/axahomesecurity.com\/de\/wp-content\/uploads\/sites\/31\/2024\/08\/foto-7415356655e-sicherheitsschlie-platte-7415-pz55-8713249169842_E0006344.jpg","contentUrl":"https:\/\/axahomesecurity.com\/de\/wp-content\/uploads\/sites\/31\/2024\/08\/foto-7415356655e-sicherheitsschlie-platte-7415-pz55-8713249169842_E0006344.jpg","width":1181,"height":1181},{"@type":"BreadcrumbList","@id":"https:\/\/axahomesecurity.com\/de\/produkte\/sicherheitsschliesplatte-7415-pz55\/#breadcrumb","itemListElement":[{"@type":"ListItem","position":1,"name":"house","item":"https:\/\/axahomesecurity.com\/de\/"},{"@type":"ListItem","position":2,"name":"Produkte","item":"https:\/\/axahomesecurity.com\/de\/produkte\/"},{"@type":"ListItem","position":3,"name":"Sicherheitsschlie\u00dfplatte 7415 PZ55"}]},{"@type":"WebSite","@id":"https:\/\/axahomesecurity.com\/de\/#website","url":"https:\/\/axahomesecurity.com\/de\/","name":"AXA Home","description":"","potentialAction":[{"@type":"SearchAction","target":{"@type":"EntryPoint","urlTemplate":"https:\/\/axahomesecurity.com\/de\/?s={search_term_string}"},"query-input":{"@type":"PropertyValueSpecification","valueRequired":true,"valueName":"search_term_string"}}],"inLanguage":"en-US"}]}},"jetpack_sharing_enabled":true,"_links":{"self":[{"href":"https:\/\/axahomesecurity.com\/de\/wp-json\/wp\/v2\/product\/24427","targetHints":{"allow":["GET"]}}],"collection":[{"href":"https:\/\/axahomesecurity.com\/de\/wp-json\/wp\/v2\/product"}],"about":[{"href":"https:\/\/axahomesecurity.com\/de\/wp-json\/wp\/v2\/types\/product"}],"replies":[{"embeddable":true,"href":"https:\/\/axahomesecurity.com\/de\/wp-json\/wp\/v2\/comments?post=24427"}],"wp:featuredmedia":[{"embeddable":true,"href":"https:\/\/axahomesecurity.com\/de\/wp-json\/wp\/v2\/media\/82102"}],"wp:attachment":[{"href":"https:\/\/axahomesecurity.com\/de\/wp-json\/wp\/v2\/media?parent=24427"}],"wp:term":[{"taxonomy":"product_brand","embeddable":true,"href":"https:\/\/axahomesecurity.com\/de\/wp-json\/wp\/v2\/product_brand?post=24427"},{"taxonomy":"product_cat","embeddable":true,"href":"https:\/\/axahomesecurity.com\/de\/wp-json\/wp\/v2\/product_cat?post=24427"},{"taxonomy":"product_tag","embeddable":true,"href":"https:\/\/axahomesecurity.com\/de\/wp-json\/wp\/v2\/product_tag?post=24427"}],"curies":[{"name":"wp","href":"https:\/\/api.w.org\/{rel}","templated":true}]}}