{"id":15833,"date":"2024-04-30T11:59:18","date_gmt":"2024-04-30T11:59:18","guid":{"rendered":"https:\/\/axahomesecurity.com\/de\/?page_id=15833"},"modified":"2026-04-13T10:19:41","modified_gmt":"2026-04-13T10:19:41","slug":"mission-und-vision","status":"publish","type":"page","link":"https:\/\/axahomesecurity.com\/de\/mission-und-vision\/","title":{"rendered":"Mission und vision"},"content":{"rendered":"<section id=\"\" class=\"relative after:w-full after:h-full after:top-0 after:left-0 after:bg-[rgba(0,0,0,0.35)] after:absolute   !pt-[96px] is-layout-flex wp-block-acf-hero-is-layout-flex\" style=\"padding-top:16px; padding-bottom:136px; color: var(--wp--preset--color--font); \">\n\n\t\t\t\t<img loading=\"lazy\" decoding=\"async\" width=\"2000\" height=\"600\" src=\"https:\/\/axahomesecurity.com\/de\/wp-content\/uploads\/sites\/31\/2024\/04\/AXA230424-over-ons-geschiedenis-payoff-home-banner-hero-2000x600-1.jpg?w=2000\" class=\"w-full h-full absolute top-0 left-0 object-cover \" alt=\"\" srcset=\"https:\/\/axahomesecurity.com\/de\/wp-content\/uploads\/sites\/31\/2024\/04\/AXA230424-over-ons-geschiedenis-payoff-home-banner-hero-2000x600-1.jpg 2000w, https:\/\/axahomesecurity.com\/de\/wp-content\/uploads\/sites\/31\/2024\/04\/AXA230424-over-ons-geschiedenis-payoff-home-banner-hero-2000x600-1.jpg?resize=512,154 512w, https:\/\/axahomesecurity.com\/de\/wp-content\/uploads\/sites\/31\/2024\/04\/AXA230424-over-ons-geschiedenis-payoff-home-banner-hero-2000x600-1.jpg?resize=768,230 768w, https:\/\/axahomesecurity.com\/de\/wp-content\/uploads\/sites\/31\/2024\/04\/AXA230424-over-ons-geschiedenis-payoff-home-banner-hero-2000x600-1.jpg?resize=1536,461 1536w, https:\/\/axahomesecurity.com\/de\/wp-content\/uploads\/sites\/31\/2024\/04\/AXA230424-over-ons-geschiedenis-payoff-home-banner-hero-2000x600-1.jpg?resize=1440,432 1440w, https:\/\/axahomesecurity.com\/de\/wp-content\/uploads\/sites\/31\/2024\/04\/AXA230424-over-ons-geschiedenis-payoff-home-banner-hero-2000x600-1.jpg?resize=600,180 600w\" sizes=\"auto, (max-width: 2000px) 100vw, 2000px\" data-ot-ignore=\"\" \/>\n\t\n\t\n\t<div class=\"relative container z-10\">\n\n\t\t<div class=\"relative w-full lg:w-6\/12\">\n\t\t\t<div class=\"content text-white    \">\n\t\t\t\t    <h1 class=\"\">Mission und Vison<\/h1>\n\t\t    <div class=\"text-white\">\n        <p>Bei AXA Home Security sind unsere Fahrer tief verwurzelt in unserer Leidenschaft f\u00fcr Sicherheit und Seelenfrieden. Wir wissen, dass es von unsch\u00e4tzbarem Wert ist, das zu sch\u00fctzen, was wirklich wichtig ist, wie unser Zuhause, unsere Familien und unser Eigentum.<\/p>\n\n    <\/div>\n\t<\/div>\n\t\t<\/div>\n\n\t<\/div>\n<\/section>\n\n\n<section id=\"\" class=\"\" style=\"padding-top:var(--wp--preset--spacing--40); padding-bottom:var(--wp--preset--spacing--40); margin-top:var(--wp--preset--spacing--40); margin-bottom:var(--wp--preset--spacing--40); color: var(--wp--preset--color--font); \">\n\t<div class=\"container\">\n\t\t<div class=\"content     \">\n\t    <span class=\"text-subtitle mb-2 block text-secondary \">WORAN WIR GLAUBEN UND WAS WIR ERREICHEN WOLLEN<\/span>\n\t\t\t\t\t    <div class=\"\">\n        <p>Auf dem Markt, auf dem wir t\u00e4tig sind, tut sich viel. Die Digitalisierung erm\u00f6glicht es uns, intelligenter zusammenzuarbeiten und intelligentere Produkte herzustellen. Wir wollen auch immer nachhaltiger und damit anders leben, arbeiten und wohnen. <strong>Was sich nicht \u00e4ndert, ist das Bed\u00fcrfnis nach Sicherheit und Komfort<\/strong>.<\/p>\n<p>Organisatorisch haben wir uns von einem hierarchischen Familienunternehmen, in dem die Produktion im Vordergrund stand, zu einer marktorientierten Organisation mit einer lockeren Atmosph\u00e4re entwickelt, in der die Bed\u00fcrfnisse der Kunden an erster Stelle stehen. Und das alles mit dem Ziel, die Niederlande jeden Tag ein bisschen sicherer zu machen.<\/p>\n<p>Unsere Slogans: <em>AXA macht die Welt sicherer<\/em> \/ <em>Gemeinsam machen wir die Welt sicherer!<\/em><\/p>\n\n    <\/div>\n\t\t<div class=\"flex flex-wrap gap-4 md:gap-6 \">\n\t\t\t\t\t\t\n\t<a href=\"https:\/\/axahomesecurity.com\/de\/about-us\/geschichte\/\" class=\"btn  btn--solid flex-row-reverse\" target=\"_blank\">\n\t\t\t\t\t\t\t        <div class=\"h-6 w-6 text-[24px] color: var(--wp--preset--color--font); flex justify-center items-center \">\n        <span class=\"material-symbols-rounded\">open_in_new<\/span>\n    <\/div>\n\t\t\t\tMehr \u00fcber AXA\n\t<\/a>\n\t\t\t<\/div>\n\n<\/div>\n\t<\/div>\n<\/section>\n\n\n<section id=\"\" class=\"is-layout-flex wp-block-acf-content-image-is-layout-flex\" style=\"padding-top:var(--wp--preset--spacing--40); padding-bottom:var(--wp--preset--spacing--40); margin-top:var(--wp--preset--spacing--40); margin-bottom:var(--wp--preset--spacing--40); color: var(--wp--preset--color--font); \">\n\t<div class=\"container\">\n\n\t\t<div class=\"flex flex-col gap-10 lg:gap-0 lg:flex-row relative justify-start items-center justify-start \">\n\n\t\t\t<div class=\"w-full md:w-7\/12\">\n\t\t\t\t\t<img loading=\"lazy\" decoding=\"async\" width=\"1024\" height=\"600\" src=\"https:\/\/axahomesecurity.com\/de\/wp-content\/uploads\/sites\/31\/2024\/04\/AXA230424-over-ons-merk-axa-home-gerrit-banner-image-1024x600-1.jpg?w=1024\" class=\"w-full rounded \" alt=\"\" srcset=\"https:\/\/axahomesecurity.com\/de\/wp-content\/uploads\/sites\/31\/2024\/04\/AXA230424-over-ons-merk-axa-home-gerrit-banner-image-1024x600-1.jpg 1024w, https:\/\/axahomesecurity.com\/de\/wp-content\/uploads\/sites\/31\/2024\/04\/AXA230424-over-ons-merk-axa-home-gerrit-banner-image-1024x600-1.jpg?resize=512,300 512w, https:\/\/axahomesecurity.com\/de\/wp-content\/uploads\/sites\/31\/2024\/04\/AXA230424-over-ons-merk-axa-home-gerrit-banner-image-1024x600-1.jpg?resize=768,450 768w, https:\/\/axahomesecurity.com\/de\/wp-content\/uploads\/sites\/31\/2024\/04\/AXA230424-over-ons-merk-axa-home-gerrit-banner-image-1024x600-1.jpg?resize=600,352 600w\" sizes=\"auto, (max-width: 1024px) 100vw, 1024px\" data-ot-ignore=\"\" \/>\n\t\t\t<\/div>\n\n\t\t\t<div class=\"w-full md:w-6\/12 lg:absolute top-1\/2 lg:-translate-y-1\/2 bg-white py-10 pl-9 pr-7 shadow-contentcard rounded-[2px] right-0\">\n\t\t\t\t<div class=\"content [&amp;_p]:text-[18px]    \">\n\t\t\t\t\t\t\t    <h3 id=\"block_acf-block-69dcc33dbc0c30.37007076\" class=\"\">AXA setzt den Standard<\/h3>\n\t\t\t    <div class=\"[&amp;_p]:text-[18px]\">\n        <p>Wir glauben, dass jeder Mensch ein Recht auf <em>Sicherheit <\/em>und <em>Komfort<\/em> hat. Jetzt und in Zukunft. Deshalb nutzen wir mehr als 120 Jahre Erfahrung, um innovative, allgemein zug\u00e4ngliche L\u00f6sungen f\u00fcr das \u00d6ffnen und Schlie\u00dfen von Fenstern und T\u00fcren zu entwickeln. Mit dem Ziel, den Standard in Qualit\u00e4t, Sicherheit und Komfort zu setzen.<\/p>\n\n    <\/div>\n\t<\/div>\n\t\t\t<\/div>\n\n\t\t<\/div>\n\n\t<\/div>\n<\/section>\n\n\n<section id=\"\" class=\"is-layout-flex wp-block-acf-content-image-is-layout-flex\" style=\"padding-top:var(--wp--preset--spacing--40); padding-bottom:var(--wp--preset--spacing--40); margin-top:var(--wp--preset--spacing--40); margin-bottom:var(--wp--preset--spacing--40); color: var(--wp--preset--color--font); \">\n\t<div class=\"container\">\n\n\t\t<div class=\"flex flex-col gap-10 lg:gap-0 lg:flex-row relative justify-end items-center justify-start \">\n\n\t\t\t<div class=\"w-full md:w-7\/12\">\n\t\t\t\t\t<div class=\"rounded-[2px] overflow-hidden\">\n\t\t\t\t<img loading=\"lazy\" decoding=\"async\" width=\"1024\" height=\"470\" src=\"https:\/\/axahomesecurity.com\/de\/wp-content\/uploads\/sites\/31\/2024\/04\/AXA230424-homepage-news-1024x470px-april.jpg?w=1024\" class=\"w-full media-cutoff--reverse \" alt=\"\" srcset=\"https:\/\/axahomesecurity.com\/de\/wp-content\/uploads\/sites\/31\/2024\/04\/AXA230424-homepage-news-1024x470px-april.jpg 1024w, https:\/\/axahomesecurity.com\/de\/wp-content\/uploads\/sites\/31\/2024\/04\/AXA230424-homepage-news-1024x470px-april.jpg?resize=512,235 512w, https:\/\/axahomesecurity.com\/de\/wp-content\/uploads\/sites\/31\/2024\/04\/AXA230424-homepage-news-1024x470px-april.jpg?resize=768,353 768w, https:\/\/axahomesecurity.com\/de\/wp-content\/uploads\/sites\/31\/2024\/04\/AXA230424-homepage-news-1024x470px-april.jpg?resize=600,275 600w\" sizes=\"auto, (max-width: 1024px) 100vw, 1024px\" data-ot-ignore=\"\" \/>\n\t<\/div>\n\t\t\t<\/div>\n\n\t\t\t<div class=\"w-full md:w-6\/12 lg:absolute top-1\/2 lg:-translate-y-1\/2 bg-white py-10 pl-9 pr-7 shadow-contentcard rounded-[2px] left-0\">\n\t\t\t\t<div class=\"content [&amp;_p]:text-[18px]    \">\n\t\t\t\t\t\t\t    <h3 id=\"block_acf-block-69dcc33dbc0f78.10706867\" class=\"\">Stets sorgenfrei<\/h3>\n\t\t\t    <div class=\"[&amp;_p]:text-[18px]\">\n        <p>AXA steht f\u00fcr sorgloses Ein- und Aussteigen. <em>Wer AXA benutzt, wei\u00df, dass es gut ist<\/em>. Unsere Kunden k\u00f6nnen sich auf eine grundsolide Qualit\u00e4t verlassen, hinter der mehr als 120 Jahre Erfahrung stehen. Der professionelle Kunde hat die Sicherheit einer starken und \u00e4u\u00dferst stabilen Marke, die der Markt verlangt. Der Endverbraucher kann ein garantiert sicheres Zuhause und lebenslangen Komfort ohne Sorgen genie\u00dfen.<\/p>\n\n    <\/div>\n\t<\/div>\n\t\t\t<\/div>\n\n\t\t<\/div>\n\n\t<\/div>\n<\/section>\n\n\n<section id=\"\" class=\"is-layout-flex wp-block-acf-content-image-is-layout-flex\" style=\"padding-top:var(--wp--preset--spacing--40); padding-bottom:var(--wp--preset--spacing--40); margin-top:var(--wp--preset--spacing--40); margin-bottom:var(--wp--preset--spacing--40); color: var(--wp--preset--color--font); \">\n\t<div class=\"container\">\n\n\t\t<div class=\"flex flex-col gap-10 lg:gap-0 lg:flex-row relative justify-start items-center justify-start \">\n\n\t\t\t<div class=\"w-full md:w-7\/12\">\n\t\t\t\t\t<div class=\"rounded-[2px] overflow-hidden\">\n\t\t\t\t<img loading=\"lazy\" decoding=\"async\" width=\"1024\" height=\"600\" src=\"https:\/\/axahomesecurity.com\/de\/wp-content\/uploads\/sites\/31\/2024\/04\/AXA230424-over-ons-geschiedenis-fabriek-nieuw-2-home-banner-image-1024x600-1.jpg?w=1024\" class=\"w-full media-cutoff \" alt=\"\" srcset=\"https:\/\/axahomesecurity.com\/de\/wp-content\/uploads\/sites\/31\/2024\/04\/AXA230424-over-ons-geschiedenis-fabriek-nieuw-2-home-banner-image-1024x600-1.jpg 1024w, https:\/\/axahomesecurity.com\/de\/wp-content\/uploads\/sites\/31\/2024\/04\/AXA230424-over-ons-geschiedenis-fabriek-nieuw-2-home-banner-image-1024x600-1.jpg?resize=512,300 512w, https:\/\/axahomesecurity.com\/de\/wp-content\/uploads\/sites\/31\/2024\/04\/AXA230424-over-ons-geschiedenis-fabriek-nieuw-2-home-banner-image-1024x600-1.jpg?resize=768,450 768w, https:\/\/axahomesecurity.com\/de\/wp-content\/uploads\/sites\/31\/2024\/04\/AXA230424-over-ons-geschiedenis-fabriek-nieuw-2-home-banner-image-1024x600-1.jpg?resize=600,352 600w\" sizes=\"auto, (max-width: 1024px) 100vw, 1024px\" data-ot-ignore=\"\" \/>\n\t<\/div>\n\t\t\t<\/div>\n\n\t\t\t<div class=\"w-full md:w-6\/12 lg:absolute top-1\/2 lg:-translate-y-1\/2 bg-white py-10 pl-9 pr-7 shadow-contentcard rounded-[2px] right-0\">\n\t\t\t\t<div class=\"content [&amp;_p]:text-[18px]    \">\n\t\t\t\t\t\t\t    <h3 id=\"block_acf-block-69dcc33dbc3b24.53940664\" class=\"\">F\u00fcrs Leben gemacht<\/h3>\n\t\t\t    <div class=\"[&amp;_p]:text-[18px]\">\n        <p>AXA Home Security ist eine Marke, auf die Sie stolz sein k\u00f6nnen! Wir versprechen L\u00f6sungen <em>f\u00fcrs Leben<\/em>, indem wir hochwertige und solide Produkte entwickeln, die ein Leben lang Sicherheit und Komfort bieten. Um unser Versprechen zu erf\u00fcllen, h\u00f6ren wir den Verarbeitern und Endverbrauchern genau zu und sind ein Sparringspartner f\u00fcr unsere Gesch\u00e4ftskunden. Auf diese Weise erforschen wir gemeinsam den Markt und AXA kann weiterhin innovativ sein.<\/p>\n\n    <\/div>\n\t\t<div class=\"flex flex-wrap gap-4 md:gap-6 mt-6\">\n\t\t\t\t\t\n\t<a href=\"https:\/\/axahomesecurity.com\/de\/product-category\/andere-produkte-264\/\" class=\"btn mt-6 btn--solid \" target=\"_self\">\n\t\t\t\t\t\tAlle Produkte!\n\t<\/a>\n\t\t\t<\/div>\n\n<\/div>\n\t\t\t<\/div>\n\n\t\t<\/div>\n\n\t<\/div>\n<\/section>\n\n\n<section id=\"\" class=\"is-layout-flex wp-block-acf-content-image-is-layout-flex\" style=\"padding-top:var(--wp--preset--spacing--80); padding-bottom:var(--wp--preset--spacing--80); color: var(--wp--preset--color--font); \">\n\t<div class=\"container\">\n\n\t\t<div class=\"flex flex-col gap-10 lg:gap-0 lg:flex-row relative justify-end items-center justify-start \">\n\n\t\t\t<div class=\"w-full md:w-7\/12\">\n\t\t\t\t\t<img loading=\"lazy\" decoding=\"async\" width=\"1024\" height=\"600\" src=\"https:\/\/axahomesecurity.com\/de\/wp-content\/uploads\/sites\/31\/2024\/04\/AXA230424-over-ons-geschiedenis-fabriek-oud-scharnierenbank-home-banner-image-1024x600-1.jpg?w=1024\" class=\"w-full rounded \" alt=\"\" srcset=\"https:\/\/axahomesecurity.com\/de\/wp-content\/uploads\/sites\/31\/2024\/04\/AXA230424-over-ons-geschiedenis-fabriek-oud-scharnierenbank-home-banner-image-1024x600-1.jpg 1024w, https:\/\/axahomesecurity.com\/de\/wp-content\/uploads\/sites\/31\/2024\/04\/AXA230424-over-ons-geschiedenis-fabriek-oud-scharnierenbank-home-banner-image-1024x600-1.jpg?resize=512,300 512w, https:\/\/axahomesecurity.com\/de\/wp-content\/uploads\/sites\/31\/2024\/04\/AXA230424-over-ons-geschiedenis-fabriek-oud-scharnierenbank-home-banner-image-1024x600-1.jpg?resize=768,450 768w, https:\/\/axahomesecurity.com\/de\/wp-content\/uploads\/sites\/31\/2024\/04\/AXA230424-over-ons-geschiedenis-fabriek-oud-scharnierenbank-home-banner-image-1024x600-1.jpg?resize=600,352 600w\" sizes=\"auto, (max-width: 1024px) 100vw, 1024px\" data-ot-ignore=\"\" \/>\n\t\t\t<\/div>\n\n\t\t\t<div class=\"w-full md:w-6\/12 lg:absolute top-1\/2 lg:-translate-y-1\/2 bg-white py-10 pl-9 pr-7 shadow-contentcard rounded-[2px] left-0\">\n\t\t\t\t<div class=\"content [&amp;_p]:text-[18px]    \">\n\t\t\t\t\t\t\t    <h3 id=\"block_acf-block-69dcc33dbc3e92.03452509\" class=\"\">Niederl\u00e4ndisches Produktionsunternehmen mit mehr als 120 Jahren Erfahrung und einem felsenfesten Ruf<\/h3>\n\t\t\t    <div class=\"[&amp;_p]:text-[18px]\">\n        <p>AXA stellt seit 1902 Beschl\u00e4ge her. Mehr als 120 Jahre Wissen und Erfahrung sind in unsere DNA eingewoben. Wir glauben an Qualit\u00e4tsprodukte, die von qualifizierten Mitarbeitern in unseren eigenen Produktionsst\u00e4tten (in den Niederlanden und Polen) hergestellt werden. Auf diese Weise haben wir den gr\u00f6\u00dften Einfluss auf das beste Ergebnis!<\/p>\n\n    <\/div>\n\t<\/div>\n\t\t\t<\/div>\n\n\t\t<\/div>\n\n\t<\/div>\n<\/section>\n","protected":false},"excerpt":{"rendered":"","protected":false},"author":19,"featured_media":0,"parent":0,"menu_order":0,"comment_status":"closed","ping_status":"closed","template":"","meta":{"_acf_changed":true,"_trash_the_other_posts":false,"footnotes":""},"class_list":["post-15833","page","type-page","status-publish","hentry"],"acf":[],"yoast_head":"<!-- This site is optimized with the Yoast SEO plugin v27.1.1 - https:\/\/yoast.com\/product\/yoast-seo-wordpress\/ -->\n<title>Missie en visie - AXA Home Security<\/title>\n<meta name=\"description\" content=\"Samen zetten we ons dagelijks in om wonend Nederland een stukje veiliger te maken. Dit is de missie van AXA Home Security!\" \/>\n<meta name=\"robots\" content=\"index, follow, max-snippet:-1, max-image-preview:large, max-video-preview:-1\" \/>\n<link rel=\"canonical\" href=\"https:\/\/axahomesecurity.com\/de\/mission-und-vision\/\" \/>\n<meta property=\"og:locale\" content=\"en_US\" \/>\n<meta property=\"og:type\" content=\"article\" \/>\n<meta property=\"og:title\" content=\"Missie en visie - AXA Home Security\" \/>\n<meta property=\"og:description\" content=\"Samen zetten we ons dagelijks in om wonend Nederland een stukje veiliger te maken. Dit is de missie van AXA Home Security!\" \/>\n<meta property=\"og:url\" content=\"https:\/\/axahomesecurity.com\/de\/mission-und-vision\/\" \/>\n<meta property=\"og:site_name\" content=\"AXA Home Security \ud83c\udde9\ud83c\uddea\" \/>\n<meta property=\"article:modified_time\" content=\"2026-04-13T10:19:41+00:00\" \/>\n<meta name=\"twitter:card\" content=\"summary_large_image\" \/>\n<script type=\"application\/ld+json\" class=\"yoast-schema-graph\">{\"@context\":\"https:\/\/schema.org\",\"@graph\":[{\"@type\":\"WebPage\",\"@id\":\"https:\/\/axahomesecurity.com\/de\/mission-und-vision\/\",\"url\":\"https:\/\/axahomesecurity.com\/de\/mission-und-vision\/\",\"name\":\"Missie en visie - AXA Home Security\",\"isPartOf\":{\"@id\":\"https:\/\/axahomesecurity.com\/de\/#website\"},\"datePublished\":\"2024-04-30T11:59:18+00:00\",\"dateModified\":\"2026-04-13T10:19:41+00:00\",\"description\":\"Samen zetten we ons dagelijks in om wonend Nederland een stukje veiliger te maken. Dit is de missie van AXA Home Security!\",\"breadcrumb\":{\"@id\":\"https:\/\/axahomesecurity.com\/de\/mission-und-vision\/#breadcrumb\"},\"inLanguage\":\"en-US\",\"potentialAction\":[{\"@type\":\"ReadAction\",\"target\":[\"https:\/\/axahomesecurity.com\/de\/mission-und-vision\/\"]}]},{\"@type\":\"BreadcrumbList\",\"@id\":\"https:\/\/axahomesecurity.com\/de\/mission-und-vision\/#breadcrumb\",\"itemListElement\":[{\"@type\":\"ListItem\",\"position\":1,\"name\":\"house\",\"item\":\"https:\/\/axahomesecurity.com\/de\/\"},{\"@type\":\"ListItem\",\"position\":2,\"name\":\"Mission und vision\"}]},{\"@type\":\"WebSite\",\"@id\":\"https:\/\/axahomesecurity.com\/de\/#website\",\"url\":\"https:\/\/axahomesecurity.com\/de\/\",\"name\":\"AXA Home\",\"description\":\"\",\"potentialAction\":[{\"@type\":\"SearchAction\",\"target\":{\"@type\":\"EntryPoint\",\"urlTemplate\":\"https:\/\/axahomesecurity.com\/de\/?s={search_term_string}\"},\"query-input\":{\"@type\":\"PropertyValueSpecification\",\"valueRequired\":true,\"valueName\":\"search_term_string\"}}],\"inLanguage\":\"en-US\"}]}<\/script>\n<!-- \/ Yoast SEO plugin. -->","yoast_head_json":{"title":"Missie en visie - AXA Home Security","description":"Samen zetten we ons dagelijks in om wonend Nederland een stukje veiliger te maken. Dit is de missie van AXA Home Security!","robots":{"index":"index","follow":"follow","max-snippet":"max-snippet:-1","max-image-preview":"max-image-preview:large","max-video-preview":"max-video-preview:-1"},"canonical":"https:\/\/axahomesecurity.com\/de\/mission-und-vision\/","og_locale":"en_US","og_type":"article","og_title":"Missie en visie - AXA Home Security","og_description":"Samen zetten we ons dagelijks in om wonend Nederland een stukje veiliger te maken. Dit is de missie van AXA Home Security!","og_url":"https:\/\/axahomesecurity.com\/de\/mission-und-vision\/","og_site_name":"AXA Home Security \ud83c\udde9\ud83c\uddea","article_modified_time":"2026-04-13T10:19:41+00:00","twitter_card":"summary_large_image","schema":{"@context":"https:\/\/schema.org","@graph":[{"@type":"WebPage","@id":"https:\/\/axahomesecurity.com\/de\/mission-und-vision\/","url":"https:\/\/axahomesecurity.com\/de\/mission-und-vision\/","name":"Missie en visie - AXA Home Security","isPartOf":{"@id":"https:\/\/axahomesecurity.com\/de\/#website"},"datePublished":"2024-04-30T11:59:18+00:00","dateModified":"2026-04-13T10:19:41+00:00","description":"Samen zetten we ons dagelijks in om wonend Nederland een stukje veiliger te maken. Dit is de missie van AXA Home Security!","breadcrumb":{"@id":"https:\/\/axahomesecurity.com\/de\/mission-und-vision\/#breadcrumb"},"inLanguage":"en-US","potentialAction":[{"@type":"ReadAction","target":["https:\/\/axahomesecurity.com\/de\/mission-und-vision\/"]}]},{"@type":"BreadcrumbList","@id":"https:\/\/axahomesecurity.com\/de\/mission-und-vision\/#breadcrumb","itemListElement":[{"@type":"ListItem","position":1,"name":"house","item":"https:\/\/axahomesecurity.com\/de\/"},{"@type":"ListItem","position":2,"name":"Mission und vision"}]},{"@type":"WebSite","@id":"https:\/\/axahomesecurity.com\/de\/#website","url":"https:\/\/axahomesecurity.com\/de\/","name":"AXA Home","description":"","potentialAction":[{"@type":"SearchAction","target":{"@type":"EntryPoint","urlTemplate":"https:\/\/axahomesecurity.com\/de\/?s={search_term_string}"},"query-input":{"@type":"PropertyValueSpecification","valueRequired":true,"valueName":"search_term_string"}}],"inLanguage":"en-US"}]}},"jetpack_sharing_enabled":true,"_links":{"self":[{"href":"https:\/\/axahomesecurity.com\/de\/wp-json\/wp\/v2\/pages\/15833","targetHints":{"allow":["GET"]}}],"collection":[{"href":"https:\/\/axahomesecurity.com\/de\/wp-json\/wp\/v2\/pages"}],"about":[{"href":"https:\/\/axahomesecurity.com\/de\/wp-json\/wp\/v2\/types\/page"}],"author":[{"embeddable":true,"href":"https:\/\/axahomesecurity.com\/de\/wp-json\/wp\/v2\/users\/19"}],"replies":[{"embeddable":true,"href":"https:\/\/axahomesecurity.com\/de\/wp-json\/wp\/v2\/comments?post=15833"}],"version-history":[{"count":89,"href":"https:\/\/axahomesecurity.com\/de\/wp-json\/wp\/v2\/pages\/15833\/revisions"}],"predecessor-version":[{"id":54491,"href":"https:\/\/axahomesecurity.com\/de\/wp-json\/wp\/v2\/pages\/15833\/revisions\/54491"}],"wp:attachment":[{"href":"https:\/\/axahomesecurity.com\/de\/wp-json\/wp\/v2\/media?parent=15833"}],"curies":[{"name":"wp","href":"https:\/\/api.w.org\/{rel}","templated":true}]}}