{"id":15778,"date":"2024-04-30T11:11:37","date_gmt":"2024-04-30T11:11:37","guid":{"rendered":"https:\/\/axahomesecurity.com\/de\/?page_id=15778"},"modified":"2024-09-06T07:33:29","modified_gmt":"2024-09-06T07:33:29","slug":"haftungsausschluss","status":"publish","type":"page","link":"https:\/\/axahomesecurity.com\/de\/haftungsausschluss\/","title":{"rendered":"Haftungsausschluss"},"content":{"rendered":"<section id=\"\" class=\"relative after:w-full after:h-full after:top-0 after:left-0 after:bg-[rgba(0,0,0,0.35)] after:absolute   !pt-[96px] is-layout-flex wp-block-acf-hero-is-layout-flex\" style=\"padding-top:16px; padding-bottom:136px; color: var(--wp--preset--color--font); \">\n\n\t\t\t\t<img loading=\"lazy\" decoding=\"async\" width=\"2000\" height=\"600\" src=\"https:\/\/axahomesecurity.com\/de\/wp-content\/uploads\/sites\/31\/2024\/04\/axa-homepage-hero-titan.jpg?w=2000\" class=\"w-full h-full absolute top-0 left-0 object-cover \" alt=\"Banner AXA Titan\" srcset=\"https:\/\/axahomesecurity.com\/de\/wp-content\/uploads\/sites\/31\/2024\/04\/axa-homepage-hero-titan.jpg 2000w, https:\/\/axahomesecurity.com\/de\/wp-content\/uploads\/sites\/31\/2024\/04\/axa-homepage-hero-titan.jpg?resize=512,154 512w, https:\/\/axahomesecurity.com\/de\/wp-content\/uploads\/sites\/31\/2024\/04\/axa-homepage-hero-titan.jpg?resize=768,230 768w, https:\/\/axahomesecurity.com\/de\/wp-content\/uploads\/sites\/31\/2024\/04\/axa-homepage-hero-titan.jpg?resize=1536,461 1536w, https:\/\/axahomesecurity.com\/de\/wp-content\/uploads\/sites\/31\/2024\/04\/axa-homepage-hero-titan.jpg?resize=1440,432 1440w, https:\/\/axahomesecurity.com\/de\/wp-content\/uploads\/sites\/31\/2024\/04\/axa-homepage-hero-titan.jpg?resize=600,180 600w\" sizes=\"auto, (max-width: 2000px) 100vw, 2000px\" style=\"object-position:54% 32%\" data-ot-ignore=\"\" \/>\n\t\n\t\n\t<div class=\"relative container z-10\">\n\n\t\t<div class=\"relative w-full lg:w-6\/12\">\n\t\t\t<div class=\"content text-white    \">\n\t\t\t\t    <h1 class=\"\">Haftungsausschluss<\/h1>\n\t\t\t<\/div>\n\t\t<\/div>\n\n\t<\/div>\n<\/section>\n\n\n<section id=\"\" class=\"\" style=\"padding-top:var(--wp--preset--spacing--80); padding-bottom:var(--wp--preset--spacing--80); color: var(--wp--preset--color--font); \">\n\t<div class=\"container\">\n\t\t<div class=\"content     \">\n\t\t\t\t\t\t\t    <h2 class=\"\">Haftungsausschluss<\/h2>\n\t\t\t    <div class=\"\">\n        <p>Diese (Web-)Seite ist Eigentum von <b><strong>Allegion Netherlands B.V.<\/strong><\/b> (ehemals AXA Stenman Nederland B.V.). Wir k\u00f6nnen nicht f\u00fcr ihre Richtigkeit und Vollst\u00e4ndigkeit garantieren.<\/p>\n<h4><b>Niederl\u00e4ndisches Recht<\/b><\/h4>\n<p>Diese Website und der Haftungsausschluss unterliegen dem niederl\u00e4ndischen Recht. Die Informationen auf dieser Website sind f\u00fcr Personen mit Wohnsitz in den Niederlanden und f\u00fcr Unternehmen mit Sitz in den Niederlanden bestimmt. F\u00fcr Personen mit Wohnsitz oder Sitz im Ausland k\u00f6nnen andere Regeln gelten.<br \/>\n<b><strong>AXA Home Security<\/strong><\/b> ist ein Handelsname der Allegion Netherlands B.V.. Sie ist bei der Handelskammer unter der Nummer <a href=\"https:\/\/www.kvk.nl\/bestellen\/#\/30069834000018062083\"><u>30069834<\/u><\/a> eingetragen <a href=\"https:\/\/www.kvk.nl\/bestellen\/#\/30069834000018062083\"><u>.<\/u><\/a><\/p>\n<h4><b>Betrieb der Website<\/b><\/h4>\n<p>AXA Home Security kann nicht garantieren, dass diese Website ohne Fehler oder Unterbrechungen funktioniert. Wir tun jedoch unser Bestes. Sollte die Website vor\u00fcbergehend nicht verf\u00fcgbar sein, \u00fcbernehmen wir keine Haftung, wenn Ihnen dadurch ein Schaden entsteht.<\/p>\n<h4><b>Berechnungen auf der Website<\/b><\/h4>\n<p>Die Berechnungen auf dieser Website beruhen auf einer Reihe von allgemeinen Annahmen, die nicht mit Sicherheit auf Ihre pers\u00f6nliche Situation zutreffen. Alle Berechnungen sind daher rein indikativ und k\u00f6nnen sich \u00e4ndern.<\/p>\n<h4><b>Informationen auf verlinkten Websites<\/b><\/h4>\n<p>Diese Website enth\u00e4lt manchmal Links zu externen Websites. Die Informationen auf diesen externen Seiten wurden von uns nicht auf ihre Richtigkeit \u00fcberpr\u00fcft. Wir sind f\u00fcr diese Informationen nicht verantwortlich.<\/p>\n<h4><b>Verwendung von Informationen<\/b><\/h4>\n<p>Alle Informationen auf dieser Website (einschlie\u00dflich des Designs, des Hausstils und der Logos) sind Eigentum von AXA Home Security. Sie d\u00fcrfen die Informationen auf unserer Website f\u00fcr private Zwecke verwenden, sofern Sie erw\u00e4hnen, dass Sie die Informationen auf der Website von AXA Home Security gefunden haben und die Informationen unver\u00e4ndert lassen. Wenn Sie die Informationen auf dieser Website zu kommerziellen Zwecken nutzen m\u00f6chten, m\u00fcssen Sie zuvor eine Genehmigung bei uns einholen.<\/p>\n<h4><b>\u00dcber den Haftungsausschluss<\/b><\/h4>\n<p>AXA Home Security beh\u00e4lt sich das Recht vor, diesen Haftungsausschluss zu \u00e4ndern. Auf dieser Website finden Sie immer den aktuellsten Haftungsausschluss.<\/p>\n\n    <\/div>\n\t<\/div>\n\t<\/div>\n<\/section>\n","protected":false},"excerpt":{"rendered":"","protected":false},"author":19,"featured_media":0,"parent":0,"menu_order":0,"comment_status":"closed","ping_status":"closed","template":"","meta":{"_acf_changed":true,"_trash_the_other_posts":false,"footnotes":""},"class_list":["post-15778","page","type-page","status-publish","hentry"],"acf":[],"yoast_head":"<!-- This site is optimized with the Yoast SEO plugin v27.1.1 - https:\/\/yoast.com\/product\/yoast-seo-wordpress\/ -->\n<title>Haftungsausschluss - AXA Home Security<\/title>\n<meta name=\"description\" content=\"Op deze website is Nederlands recht van toepassing. De informatie op deze site is bedoeld voor mensen en bedrijven gevestigd in Nederland.\" \/>\n<meta name=\"robots\" content=\"index, follow, max-snippet:-1, max-image-preview:large, max-video-preview:-1\" \/>\n<link rel=\"canonical\" href=\"https:\/\/axahomesecurity.com\/de\/haftungsausschluss\/\" \/>\n<meta property=\"og:locale\" content=\"en_US\" \/>\n<meta property=\"og:type\" content=\"article\" \/>\n<meta property=\"og:title\" content=\"Haftungsausschluss - AXA Home Security\" \/>\n<meta property=\"og:description\" content=\"Op deze website is Nederlands recht van toepassing. De informatie op deze site is bedoeld voor mensen en bedrijven gevestigd in Nederland.\" \/>\n<meta property=\"og:url\" content=\"https:\/\/axahomesecurity.com\/de\/haftungsausschluss\/\" \/>\n<meta property=\"og:site_name\" content=\"AXA Home Security \ud83c\udde9\ud83c\uddea\" \/>\n<meta property=\"article:modified_time\" content=\"2024-09-06T07:33:29+00:00\" \/>\n<meta name=\"twitter:card\" content=\"summary_large_image\" \/>\n<script type=\"application\/ld+json\" class=\"yoast-schema-graph\">{\"@context\":\"https:\/\/schema.org\",\"@graph\":[{\"@type\":\"WebPage\",\"@id\":\"https:\/\/axahomesecurity.com\/de\/haftungsausschluss\/\",\"url\":\"https:\/\/axahomesecurity.com\/de\/haftungsausschluss\/\",\"name\":\"Haftungsausschluss - AXA Home Security\",\"isPartOf\":{\"@id\":\"https:\/\/axahomesecurity.com\/de\/#website\"},\"datePublished\":\"2024-04-30T11:11:37+00:00\",\"dateModified\":\"2024-09-06T07:33:29+00:00\",\"description\":\"Op deze website is Nederlands recht van toepassing. De informatie op deze site is bedoeld voor mensen en bedrijven gevestigd in Nederland.\",\"breadcrumb\":{\"@id\":\"https:\/\/axahomesecurity.com\/de\/haftungsausschluss\/#breadcrumb\"},\"inLanguage\":\"en-US\",\"potentialAction\":[{\"@type\":\"ReadAction\",\"target\":[\"https:\/\/axahomesecurity.com\/de\/haftungsausschluss\/\"]}]},{\"@type\":\"BreadcrumbList\",\"@id\":\"https:\/\/axahomesecurity.com\/de\/haftungsausschluss\/#breadcrumb\",\"itemListElement\":[{\"@type\":\"ListItem\",\"position\":1,\"name\":\"house\",\"item\":\"https:\/\/axahomesecurity.com\/de\/\"},{\"@type\":\"ListItem\",\"position\":2,\"name\":\"Haftungsausschluss\"}]},{\"@type\":\"WebSite\",\"@id\":\"https:\/\/axahomesecurity.com\/de\/#website\",\"url\":\"https:\/\/axahomesecurity.com\/de\/\",\"name\":\"AXA Home\",\"description\":\"\",\"potentialAction\":[{\"@type\":\"SearchAction\",\"target\":{\"@type\":\"EntryPoint\",\"urlTemplate\":\"https:\/\/axahomesecurity.com\/de\/?s={search_term_string}\"},\"query-input\":{\"@type\":\"PropertyValueSpecification\",\"valueRequired\":true,\"valueName\":\"search_term_string\"}}],\"inLanguage\":\"en-US\"}]}<\/script>\n<!-- \/ Yoast SEO plugin. -->","yoast_head_json":{"title":"Haftungsausschluss - AXA Home Security","description":"Op deze website is Nederlands recht van toepassing. De informatie op deze site is bedoeld voor mensen en bedrijven gevestigd in Nederland.","robots":{"index":"index","follow":"follow","max-snippet":"max-snippet:-1","max-image-preview":"max-image-preview:large","max-video-preview":"max-video-preview:-1"},"canonical":"https:\/\/axahomesecurity.com\/de\/haftungsausschluss\/","og_locale":"en_US","og_type":"article","og_title":"Haftungsausschluss - AXA Home Security","og_description":"Op deze website is Nederlands recht van toepassing. De informatie op deze site is bedoeld voor mensen en bedrijven gevestigd in Nederland.","og_url":"https:\/\/axahomesecurity.com\/de\/haftungsausschluss\/","og_site_name":"AXA Home Security \ud83c\udde9\ud83c\uddea","article_modified_time":"2024-09-06T07:33:29+00:00","twitter_card":"summary_large_image","schema":{"@context":"https:\/\/schema.org","@graph":[{"@type":"WebPage","@id":"https:\/\/axahomesecurity.com\/de\/haftungsausschluss\/","url":"https:\/\/axahomesecurity.com\/de\/haftungsausschluss\/","name":"Haftungsausschluss - AXA Home Security","isPartOf":{"@id":"https:\/\/axahomesecurity.com\/de\/#website"},"datePublished":"2024-04-30T11:11:37+00:00","dateModified":"2024-09-06T07:33:29+00:00","description":"Op deze website is Nederlands recht van toepassing. De informatie op deze site is bedoeld voor mensen en bedrijven gevestigd in Nederland.","breadcrumb":{"@id":"https:\/\/axahomesecurity.com\/de\/haftungsausschluss\/#breadcrumb"},"inLanguage":"en-US","potentialAction":[{"@type":"ReadAction","target":["https:\/\/axahomesecurity.com\/de\/haftungsausschluss\/"]}]},{"@type":"BreadcrumbList","@id":"https:\/\/axahomesecurity.com\/de\/haftungsausschluss\/#breadcrumb","itemListElement":[{"@type":"ListItem","position":1,"name":"house","item":"https:\/\/axahomesecurity.com\/de\/"},{"@type":"ListItem","position":2,"name":"Haftungsausschluss"}]},{"@type":"WebSite","@id":"https:\/\/axahomesecurity.com\/de\/#website","url":"https:\/\/axahomesecurity.com\/de\/","name":"AXA Home","description":"","potentialAction":[{"@type":"SearchAction","target":{"@type":"EntryPoint","urlTemplate":"https:\/\/axahomesecurity.com\/de\/?s={search_term_string}"},"query-input":{"@type":"PropertyValueSpecification","valueRequired":true,"valueName":"search_term_string"}}],"inLanguage":"en-US"}]}},"jetpack_sharing_enabled":true,"_links":{"self":[{"href":"https:\/\/axahomesecurity.com\/de\/wp-json\/wp\/v2\/pages\/15778","targetHints":{"allow":["GET"]}}],"collection":[{"href":"https:\/\/axahomesecurity.com\/de\/wp-json\/wp\/v2\/pages"}],"about":[{"href":"https:\/\/axahomesecurity.com\/de\/wp-json\/wp\/v2\/types\/page"}],"author":[{"embeddable":true,"href":"https:\/\/axahomesecurity.com\/de\/wp-json\/wp\/v2\/users\/19"}],"replies":[{"embeddable":true,"href":"https:\/\/axahomesecurity.com\/de\/wp-json\/wp\/v2\/comments?post=15778"}],"version-history":[{"count":10,"href":"https:\/\/axahomesecurity.com\/de\/wp-json\/wp\/v2\/pages\/15778\/revisions"}],"predecessor-version":[{"id":91013,"href":"https:\/\/axahomesecurity.com\/de\/wp-json\/wp\/v2\/pages\/15778\/revisions\/91013"}],"wp:attachment":[{"href":"https:\/\/axahomesecurity.com\/de\/wp-json\/wp\/v2\/media?parent=15778"}],"curies":[{"name":"wp","href":"https:\/\/api.w.org\/{rel}","templated":true}]}}