{"id":15415,"date":"2024-04-25T21:44:50","date_gmt":"2024-04-25T21:44:50","guid":{"rendered":"https:\/\/axahomesecurity.com\/de\/?page_id=15415"},"modified":"2024-09-06T07:34:57","modified_gmt":"2024-09-06T07:34:57","slug":"garantiebedingungen","status":"publish","type":"page","link":"https:\/\/axahomesecurity.com\/de\/garantiebedingungen\/","title":{"rendered":"Garantiebedingungen"},"content":{"rendered":"<section id=\"\" class=\"relative after:w-full after:h-full after:top-0 after:left-0 after:bg-[rgba(0,0,0,0.35)] after:absolute is-layout-flex wp-block-acf-hero-is-layout-flex\" style=\"padding-top:16px; padding-bottom:136px; color: var(--wp--preset--color--font); \">\n\n\t\t\t\t<img loading=\"lazy\" decoding=\"async\" width=\"2000\" height=\"600\" src=\"https:\/\/axahomesecurity.com\/de\/wp-content\/uploads\/sites\/31\/2024\/04\/AXA230424-homepage-banner-hero-2000x600-veiligheidsbeslag-monteren.jpg?w=2000\" class=\"w-full h-full absolute top-0 left-0 object-cover \" alt=\"\" srcset=\"https:\/\/axahomesecurity.com\/de\/wp-content\/uploads\/sites\/31\/2024\/04\/AXA230424-homepage-banner-hero-2000x600-veiligheidsbeslag-monteren.jpg 2000w, https:\/\/axahomesecurity.com\/de\/wp-content\/uploads\/sites\/31\/2024\/04\/AXA230424-homepage-banner-hero-2000x600-veiligheidsbeslag-monteren.jpg?resize=512,154 512w, https:\/\/axahomesecurity.com\/de\/wp-content\/uploads\/sites\/31\/2024\/04\/AXA230424-homepage-banner-hero-2000x600-veiligheidsbeslag-monteren.jpg?resize=768,230 768w, https:\/\/axahomesecurity.com\/de\/wp-content\/uploads\/sites\/31\/2024\/04\/AXA230424-homepage-banner-hero-2000x600-veiligheidsbeslag-monteren.jpg?resize=1536,461 1536w, https:\/\/axahomesecurity.com\/de\/wp-content\/uploads\/sites\/31\/2024\/04\/AXA230424-homepage-banner-hero-2000x600-veiligheidsbeslag-monteren.jpg?resize=1440,432 1440w, https:\/\/axahomesecurity.com\/de\/wp-content\/uploads\/sites\/31\/2024\/04\/AXA230424-homepage-banner-hero-2000x600-veiligheidsbeslag-monteren.jpg?resize=600,180 600w\" sizes=\"auto, (max-width: 2000px) 100vw, 2000px\" data-ot-ignore=\"\" \/>\n\t\n\t\t\t<section id=\"\" class=\"relative text-white z-10 !pb-[96px]\" style=\"padding-top:16px; padding-bottom:136px; color: var(--wp--preset--color--font); \">\n\t<div class=\"container\">\n\t\t<div class=\"py-4 \">\n\t\t\t<div id=\"breadcrumbs\" class=\"breadcrumbs\"><span><span><a href=\"https:\/\/axahomesecurity.com\/de\/\"><span class=\"font-icon\">house<\/span><\/a><\/span><\/span><\/div>\n\t\t<\/div>\n\t<\/div>\n<\/section>\n\t\n\t<div class=\"relative container z-10\">\n\n\t\t<div class=\"relative w-full lg:w-6\/12\">\n\t\t\t<div class=\"content text-white    \">\n\t\t\t\t    <h1 class=\"\">Garantiebedingungen AXA Home Security<\/h1>\n\t\t\t<\/div>\n\t\t<\/div>\n\n\t<\/div>\n<\/section>\n\n\n<section id=\"\" class=\"\" style=\"padding-top:var(--wp--preset--spacing--80); padding-bottom:var(--wp--preset--spacing--80); color: var(--wp--preset--color--font); \">\n\t<div class=\"container\">\n\t\t<div class=\"content     \">\n\t\t\t\t\t\t    <div class=\"\">\n        <h2><strong>Geld-zur\u00fcck-Garantie<\/strong><\/h2>\n<p>Als Hersteller von hochwertigen Beschl\u00e4gen bietet AXA Produkte von h\u00f6chster Qualit\u00e4t. Wir stehen voll und ganz hinter unseren Produkten und vertrauen darauf, dass unsere Kunden zu 100% zufrieden sind. Deshalb bieten wir die \u201e<strong>Nicht gut, Geld zur\u00fcck<\/strong>\u201c-Garantie auf unser gesamtes AXA-Produktsortiment in Blisterpackungen.<\/p>\n<h2><strong>Bedingungen<\/strong><\/h2>\n<p>Die folgenden Bedingungen gelten f\u00fcr die \u201eNicht gut, Geld zur\u00fcck\u201c-Garantie:<\/p>\n<ul>\n<li>Gilt nur f\u00fcr AXA Home Security Produkte in Blisterverpackungen, die an den Buchstaben BL in der Artikelnummer zu erkennen sind (siehe Vorder- oder R\u00fcckseite der Verpackung).<\/li>\n<li>Der Originalkaufbeleg muss vorgelegt werden.<\/li>\n<li>Die Frist betr\u00e4gt maximal 14 Tage ab dem Kaufdatum.<\/li>\n<li>Das Produkt muss vollst\u00e4ndig sein (d. h. einschlie\u00dflich der mitgelieferten Befestigungsmittel).<\/li>\n<li>Das Produkt darf nicht besch\u00e4digt sein durch:\n<ul>\n<li>falsche Montage oder unsachgem\u00e4\u00dfen Gebrauch<\/li>\n<li>falsche oder mangelnde Wartung<\/li>\n<li>die Verwendung von falschen Reinigungsmitteln<\/li>\n<li>andere externe Faktoren<\/li>\n<\/ul>\n<\/li>\n<\/ul>\n<h2><strong>Verfahren<\/strong><\/h2>\n<ul>\n<li>Unter den oben genannten Bedingungen muss der Einzelh\u00e4ndler das beanstandete Produkt zusammen mit dem entsprechenden Kaufbeleg (Kopie) abholen und an seinen Lieferanten\/H\u00e4ndler schicken.<\/li>\n<li>Der Lieferant\/Distributor sendet dem H\u00e4ndler unverz\u00fcglich ein neues AXA Ersatzprodukt zu.<\/li>\n<li>Die weitere Abwicklung findet zwischen dem Lieferanten\/Vertriebspartner und AXA statt.<\/li>\n<\/ul>\n\n    <\/div>\n\t<\/div>\n\t<\/div>\n<\/section>\n","protected":false},"excerpt":{"rendered":"","protected":false},"author":19,"featured_media":0,"parent":0,"menu_order":0,"comment_status":"closed","ping_status":"closed","template":"","meta":{"_acf_changed":false,"_trash_the_other_posts":false,"footnotes":""},"class_list":["post-15415","page","type-page","status-publish","hentry"],"acf":[],"yoast_head":"<!-- This site is optimized with the Yoast SEO plugin v27.4 - https:\/\/yoast.com\/product\/yoast-seo-wordpress\/ -->\n<title>Garantiebedingungen - AXA Home Security<\/title>\n<meta name=\"description\" content=\"Deze voorwaarden gelden voor de &#039;Niet goed, geld terug&#039; garantie op het totale assortiment van AXA Home Security in blisterverpakking.\" \/>\n<meta name=\"robots\" content=\"index, follow, max-snippet:-1, max-image-preview:large, max-video-preview:-1\" \/>\n<link rel=\"canonical\" href=\"https:\/\/axahomesecurity.com\/de\/garantiebedingungen\/\" \/>\n<meta property=\"og:locale\" content=\"en_US\" \/>\n<meta property=\"og:type\" content=\"article\" \/>\n<meta property=\"og:title\" content=\"Garantiebedingungen - AXA Home Security\" \/>\n<meta property=\"og:description\" content=\"Deze voorwaarden gelden voor de &#039;Niet goed, geld terug&#039; garantie op het totale assortiment van AXA Home Security in blisterverpakking.\" \/>\n<meta property=\"og:url\" content=\"https:\/\/axahomesecurity.com\/de\/garantiebedingungen\/\" \/>\n<meta property=\"og:site_name\" content=\"AXA Home Security \ud83c\udde9\ud83c\uddea\" \/>\n<meta property=\"article:modified_time\" content=\"2024-09-06T07:34:57+00:00\" \/>\n<meta name=\"twitter:card\" content=\"summary_large_image\" \/>\n<script type=\"application\/ld+json\" class=\"yoast-schema-graph\">{\"@context\":\"https:\\\/\\\/schema.org\",\"@graph\":[{\"@type\":\"WebPage\",\"@id\":\"https:\\\/\\\/axahomesecurity.com\\\/de\\\/garantiebedingungen\\\/\",\"url\":\"https:\\\/\\\/axahomesecurity.com\\\/de\\\/garantiebedingungen\\\/\",\"name\":\"Garantiebedingungen - AXA Home Security\",\"isPartOf\":{\"@id\":\"https:\\\/\\\/axahomesecurity.com\\\/de\\\/#website\"},\"datePublished\":\"2024-04-25T21:44:50+00:00\",\"dateModified\":\"2024-09-06T07:34:57+00:00\",\"description\":\"Deze voorwaarden gelden voor de 'Niet goed, geld terug' garantie op het totale assortiment van AXA Home Security in blisterverpakking.\",\"breadcrumb\":{\"@id\":\"https:\\\/\\\/axahomesecurity.com\\\/de\\\/garantiebedingungen\\\/#breadcrumb\"},\"inLanguage\":\"en-US\",\"potentialAction\":[{\"@type\":\"ReadAction\",\"target\":[\"https:\\\/\\\/axahomesecurity.com\\\/de\\\/garantiebedingungen\\\/\"]}]},{\"@type\":\"BreadcrumbList\",\"@id\":\"https:\\\/\\\/axahomesecurity.com\\\/de\\\/garantiebedingungen\\\/#breadcrumb\",\"itemListElement\":[{\"@type\":\"ListItem\",\"position\":1,\"name\":\"house\",\"item\":\"https:\\\/\\\/axahomesecurity.com\\\/de\\\/\"},{\"@type\":\"ListItem\",\"position\":2,\"name\":\"Garantiebedingungen\"}]},{\"@type\":\"WebSite\",\"@id\":\"https:\\\/\\\/axahomesecurity.com\\\/de\\\/#website\",\"url\":\"https:\\\/\\\/axahomesecurity.com\\\/de\\\/\",\"name\":\"AXA Home\",\"description\":\"\",\"potentialAction\":[{\"@type\":\"SearchAction\",\"target\":{\"@type\":\"EntryPoint\",\"urlTemplate\":\"https:\\\/\\\/axahomesecurity.com\\\/de\\\/?s={search_term_string}\"},\"query-input\":{\"@type\":\"PropertyValueSpecification\",\"valueRequired\":true,\"valueName\":\"search_term_string\"}}],\"inLanguage\":\"en-US\"}]}<\/script>\n<!-- \/ Yoast SEO plugin. -->","yoast_head_json":{"title":"Garantiebedingungen - AXA Home Security","description":"Deze voorwaarden gelden voor de 'Niet goed, geld terug' garantie op het totale assortiment van AXA Home Security in blisterverpakking.","robots":{"index":"index","follow":"follow","max-snippet":"max-snippet:-1","max-image-preview":"max-image-preview:large","max-video-preview":"max-video-preview:-1"},"canonical":"https:\/\/axahomesecurity.com\/de\/garantiebedingungen\/","og_locale":"en_US","og_type":"article","og_title":"Garantiebedingungen - AXA Home Security","og_description":"Deze voorwaarden gelden voor de 'Niet goed, geld terug' garantie op het totale assortiment van AXA Home Security in blisterverpakking.","og_url":"https:\/\/axahomesecurity.com\/de\/garantiebedingungen\/","og_site_name":"AXA Home Security \ud83c\udde9\ud83c\uddea","article_modified_time":"2024-09-06T07:34:57+00:00","twitter_card":"summary_large_image","schema":{"@context":"https:\/\/schema.org","@graph":[{"@type":"WebPage","@id":"https:\/\/axahomesecurity.com\/de\/garantiebedingungen\/","url":"https:\/\/axahomesecurity.com\/de\/garantiebedingungen\/","name":"Garantiebedingungen - AXA Home Security","isPartOf":{"@id":"https:\/\/axahomesecurity.com\/de\/#website"},"datePublished":"2024-04-25T21:44:50+00:00","dateModified":"2024-09-06T07:34:57+00:00","description":"Deze voorwaarden gelden voor de 'Niet goed, geld terug' garantie op het totale assortiment van AXA Home Security in blisterverpakking.","breadcrumb":{"@id":"https:\/\/axahomesecurity.com\/de\/garantiebedingungen\/#breadcrumb"},"inLanguage":"en-US","potentialAction":[{"@type":"ReadAction","target":["https:\/\/axahomesecurity.com\/de\/garantiebedingungen\/"]}]},{"@type":"BreadcrumbList","@id":"https:\/\/axahomesecurity.com\/de\/garantiebedingungen\/#breadcrumb","itemListElement":[{"@type":"ListItem","position":1,"name":"house","item":"https:\/\/axahomesecurity.com\/de\/"},{"@type":"ListItem","position":2,"name":"Garantiebedingungen"}]},{"@type":"WebSite","@id":"https:\/\/axahomesecurity.com\/de\/#website","url":"https:\/\/axahomesecurity.com\/de\/","name":"AXA Home","description":"","potentialAction":[{"@type":"SearchAction","target":{"@type":"EntryPoint","urlTemplate":"https:\/\/axahomesecurity.com\/de\/?s={search_term_string}"},"query-input":{"@type":"PropertyValueSpecification","valueRequired":true,"valueName":"search_term_string"}}],"inLanguage":"en-US"}]}},"jetpack_sharing_enabled":true,"_links":{"self":[{"href":"https:\/\/axahomesecurity.com\/de\/wp-json\/wp\/v2\/pages\/15415","targetHints":{"allow":["GET"]}}],"collection":[{"href":"https:\/\/axahomesecurity.com\/de\/wp-json\/wp\/v2\/pages"}],"about":[{"href":"https:\/\/axahomesecurity.com\/de\/wp-json\/wp\/v2\/types\/page"}],"author":[{"embeddable":true,"href":"https:\/\/axahomesecurity.com\/de\/wp-json\/wp\/v2\/users\/19"}],"replies":[{"embeddable":true,"href":"https:\/\/axahomesecurity.com\/de\/wp-json\/wp\/v2\/comments?post=15415"}],"version-history":[{"count":13,"href":"https:\/\/axahomesecurity.com\/de\/wp-json\/wp\/v2\/pages\/15415\/revisions"}],"predecessor-version":[{"id":91014,"href":"https:\/\/axahomesecurity.com\/de\/wp-json\/wp\/v2\/pages\/15415\/revisions\/91014"}],"wp:attachment":[{"href":"https:\/\/axahomesecurity.com\/de\/wp-json\/wp\/v2\/media?parent=15415"}],"curies":[{"name":"wp","href":"https:\/\/api.w.org\/{rel}","templated":true}]}}