{"id":15390,"date":"2024-04-25T17:23:36","date_gmt":"2024-04-25T17:23:36","guid":{"rendered":"https:\/\/axahomesecurity.com\/de\/?page_id=15390"},"modified":"2024-08-14T12:11:08","modified_gmt":"2024-08-14T12:11:08","slug":"lieferbedingungen","status":"publish","type":"page","link":"https:\/\/axahomesecurity.com\/de\/lieferbedingungen\/","title":{"rendered":"Lieferbedingungen"},"content":{"rendered":"<section id=\"\" class=\"relative after:w-full after:h-full after:top-0 after:left-0 after:bg-[rgba(0,0,0,0.35)] after:absolute is-layout-flex wp-block-acf-hero-is-layout-flex\" style=\"padding-top:16px; padding-bottom:136px; color: var(--wp--preset--color--font); \">\n\n\t\t\t\t<img loading=\"lazy\" decoding=\"async\" width=\"2000\" height=\"600\" src=\"https:\/\/axahomesecurity.com\/de\/wp-content\/uploads\/sites\/31\/2024\/04\/AXA230424-verkooppunten-banner-hero-2000x600-1.jpg?w=2000\" class=\"w-full h-full absolute top-0 left-0 object-cover \" alt=\"AXA Home Security verkooppunten banner\" srcset=\"https:\/\/axahomesecurity.com\/de\/wp-content\/uploads\/sites\/31\/2024\/04\/AXA230424-verkooppunten-banner-hero-2000x600-1.jpg 2000w, https:\/\/axahomesecurity.com\/de\/wp-content\/uploads\/sites\/31\/2024\/04\/AXA230424-verkooppunten-banner-hero-2000x600-1.jpg?resize=512,154 512w, https:\/\/axahomesecurity.com\/de\/wp-content\/uploads\/sites\/31\/2024\/04\/AXA230424-verkooppunten-banner-hero-2000x600-1.jpg?resize=768,230 768w, https:\/\/axahomesecurity.com\/de\/wp-content\/uploads\/sites\/31\/2024\/04\/AXA230424-verkooppunten-banner-hero-2000x600-1.jpg?resize=1536,461 1536w, https:\/\/axahomesecurity.com\/de\/wp-content\/uploads\/sites\/31\/2024\/04\/AXA230424-verkooppunten-banner-hero-2000x600-1.jpg?resize=1440,432 1440w, https:\/\/axahomesecurity.com\/de\/wp-content\/uploads\/sites\/31\/2024\/04\/AXA230424-verkooppunten-banner-hero-2000x600-1.jpg?resize=600,180 600w\" sizes=\"auto, (max-width: 2000px) 100vw, 2000px\" data-ot-ignore=\"\" \/>\n\t\n\t\t\t<section id=\"\" class=\"relative text-white z-10 !pb-[96px]\" style=\"padding-top:16px; padding-bottom:136px; color: var(--wp--preset--color--font); \">\n\t<div class=\"container\">\n\t\t<div class=\"py-4 \">\n\t\t\t<div id=\"breadcrumbs\" class=\"breadcrumbs\"><span><span><a href=\"https:\/\/axahomesecurity.com\/de\/\"><span class=\"font-icon\">house<\/span><\/a><\/span><\/span><\/div>\n\t\t<\/div>\n\t<\/div>\n<\/section>\n\t\n\t<div class=\"relative container z-10\">\n\n\t\t<div class=\"relative w-full lg:w-6\/12\">\n\t\t\t<div class=\"content text-white    \">\n\t\t\t\t    <h1 class=\"\">Lieferbedingungen AXA Home AXA Home Security <\/h1>\n\t\t\t<\/div>\n\t\t<\/div>\n\n\t<\/div>\n<\/section>\n\n\n<section id=\"\" class=\"\" style=\"padding-top:var(--wp--preset--spacing--80); padding-bottom:var(--wp--preset--spacing--80); color: var(--wp--preset--color--font); \">\n\t<div class=\"container\">\n\t\t<div class=\"content     \">\n\t\t\t\t\t\t    <div class=\"\">\n        <p>Allgemeine Lieferbedingungen von Vereniging Fabrieken van Hang- en Sluitwerk (VHS) und Allgemeine Lieferbedingungen von Vereniging Fabrikanten IJzerwaren en Gereedschappen (IJG).<\/p>\n<p>Hinterlegt bei der Gesch\u00e4ftsstelle des Gerichts Den Bosch am 22. M\u00e4rz 2001 unter der Nummer 38\/2001.<\/p>\n<h2>Artikel I Allgemeine<\/h2>\n<p>Sind diese Allgemeinen Lieferbedingungen Teil von Angeboten und Vertr\u00e4gen in Bezug auf Lieferungen des Auftragnehmers, gelten s\u00e4mtliche Bestimmungen dieser Bedingungen f\u00fcr die Parteien, au\u00dfer in dem Fall, dass der Auftragnehmer die \u00c4nderungen und\/oder Erg\u00e4nzungen schriftlich zugestimmt hat. Verweise des Auftraggebers auf eigene Einkaufs-, Ausschreibungs- oder sonstige Bedingungen werden vom Auftragnehmer nicht akzeptiert.<\/p>\n<h2>Artikel II Angebote<\/h2>\n<p>Alle Angebote des Auftragnehmers sind unverbindlich.<\/p>\n<p>Die in Katalogen, Abbildungen, Zeichnungen, Normbl\u00e4ttern, Ma\u00df- und Gewichtsangaben u.\u00e4. genannten Daten sind unverbindlich, sofern diese vom Auftragnehmer nicht ausdr\u00fccklich und schriftlich angegeben wurden.<\/p>\n<p>Artikel III \u00a0Vertrag<\/p>\n<p>Ein schriftlich abgeschlossener Vertrag tritt am Tag der Unterzeichnung durch den Auftragnehmer bzw. am Tag der Versendung der schriftlichen Auftragsbest\u00e4tigung durch den Auftragnehmer in Kraft.<\/p>\n<h2>Artikel IV Preise<\/h2>\n<p>Die im Angebot bzw. in der Auftragsbest\u00e4tigung genannten Preise verstehen sich ohne Mehrwertsteuer und basieren auf den bei der Abgabe des Auftrags bzw. der Auftragsbest\u00e4tigung geltenden Selbstkostenpreisen.<\/p>\n<p>Wenn nach Vertragsabschluss ein oder mehrere Selbstkostenpreisfaktoren steigen &#8211; auch infolge vorhersehbarer Umst\u00e4nde &#8211; ist der Auftragnehmer berechtigt, den vereinbarten Preis dementsprechend zu erh\u00f6hen.<\/p>\n<p>Preise gelten f\u00fcr Lieferung \u201eab Werk\u201c in den Niederlanden, mit der Ma\u00dfgabe, dass der Auftragnehmer f\u00fcr Bestellungen in einem Wert unter 500 Euro netto (ohne Mehrwertsteuer) und eventuell separat in Rechnung zu stellende Verpackungen, einen Aufschlag von mindesten 10 Euro f\u00fcr Abwicklungskosten in Rechnung stellen wird, w\u00e4hrend Transportkosten separat weitergegeben werden.<\/p>\n<p>Die angegebenen Preise verstehen sich ohne Mehrwertsteuer und eventuell separat in Rechnung zu stellende Kosten f\u00fcr Verpackung und Verwaltung. Ausschlie\u00dflich wenn dies vereinbart wurde, wird die separat in Rechnung gestellte Verpackung zur\u00fcckgenommen und der Auftraggeber f\u00fcr den daf\u00fcr in Rechnung gestellten Betrag gutgeschrieben, sofern der Auftragnehmer diese Verpackung frachtfrei und in gutem Zustand innerhalb von 30 Tagen nach Rechnungsdatum zur\u00fcckerh\u00e4lt. Andere Verpackungen werden niemals zur\u00fcckgenommen.<\/p>\n<h2>Artikel V Lieferung<\/h2>\n<p>Die Lieferung erfolgt ab Werk gem\u00e4\u00df den am Tag der Gestellung geltenden Incoterms.<\/p>\n<p>Die Parteien k\u00f6nnen Vereinbaren, die vertragliche Leistung in Teillieferungen zu erbringen. In dem Fall beh\u00e4lt sich der Auftragnehmer das Recht vor, diese Teillieferungen in Rechnung stellen. Auch beh\u00e4lt sich der Auftragnehmer das Recht vor, 5 % der Vertragsleistung mehr oder weniger als vereinbart zu liefern und in Rechnung zu stellen.<\/p>\n<p>Im Falle h\u00f6herer Gewalt ist der Auftragnehmer berechtigt, entweder die Vertragserf\u00fcllung auszusetzen, oder ganz oder teilweise vom Vertrag zur\u00fcckzutreten, ohne dass der Auftraggeber daraus Schadensersatzanspr\u00fcche ableiten kann.<\/p>\n<p>Wenn der Auftraggeber eine Verpflichtung, die f\u00fcr ihn aus dem mit dem Auftragnehmer abgeschlossenen Vertrag oder aus einem damit zusammenh\u00e4ngenden Vertrag hervorgeht, nicht, nicht ordentlich oder nicht fristgerecht erf\u00fcllt, oder wenn ernsthaft vermutet wird, dass der Auftraggeber nicht im Stande ist, seine vertraglichen Verpflichtungen gegen\u00fcber dem Auftragnehmer zu erf\u00fcllen, ist der Auftragnehmer berechtigt, ohne Inverzugsetzung oder gerichtliches Einschreiten, entweder die Erf\u00fcllung des mit dem Auftraggeber geschlossenen Vertrags auszusetzen, oder ganz oder teilweise vom Vertrag zur\u00fcckzutreten, und zwar ohne dass er zu irgendwelchen Schadensersatzzahlungen verpflichtet ist und unbeschadet der ihm weiter zustehenden Rechte.<\/p>\n<p>Unter h\u00f6herer Gewalt wird in diesen Allgemeinen Lieferbedingungen jeder Umstand verstanden, auf den der Auftragnehmer keinen Einfluss aus\u00fcben kann, auch wenn dieser Umstand zum Zeitpunkt des Vertragsabschlusses bereits vorhersehbar war und die Erf\u00fcllung des Vertrags dauernd oder vor\u00fcbergehend verhindert, sowie, soweit dort nicht schon enthalten, Krieg, Kriegsgefahr, B\u00fcrgerkrieg, Aufruhr, Arbeitsstreik, Ausschluss von Arbeitnehmern, Transportprobleme, Feuer und jede andere St\u00f6rung im Betrieb des Auftragnehmers oder seiner Lieferanten.<\/p>\n<h2>Artikel VI Lieferfrist<\/h2>\n<p>Die Lieferfrist beginnt am Tag der schriftlichen Auftragsannahme; hat der Auftraggeber nicht alle f\u00fcr die Auftragserf\u00fcllung erforderlichen Daten erteilt, beginnt die Lieferfrist erst, wenn dies der Fall ist.<\/p>\n<p>Vorbehaltlich grober Fahrl\u00e4ssigkeit seitens des Auftragnehmers vorliegt, hat der Auftraggeber bei \u00dcberschreitung der Lieferfrist weder Anspruch auf einen vollen oder teilweisen Vertragsr\u00fccktritt, noch auf Schadensersatz oder Nichterf\u00fcllung irgendeiner Verpflichtung, die f\u00fcr ihn aus einem mit dem Auftragnehmer abgeschlossenen Vertrag hervorgehen sollte. \u00dcberschreitung der Lieferfrist &#8211; aus gleich welchem Grund &#8211; berechtigt den Auftraggeber nicht, ohne gerichtliche Erm\u00e4chtigung T\u00e4tigkeiten f\u00fcr die Vertragserf\u00fcllung zu verrichten bzw. verrichten zu lassen.<\/p>\n<p>In Bezug auf die Lieferfrist gelten Waren als geliefert, wenn die Waren versandbereit sind, dies alles nachdem der Auftraggeber dar\u00fcber schriftlich informiert wurde.<\/p>\n<h2>Artikel VII Zahlung<\/h2>\n<p>Zahlungen haben innerhalb eines (1) Monats nach Rechnungsdatum ohne Minderung oder Verrechnung zu erfolgen.<\/p>\n<p>Zahlt der Auftraggeber nicht innerhalb der vereinbarten Frist, gilt er als von Rechts wegen im Verzug und ist der Auftragnehmer ohne Inverzugsetzung berechtigt, ihm ab dem F\u00e4lligkeitstag einen Verzugszins in H\u00f6he von 4 Prozentpunkte \u00fcber dem in den Niederlanden geltenden gesetzlichen Zinssatz, sowie alle in Bezug auf die Eintreibung seiner Forderung aufgewendeten gerichtlichen und au\u00dfergerichtlichen Kosten in Rechnung zu stellen.<\/p>\n<p>Unbeschadet der Bestimmungen in Art. V Abs. 1 und Art. VI Abs. 3 geht das Eigentum der vom Auftragnehmer an den Auftraggeber gelieferten Waren auf den Auftraggeber \u00fcber, wenn alle Betr\u00e4ge, die der Auftraggeber dem Auftragnehmer aufgrund von Lieferungen oder T\u00e4tigkeiten schuldet, einschlie\u00dflich Zinsen und Kosten, in vollem Umfang an den Auftragnehmer bezahlt worden sind. Dennoch ist der Auftraggeber berechtigt, Dritten die Waren im Rahmen einer regul\u00e4ren Betriebsf\u00fchrung zu verkaufen und zu liefern. Bei Nichtbeachtung, unter welchen Zahlungsbedingungen auch immer, wird der Kaufpreis, einschlie\u00dflich Zinsen und Kosten, sofort in voller H\u00f6he f\u00e4llig.<\/p>\n<p>Dem Auftragnehmer wird gegebenenfalls einen ungehinderten Zugang zu der Ware\/den Waren gew\u00e4hrt. Der Auftraggeber wird dem Auftragnehmer alle Mitwirkung leisten, um es dem Auftragnehmer zu erm\u00f6glichen, den in Absatz 3 aufgenommenen Eigentumsvorbehalt mittels Zur\u00fccknahme der Ware(n) auszu\u00fcben.<\/p>\n<h2>Artikel VIII Reklamationen<\/h2>\n<p>Reklamationen \u00fcber Fehler, irrt\u00fcmliche Lieferungen und auswendig sichtbare M\u00e4ngel sind innerhalb von 14 Tagen nach Eingang der Waren beim Auftraggeber geltend zu machen. Nach Ablauf dieser Frist erlischt jeder eventueller Anspruch gegen\u00fcber dem betreffenden Auftragnehmer.<\/p>\n<h2>Artikel IX Garantie<\/h2>\n<p>Der Auftragnehmer wird Waren mit nicht auswendig sichtbaren M\u00e4ngeln, bez\u00fcglich welcher der Auftraggeber nachweist, dass sie direkt infolge der Benutzung ungeeigneter Materialien oder fehlerhafter Verarbeitung entstanden sind, nach eigener Wahl kostenlos ersetzen oder reparieren, unter Einhaltung der in den folgenden Abs\u00e4tzen genannten Beschr\u00e4nkungen.<\/p>\n<p>Die in Abs. 1 dieses Artikels beschriebene Garantie beschr\u00e4nkt sich auf die dort genannten M\u00e4ngel, die innerhalb eines Jahres nach Lieferung im Sinne von Art. VI Abs. 3 entstanden sind.<\/p>\n<p>Reklamationen aufgrund der Garantie sind dem Auftragnehmer unverz\u00fcglich, jedoch auf jeden Fall innerhalb von 14 Tagen nach dem Entstehen eines Mangels im Sinne von Abs. 1 dieses Artikels, schriftlich mitzuteilen. Bei \u00dcberschreitung dieser Frist erlischt jede Garantieverpflichtung des Auftragnehmers.<\/p>\n<p>Die Waren, auf die sich ein Garantieanspruch bezieht, sind nach R\u00fccksprache mit dem Auftragnehmer frachtfrei zur\u00fcckzusenden. Liefert der Auftragnehmer neue Waren zur Erf\u00fcllung seiner Garantieverpflichtung, bleiben bzw. werden die urspr\u00fcnglich gelieferten Waren sein Eigentum.<\/p>\n<p>Nicht unter die Garantie fallen M\u00e4ngel, die durch das unsachgem\u00e4\u00dfe Transportieren, Lagern, Montieren, Verwenden, durch mangelhafte Wartung oder durch ohne schriftliche Genehmigung des Auftragnehmers ausgef\u00fchrte \u00c4nderungen &#8211; dies alles seitens des Auftraggebers oder Dritter &#8211; verursacht wurden.<\/p>\n<p>Werden andere als vom Auftragnehmer gelieferte Bestandteile benutzt, entf\u00e4llt jeder Anspruch auf Garantie.<\/p>\n<h2>Artikel X Haftung<\/h2>\n<p>Die vertragliche Haftung des Auftragnehmers beschr\u00e4nkt sich auf die Erf\u00fcllung der in Artikel IX dieser Allgemeinen Lieferbedingungen beschriebenen Garantieverpflichtungen.<\/p>\n<p>Vorbehaltlich grober Fahrl\u00e4ssigkeit seitens des Auftragnehmers und vorbehaltlich der Bestimmung in Abs. 1 ist jegliche Haftung des Auftragnehmers, z.B. f\u00fcr Betriebsschaden, sonstige indirekte Sch\u00e4den, wie Montagekosten, Personen- oder Sachsch\u00e4den, einschlie\u00dflich finanzieller oder anderer beweglicher Sachverluste, und Sch\u00e4den infolge von Haftung gegen\u00fcber Dritten, ausgeschlossen.<\/p>\n<p>Der Auftragnehmer haftet somit auch nicht f\u00fcr Verletzung von Patenten, Lizenzen oder anderen Rechten Dritter infolge der Verwendung der von dem oder f\u00fcr den Auftraggeber erteilten Informationen.<\/p>\n<p>Der Auftraggeber ist verpflichtet, dem Auftragnehmer f\u00fcr alle Anspr\u00fcche Dritter auf Schadensersatz, f\u00fcr die die Haftung des Auftragnehmers in diesen Allgemeinen Lieferbedingungen in der Gesch\u00e4ftsbeziehung mit dem Auftraggeber ausgeschlossen ist, Gew\u00e4hr zu leisten bzw. zu entsch\u00e4digen.<\/p>\n<h2>Artikel XI Muster, Werkzeuge, Stempel und Matrizen<\/h2>\n<p>Muster, Werkzeuge, Stempel und Matrizen, die speziell f\u00fcr einen Auftrag hergestellt werden, bleiben das Eigentum des Auftragnehmers, auch wenn daf\u00fcr Kosten in Rechnung gestellt wurden.<\/p>\n<p>Erh\u00e4lt oder akzeptiert der Auftragnehmer in Bezug auf einen bestimmten Artikel zwei Jahre keine Auftr\u00e4ge, ist er berechtigt, die betreffenden Muster, Werkzeuge, Stempel und Matrizen zu vernichten, ohne dass er den betreffenden Auftraggeber diesbez\u00fcglich informiert.<\/p>\n<h2>Artikel XII Anwendbares Recht und Streitigkeiten<\/h2>\n<p>Alle Vertr\u00e4ge, auf die diese Allgemeinen Lieferbedingungen ganz oder teilweise Anwendung finden, unterliegen niederl\u00e4ndischem Recht.<\/p>\n<p>Sofern Streitigkeiten in Bezug auf einen Vertrag, auf den diese Allgemeinen Lieferbedingungen ganz oder teilweise Anwendung finden, im Zusammenhang mit ihrer Art bzw. aufgrund des geforderten Betrags durch eine niederl\u00e4ndische Rechtbank (vgl. LG) zu beurteilen sind, ist ausschlie\u00dflich die Rechtbank des Bezirks, in dem der Auftragnehmer seinen Sitz hat, zust\u00e4ndig, \u00fcber diese Sache zu entscheiden.<\/p>\n\n    <\/div>\n\t<\/div>\n\t<\/div>\n<\/section>\n","protected":false},"excerpt":{"rendered":"","protected":false},"author":19,"featured_media":0,"parent":0,"menu_order":0,"comment_status":"closed","ping_status":"closed","template":"","meta":{"_acf_changed":false,"_trash_the_other_posts":false,"footnotes":""},"class_list":["post-15390","page","type-page","status-publish","hentry"],"acf":[],"yoast_head":"<!-- This site is optimized with the Yoast SEO plugin v27.1.1 - https:\/\/yoast.com\/product\/yoast-seo-wordpress\/ -->\n<title>Lieferbedingungen - AXA Home Security<\/title>\n<meta name=\"description\" content=\"Allgemeine Lieferbedingungen von Vereniging Fabrieken van Hang- en Sluitwerk (VHS)undAllgemeine Lieferbedingungen von Vereniging Fabrikanten IJzerwaren en Gereedschappen (IJG).\" \/>\n<meta name=\"robots\" content=\"index, follow, max-snippet:-1, max-image-preview:large, max-video-preview:-1\" \/>\n<link rel=\"canonical\" href=\"https:\/\/axahomesecurity.com\/de\/lieferbedingungen\/\" \/>\n<meta property=\"og:locale\" content=\"en_US\" \/>\n<meta property=\"og:type\" content=\"article\" \/>\n<meta property=\"og:title\" content=\"Lieferbedingungen - AXA Home Security\" \/>\n<meta property=\"og:description\" content=\"Allgemeine Lieferbedingungen von Vereniging Fabrieken van Hang- en Sluitwerk (VHS)undAllgemeine Lieferbedingungen von Vereniging Fabrikanten IJzerwaren en Gereedschappen (IJG).\" \/>\n<meta property=\"og:url\" content=\"https:\/\/axahomesecurity.com\/de\/lieferbedingungen\/\" \/>\n<meta property=\"og:site_name\" content=\"AXA Home Security \ud83c\udde9\ud83c\uddea\" \/>\n<meta property=\"article:modified_time\" content=\"2024-08-14T12:11:08+00:00\" \/>\n<meta name=\"twitter:card\" content=\"summary_large_image\" \/>\n<script type=\"application\/ld+json\" class=\"yoast-schema-graph\">{\"@context\":\"https:\/\/schema.org\",\"@graph\":[{\"@type\":\"WebPage\",\"@id\":\"https:\/\/axahomesecurity.com\/de\/lieferbedingungen\/\",\"url\":\"https:\/\/axahomesecurity.com\/de\/lieferbedingungen\/\",\"name\":\"Lieferbedingungen - AXA Home Security\",\"isPartOf\":{\"@id\":\"https:\/\/axahomesecurity.com\/de\/#website\"},\"datePublished\":\"2024-04-25T17:23:36+00:00\",\"dateModified\":\"2024-08-14T12:11:08+00:00\",\"description\":\"Allgemeine Lieferbedingungen von Vereniging Fabrieken van Hang- en Sluitwerk (VHS)undAllgemeine Lieferbedingungen von Vereniging Fabrikanten IJzerwaren en Gereedschappen (IJG).\",\"breadcrumb\":{\"@id\":\"https:\/\/axahomesecurity.com\/de\/lieferbedingungen\/#breadcrumb\"},\"inLanguage\":\"en-US\",\"potentialAction\":[{\"@type\":\"ReadAction\",\"target\":[\"https:\/\/axahomesecurity.com\/de\/lieferbedingungen\/\"]}]},{\"@type\":\"BreadcrumbList\",\"@id\":\"https:\/\/axahomesecurity.com\/de\/lieferbedingungen\/#breadcrumb\",\"itemListElement\":[{\"@type\":\"ListItem\",\"position\":1,\"name\":\"house\",\"item\":\"https:\/\/axahomesecurity.com\/de\/\"},{\"@type\":\"ListItem\",\"position\":2,\"name\":\"Lieferbedingungen\"}]},{\"@type\":\"WebSite\",\"@id\":\"https:\/\/axahomesecurity.com\/de\/#website\",\"url\":\"https:\/\/axahomesecurity.com\/de\/\",\"name\":\"AXA Home\",\"description\":\"\",\"potentialAction\":[{\"@type\":\"SearchAction\",\"target\":{\"@type\":\"EntryPoint\",\"urlTemplate\":\"https:\/\/axahomesecurity.com\/de\/?s={search_term_string}\"},\"query-input\":{\"@type\":\"PropertyValueSpecification\",\"valueRequired\":true,\"valueName\":\"search_term_string\"}}],\"inLanguage\":\"en-US\"}]}<\/script>\n<!-- \/ Yoast SEO plugin. -->","yoast_head_json":{"title":"Lieferbedingungen - AXA Home Security","description":"Allgemeine Lieferbedingungen von Vereniging Fabrieken van Hang- en Sluitwerk (VHS)undAllgemeine Lieferbedingungen von Vereniging Fabrikanten IJzerwaren en Gereedschappen (IJG).","robots":{"index":"index","follow":"follow","max-snippet":"max-snippet:-1","max-image-preview":"max-image-preview:large","max-video-preview":"max-video-preview:-1"},"canonical":"https:\/\/axahomesecurity.com\/de\/lieferbedingungen\/","og_locale":"en_US","og_type":"article","og_title":"Lieferbedingungen - AXA Home Security","og_description":"Allgemeine Lieferbedingungen von Vereniging Fabrieken van Hang- en Sluitwerk (VHS)undAllgemeine Lieferbedingungen von Vereniging Fabrikanten IJzerwaren en Gereedschappen (IJG).","og_url":"https:\/\/axahomesecurity.com\/de\/lieferbedingungen\/","og_site_name":"AXA Home Security \ud83c\udde9\ud83c\uddea","article_modified_time":"2024-08-14T12:11:08+00:00","twitter_card":"summary_large_image","schema":{"@context":"https:\/\/schema.org","@graph":[{"@type":"WebPage","@id":"https:\/\/axahomesecurity.com\/de\/lieferbedingungen\/","url":"https:\/\/axahomesecurity.com\/de\/lieferbedingungen\/","name":"Lieferbedingungen - AXA Home Security","isPartOf":{"@id":"https:\/\/axahomesecurity.com\/de\/#website"},"datePublished":"2024-04-25T17:23:36+00:00","dateModified":"2024-08-14T12:11:08+00:00","description":"Allgemeine Lieferbedingungen von Vereniging Fabrieken van Hang- en Sluitwerk (VHS)undAllgemeine Lieferbedingungen von Vereniging Fabrikanten IJzerwaren en Gereedschappen (IJG).","breadcrumb":{"@id":"https:\/\/axahomesecurity.com\/de\/lieferbedingungen\/#breadcrumb"},"inLanguage":"en-US","potentialAction":[{"@type":"ReadAction","target":["https:\/\/axahomesecurity.com\/de\/lieferbedingungen\/"]}]},{"@type":"BreadcrumbList","@id":"https:\/\/axahomesecurity.com\/de\/lieferbedingungen\/#breadcrumb","itemListElement":[{"@type":"ListItem","position":1,"name":"house","item":"https:\/\/axahomesecurity.com\/de\/"},{"@type":"ListItem","position":2,"name":"Lieferbedingungen"}]},{"@type":"WebSite","@id":"https:\/\/axahomesecurity.com\/de\/#website","url":"https:\/\/axahomesecurity.com\/de\/","name":"AXA Home","description":"","potentialAction":[{"@type":"SearchAction","target":{"@type":"EntryPoint","urlTemplate":"https:\/\/axahomesecurity.com\/de\/?s={search_term_string}"},"query-input":{"@type":"PropertyValueSpecification","valueRequired":true,"valueName":"search_term_string"}}],"inLanguage":"en-US"}]}},"jetpack_sharing_enabled":true,"_links":{"self":[{"href":"https:\/\/axahomesecurity.com\/de\/wp-json\/wp\/v2\/pages\/15390","targetHints":{"allow":["GET"]}}],"collection":[{"href":"https:\/\/axahomesecurity.com\/de\/wp-json\/wp\/v2\/pages"}],"about":[{"href":"https:\/\/axahomesecurity.com\/de\/wp-json\/wp\/v2\/types\/page"}],"author":[{"embeddable":true,"href":"https:\/\/axahomesecurity.com\/de\/wp-json\/wp\/v2\/users\/19"}],"replies":[{"embeddable":true,"href":"https:\/\/axahomesecurity.com\/de\/wp-json\/wp\/v2\/comments?post=15390"}],"version-history":[{"count":21,"href":"https:\/\/axahomesecurity.com\/de\/wp-json\/wp\/v2\/pages\/15390\/revisions"}],"predecessor-version":[{"id":54487,"href":"https:\/\/axahomesecurity.com\/de\/wp-json\/wp\/v2\/pages\/15390\/revisions\/54487"}],"wp:attachment":[{"href":"https:\/\/axahomesecurity.com\/de\/wp-json\/wp\/v2\/media?parent=15390"}],"curies":[{"name":"wp","href":"https:\/\/api.w.org\/{rel}","templated":true}]}}