{"id":15054,"date":"2024-04-23T15:23:17","date_gmt":"2024-04-23T15:23:17","guid":{"rendered":"https:\/\/axahomesecurity.com\/de\/?page_id=15054"},"modified":"2026-04-13T10:25:29","modified_gmt":"2026-04-13T10:25:29","slug":"nachhaltigkeit","status":"publish","type":"page","link":"https:\/\/axahomesecurity.com\/de\/nachhaltigkeit\/","title":{"rendered":"Nachhaltigkeit"},"content":{"rendered":"<section id=\"\" class=\"relative after:w-full after:h-full after:top-0 after:left-0 after:bg-[rgba(0,0,0,0.35)] after:absolute   !pt-[96px] is-layout-flex wp-block-acf-hero-is-layout-flex\" style=\"padding-top:16px; padding-bottom:136px; color: var(--wp--preset--color--font); \">\n\n\t\t\t\t<img loading=\"lazy\" decoding=\"async\" width=\"2048\" height=\"1229\" src=\"https:\/\/axahomesecurity.com\/de\/wp-content\/uploads\/sites\/31\/2024\/10\/AdobeStock_507571792.jpeg?w=2048\" class=\"w-full h-full absolute top-0 left-0 object-cover \" alt=\"\" srcset=\"https:\/\/axahomesecurity.com\/de\/wp-content\/uploads\/sites\/31\/2024\/10\/AdobeStock_507571792.jpeg 5000w, https:\/\/axahomesecurity.com\/de\/wp-content\/uploads\/sites\/31\/2024\/10\/AdobeStock_507571792.jpeg?resize=512,307 512w, https:\/\/axahomesecurity.com\/de\/wp-content\/uploads\/sites\/31\/2024\/10\/AdobeStock_507571792.jpeg?resize=768,461 768w, https:\/\/axahomesecurity.com\/de\/wp-content\/uploads\/sites\/31\/2024\/10\/AdobeStock_507571792.jpeg?resize=2048,1229 2048w, https:\/\/axahomesecurity.com\/de\/wp-content\/uploads\/sites\/31\/2024\/10\/AdobeStock_507571792.jpeg?resize=1536,922 1536w, https:\/\/axahomesecurity.com\/de\/wp-content\/uploads\/sites\/31\/2024\/10\/AdobeStock_507571792.jpeg?resize=1350,810 1350w, https:\/\/axahomesecurity.com\/de\/wp-content\/uploads\/sites\/31\/2024\/10\/AdobeStock_507571792.jpeg?resize=600,360 600w\" sizes=\"auto, (max-width: 2048px) 100vw, 2048px\" style=\"object-position:71% 49%\" data-ot-ignore=\"\" \/>\n\t\n\t\n\t<div class=\"relative container z-10\">\n\n\t\t<div class=\"relative w-full lg:w-6\/12\">\n\t\t\t<div class=\"content text-white    \">\n\t\t\t\t    <h1 class=\"\">Gemeinsam f\u00fcr eine nachhaltige Zukunft<\/h1>\n\t\t\t<\/div>\n\t\t<\/div>\n\n\t<\/div>\n<\/section>\n\n\n<section id=\"\" class=\"\" style=\"padding-top:var(--wp--preset--spacing--40); padding-bottom:var(--wp--preset--spacing--40); margin-top:var(--wp--preset--spacing--40); margin-bottom:var(--wp--preset--spacing--40); color: var(--wp--preset--color--font); \">\n\t<div class=\"container\">\n\t\t<div class=\"content     \">\n\t\t\t\t\t\t\t    <h2 class=\"\">Protecting tomorrow today<\/h2>\n\t\t\t    <div class=\"\">\n        <p>AXA Home Security ist seit \u00fcber 120 Jahren auf dem Beschlagsmarkt t\u00e4tig. Neben der Bereitstellung eines nachhaltigen, innovativen Produkts ist es sehr wichtig, einen Beitrag zur Sicherheit unseres Planeten zu leisten. Da man sich bei AXA um Menschen, Umwelt und Gesellschaft k\u00fcmmert, war es an der Zeit, alle Prozesse auf den Pr\u00fcfstand zu stellen. So wird AXA Home Security dem Slogan der Nachhaltigkeitskampagne \u201eHeute das Morgen sch\u00fctzen\u201c gerecht. AXA zeigt gerne, welche Schritte in Richtung einer nachhaltigen Zukunft unternommen werden.<\/p>\n\n    <\/div>\n\t<\/div>\n\t<\/div>\n<\/section>\n\n\n<section id=\"\" class=\"is-layout-flex wp-block-acf-content-image-is-layout-flex\" style=\"padding-top:var(--wp--preset--spacing--40); padding-bottom:var(--wp--preset--spacing--40); margin-top:var(--wp--preset--spacing--40); margin-bottom:var(--wp--preset--spacing--40); color: var(--wp--preset--color--font); \">\n\t<div class=\"container\">\n\n\t\t<div class=\"flex flex-col gap-10 lg:gap-0 lg:flex-row relative justify-start items-center justify-start \">\n\n\t\t\t<div class=\"w-full md:w-7\/12\">\n\t\t\t\t\t<img loading=\"lazy\" decoding=\"async\" width=\"660\" height=\"755\" src=\"https:\/\/axahomesecurity.com\/de\/wp-content\/uploads\/sites\/31\/2024\/10\/Afbeelding6.jpg?w=660\" class=\"w-full rounded \" alt=\"\" srcset=\"https:\/\/axahomesecurity.com\/de\/wp-content\/uploads\/sites\/31\/2024\/10\/Afbeelding6.jpg 660w, https:\/\/axahomesecurity.com\/de\/wp-content\/uploads\/sites\/31\/2024\/10\/Afbeelding6.jpg?resize=448,512 448w, https:\/\/axahomesecurity.com\/de\/wp-content\/uploads\/sites\/31\/2024\/10\/Afbeelding6.jpg?resize=600,686 600w\" sizes=\"auto, (max-width: 660px) 100vw, 660px\" data-ot-ignore=\"\" \/>\n\t\t\t<\/div>\n\n\t\t\t<div class=\"w-full md:w-6\/12 lg:absolute top-1\/2 lg:-translate-y-1\/2 bg-white py-10 pl-9 pr-7 shadow-contentcard rounded-[2px] right-0\">\n\t\t\t\t<div class=\"content [&amp;_p]:text-[18px]    \">\n\t\t\t\t\t\t\t    <h3 id=\"block_acf-block-671a36b079abd9.63933256\" class=\"\">Nachhaltige Verpackung<\/h3>\n\t\t\t    <div class=\"[&amp;_p]:text-[18px]\">\n        <p>Wer in einem Eisenwarengesch\u00e4ft oder im Gro\u00dfhandel ein Fensterschloss oder einen T\u00fcrbeschlag sucht, denkt wahrscheinlich nicht daran: Bei der Entwicklung von Verpackungen wird viel nachgedacht. Besonders f\u00fcr diejenigen, die eine umweltfreundlichere Wahl treffen wollen. Wie wir von AXA Home Security. Und wir zeigen gerne, warum (besser f\u00fcr den Planeten und f\u00fcr uns alle) und wie wir es tun (mit viel Versuch und Irrtum!). Sind Sie neugierig auf die Herausforderungen und wie wir sie gemeistert haben?<\/p>\n\n    <\/div>\n\t\t<div class=\"flex flex-wrap gap-4 md:gap-6 mt-6\">\n\t\t\t\t\t\n\t<a href=\"#\" class=\"btn mt-6 btn--solid \" target=\"_self\">\n\t\t\t\t\t\tEntdecken Sie die neue Verpackung\n\t<\/a>\n\t\t\t<\/div>\n\n<\/div>\n\t\t\t<\/div>\n\n\t\t<\/div>\n\n\t<\/div>\n<\/section>\n\n\n<section id=\"\" class=\"is-layout-flex wp-block-acf-content-image-is-layout-flex\" style=\"padding-top:var(--wp--preset--spacing--40); padding-bottom:var(--wp--preset--spacing--40); margin-top:var(--wp--preset--spacing--80); margin-bottom:var(--wp--preset--spacing--80); color: var(--wp--preset--color--font); \">\n\t<div class=\"container\">\n\n\t\t<div class=\"flex flex-col gap-10 lg:gap-0 lg:flex-row relative justify-end items-center justify-start \">\n\n\t\t\t<div class=\"w-full md:w-7\/12\">\n\t\t\t\t\t<img loading=\"lazy\" decoding=\"async\" width=\"600\" height=\"383\" src=\"https:\/\/axahomesecurity.com\/de\/wp-content\/uploads\/sites\/31\/2024\/10\/Cradle-2-cradle1.png?w=600\" class=\"w-full rounded \" alt=\"\" srcset=\"https:\/\/axahomesecurity.com\/de\/wp-content\/uploads\/sites\/31\/2024\/10\/Cradle-2-cradle1.png 600w, https:\/\/axahomesecurity.com\/de\/wp-content\/uploads\/sites\/31\/2024\/10\/Cradle-2-cradle1.png?resize=512,327 512w\" sizes=\"auto, (max-width: 600px) 100vw, 600px\" data-ot-ignore=\"\" \/>\n\t\t\t<\/div>\n\n\t\t\t<div class=\"w-full md:w-6\/12 lg:absolute top-1\/2 lg:-translate-y-1\/2 bg-white py-10 pl-9 pr-7 shadow-contentcard rounded-[2px] left-0\">\n\t\t\t\t<div class=\"content [&amp;_p]:text-[18px]    \">\n\t\t\t\t\t\t\t    <h3 id=\"block_acf-block-671a36b079b574.78777351\" class=\"\">Cradle to Cradle <\/h3>\n\t\t\t    <div class=\"[&amp;_p]:text-[18px]\">\n        <p>Der Produktstandard Cradle to Cradle Certified\u00ae ist eine internationale Zertifizierung f\u00fcr Rohstoffe und Produkte, die vollst\u00e4ndig wiederverwendet werden k\u00f6nnen, so dass ihr Wert erhalten bleibt (Recycling) oder sogar erh\u00f6ht wird (Upcycling). Unsere Produkte werden haupts\u00e4chlich aus Aluminium und Stahl hergestellt. Wir erwarten, dass diese Materialien einen gewissen Anteil an recyceltem Material enthalten. Dies kann jedoch nicht durch die Chain of Custody oder andere Unterlagen nachgewiesen werden.<\/p>\n<p>Au\u00dferdem sind die Produkte so konzipiert, dass sie vollst\u00e4ndig zerlegt werden k\u00f6nnen. Nach dem Gebrauch k\u00f6nnen die verschiedenen Monomaterialstr\u00f6me \u00fcber die entsprechenden Kan\u00e4le wiederverwertet werden.<\/p>\n\n    <\/div>\n\t\t<div class=\"flex flex-wrap gap-4 md:gap-6 mt-6\">\n\t\t\t\t\t\t\n\t<a href=\"https:\/\/c2ccertified.org\/\" class=\"btn mt-6 btn--solid flex-row-reverse\" target=\"_blank\">\n\t\t\t\t\t\t\t        <div class=\"h-6 w-6 text-[24px] color: var(--wp--preset--color--font); flex justify-center items-center \">\n        <span class=\"material-symbols-rounded\">open_in_new<\/span>\n    <\/div>\n\t\t\t\tMehr informationen \u00fcber C2C\n\t<\/a>\n\t\t\t<\/div>\n\n<\/div>\n\t\t\t<\/div>\n\n\t\t<\/div>\n\n\t<\/div>\n<\/section>\n\n\n<section id=\"\" class=\"is-layout-flex wp-block-acf-content-image-is-layout-flex\" style=\"padding-top:var(--wp--preset--spacing--80); padding-bottom:var(--wp--preset--spacing--80); margin-top:var(--wp--preset--spacing--80); margin-bottom:var(--wp--preset--spacing--80); color: var(--wp--preset--color--font); \">\n\t<div class=\"container\">\n\n\t\t<div class=\"flex flex-col gap-10 lg:gap-0 lg:flex-row relative justify-start items-center justify-start \">\n\n\t\t\t<div class=\"w-full md:w-7\/12\">\n\t\t\t\t\t<img loading=\"lazy\" decoding=\"async\" width=\"2048\" height=\"1365\" src=\"https:\/\/axahomesecurity.com\/de\/wp-content\/uploads\/sites\/31\/2024\/10\/BB2A9341-11.jpg?w=2048\" class=\"w-full rounded \" alt=\"\" srcset=\"https:\/\/axahomesecurity.com\/de\/wp-content\/uploads\/sites\/31\/2024\/10\/BB2A9341-11.jpg 2048w, https:\/\/axahomesecurity.com\/de\/wp-content\/uploads\/sites\/31\/2024\/10\/BB2A9341-11.jpg?resize=512,341 512w, https:\/\/axahomesecurity.com\/de\/wp-content\/uploads\/sites\/31\/2024\/10\/BB2A9341-11.jpg?resize=768,512 768w, https:\/\/axahomesecurity.com\/de\/wp-content\/uploads\/sites\/31\/2024\/10\/BB2A9341-11.jpg?resize=1536,1024 1536w, https:\/\/axahomesecurity.com\/de\/wp-content\/uploads\/sites\/31\/2024\/10\/BB2A9341-11.jpg?resize=1215,810 1215w, https:\/\/axahomesecurity.com\/de\/wp-content\/uploads\/sites\/31\/2024\/10\/BB2A9341-11.jpg?resize=600,400 600w\" sizes=\"auto, (max-width: 2048px) 100vw, 2048px\" data-ot-ignore=\"\" \/>\n\t\t\t<\/div>\n\n\t\t\t<div class=\"w-full md:w-6\/12 lg:absolute top-1\/2 lg:-translate-y-1\/2 bg-white py-10 pl-9 pr-7 shadow-contentcard rounded-[2px] right-0\">\n\t\t\t\t<div class=\"content [&amp;_p]:text-[18px]    \">\n\t\t\t\t\t\t\t    <h3 id=\"block_acf-block-671a36b079be71.70816649\" class=\"\">Protecting tomorrow today: Wir tun es mit- und f\u00fcreinander<\/h3>\n\t\t\t    <div class=\"[&amp;_p]:text-[18px]\">\n        <p>Der Schutz der Menschen ist die Grundlage unseres Gesch\u00e4fts. Das gilt f\u00fcr unsere Produkte, aber seit unserer Gr\u00fcndung sind wir auch bestrebt, \u00fcber die Grenzen unseres Unternehmens hinauszuschauen, um die Gesellschaft ein wenig gerechter, gleichberechtigter und leistungsf\u00e4higer zu machen. Wir wissen aus Erfahrung, dass wir dies nur erreichen k\u00f6nnen, wenn wir es mit- und f\u00fcreinander tun. So sind wir seit der Gr\u00fcndung vor f\u00fcnfundsechzig Jahren mit der Werkvoorziening Zuidoost Utrecht, der Vorg\u00e4ngerin der heutigen sozialen Entwicklungsgesellschaft IW4, verbunden. <\/p>\n\n    <\/div>\n\t\t<div class=\"flex flex-wrap gap-4 md:gap-6 mt-6\">\n\t\t\t\t\t\t\n\t<a href=\"https:\/\/www.iw4.nl\/\" class=\"btn mt-6 btn--solid flex-row-reverse\" target=\"_blank\">\n\t\t\t\t\t\t\t        <div class=\"h-6 w-6 text-[24px] color: var(--wp--preset--color--font); flex justify-center items-center \">\n        <span class=\"material-symbols-rounded\">open_in_new<\/span>\n    <\/div>\n\t\t\t\tMehr informationen \u00fcber IW4\n\t<\/a>\n\t\t\t<\/div>\n\n<\/div>\n\t\t\t<\/div>\n\n\t\t<\/div>\n\n\t<\/div>\n<\/section>\n\n\n<section id=\"\" class=\"is-layout-flex wp-block-acf-latest-news-is-layout-flex\" style=\"padding-top:var(--wp--preset--spacing--40); padding-bottom:var(--wp--preset--spacing--40); margin-top:var(--wp--preset--spacing--80); margin-bottom:var(--wp--preset--spacing--80); color: var(--wp--preset--color--font); \">\n\t<div class=\"container\">\n\t\t\n\n<div class=\"slider\" data-swiper=\"{&quot;slidesPerView&quot;:1.2,&quot;spaceBetween&quot;:16,&quot;swipeDirection&quot;:&quot;next&quot;,&quot;pagination&quot;:false,&quot;breakpoints&quot;:{&quot;768&quot;:{&quot;slidesPerView&quot;:2,&quot;spaceBetween&quot;:16},&quot;1024&quot;:{&quot;slidesPerView&quot;:3,&quot;spaceBetween&quot;:24}}}\">\n\n\t<div class=\"flex justify-between items-center mb-6\">\n\n\t\t\t\t\t    <h3 id=\"block_acf-block-671a36b079df76.47269216\" class=\"w-fit mb-0\">Nachrichten \u00fcber Nachaltigkeit <\/h3>\n\t\t\n\t\t<div class=\"w-fit flex gap-9 items-center relative z-10 justify-end\">\n\t\t\t\t\t\t<div class=\"swiper-button-prev items-center \" style=\"color: var(--wp--preset--color--font);\"><\/div>\n\t\t\t\t\t\t<div class=\"swiper-button-next items-center \" style=\"color: var(--wp--preset--color--font);\"><\/div>\n\n\t\t<\/div>\n\n\t<\/div>\n\n\n\t<div class=\"swiper   \">\n\t\t<div class=\"swiper-wrapper\">\n\t\t\t\t\t\t\t<div class=\"swiper-slide !h-auto\">\n\t\t\t\t\t<article class=\"relative h-full bg-white rounded-[3px] border-[1px] border-neutral-25\">\n\t<a href=\"https:\/\/axahomesecurity.com\/de\/nieuws\/neue-verpackungen\/\">\n\t\t\t\t\t<img loading=\"lazy\" decoding=\"async\" width=\"1216\" height=\"1356\" src=\"https:\/\/axahomesecurity.com\/de\/wp-content\/uploads\/sites\/31\/2024\/10\/Verpakking.png?w=1216\" class=\"w-full object-cover rounded-[3px] max-h-[165px] wp-post-image\" alt=\"\" srcset=\"https:\/\/axahomesecurity.com\/de\/wp-content\/uploads\/sites\/31\/2024\/10\/Verpakking.png 1216w, https:\/\/axahomesecurity.com\/de\/wp-content\/uploads\/sites\/31\/2024\/10\/Verpakking.png?resize=459,512 459w, https:\/\/axahomesecurity.com\/de\/wp-content\/uploads\/sites\/31\/2024\/10\/Verpakking.png?resize=768,856 768w, https:\/\/axahomesecurity.com\/de\/wp-content\/uploads\/sites\/31\/2024\/10\/Verpakking.png?resize=726,810 726w, https:\/\/axahomesecurity.com\/de\/wp-content\/uploads\/sites\/31\/2024\/10\/Verpakking.png?resize=600,669 600w\" sizes=\"auto, (max-width: 1216px) 100vw, 1216px\" data-ot-ignore=\"\" \/>\n\t\t\n\t\t\t\t\t<div class=\"flex gap-3 flex-wrap flex-row absolute top-4 left-4\">\n\t\t\t\t\t\t\t\t\t\t\t\t\t\t\t\t\t\t\t\t\t<span class=\"py-1 px-2 bg-[var(--primary-DEFAULT)] rounded-[4px] text-sm text-white font-light\">Nachhaltigkeit<\/span>\n\t\t\t\t\t\t\t\t\t\t\t\t\t\t\t\t\t\t\t\t\t\t\t<span class=\"py-1 px-2 bg-[var(--primary-DEFAULT)] rounded-[4px] text-sm text-white font-light\">Nachtrichten<\/span>\n\t\t\t\t\t\t\t\t\t\t\t\t\t\t\t\t\t\t\t\t\t\t\t<span class=\"py-1 px-2 bg-[var(--primary-DEFAULT)] rounded-[4px] text-sm text-white font-light\">Produkte<\/span>\n\t\t\t\t\t\t\t\t\t\t\t\t\t\t\t\n\t\t\t\t\t\t\t\t\t<span class=\"py-1 px-2 bg-secondary-dark rounded-[4px] text-sm text-white font-light\">17\/10\/2024<\/span>\n\t\t\t\t\t\t\t<\/div>\n\t\t\n\t\t\t\t\t<div class=\"flex flex-col p-6 pb-7\">\n\n\t\t\t\t\t\t\t\t\t    <h4 class=\"mb-3 leading-[1.33]\">Neue Verpackungen<\/h4>\n\t\t\t\t\n\t\t\t\t\t\t\t\t\t<div class=\"font-normal mb-[6px]\">AXA Home Security hat die Herausforderung angenommen und arbeitet an der Ver\u00e4nderung<\/div>\n\t\t\t\t\n\t\t\t\t\t\t\t\t\t<div>\n\t\t\t\t\t\t\n\t<a href=\"https:\/\/axahomesecurity.com\/de\/nieuws\/neue-verpackungen\/\" class=\"btn  btn--link btn--icon-right \" target=\"_self\">\n\t\t\t\t\t        <div class=\"h-6 w-6 text-[24px] color: var(--wp--preset--color--font); flex justify-center items-center \">\n        <span class=\"material-symbols-rounded\">chevron_right<\/span>\n    <\/div>\n\t\t\t\t\t\tMehr lesen\n\t<\/a>\n\t\t\t\t\t<\/div>\n\t\t\t\t\n\n\t\t\t<\/div>\n\t\t\t<\/a>\n<\/article>\n\t\t\t\t<\/div>\n\t\t\t\t\t\t\t<div class=\"swiper-slide !h-auto\">\n\t\t\t\t\t<article class=\"relative h-full bg-white rounded-[3px] border-[1px] border-neutral-25\">\n\t<a href=\"https:\/\/axahomesecurity.com\/de\/nieuws\/nachhaltigkeitstag\/\">\n\t\t\t\t\t<img loading=\"lazy\" decoding=\"async\" width=\"2048\" height=\"2048\" src=\"https:\/\/axahomesecurity.com\/de\/wp-content\/uploads\/sites\/31\/2024\/10\/dag-van-de-duurzaamheid1.svg?w=2048\" class=\"w-full object-cover rounded-[3px] max-h-[165px] wp-post-image\" alt=\"\" data-ot-ignore=\"\" \/>\n\t\t\n\t\t\t\t\t<div class=\"flex gap-3 flex-wrap flex-row absolute top-4 left-4\">\n\t\t\t\t\t\t\t\t\t\t\t\t\t\t\t\t\t\t\t\t\t<span class=\"py-1 px-2 bg-[var(--primary-DEFAULT)] rounded-[4px] text-sm text-white font-light\">Nachhaltigkeit<\/span>\n\t\t\t\t\t\t\t\t\t\t\t\t\t\t\t\t\t\t\t\t\t\t\t<span class=\"py-1 px-2 bg-[var(--primary-DEFAULT)] rounded-[4px] text-sm text-white font-light\">Nachtrichten<\/span>\n\t\t\t\t\t\t\t\t\t\t\t\t\t\t\t\t\t\t\t\t\t\t\t<span class=\"py-1 px-2 bg-[var(--primary-DEFAULT)] rounded-[4px] text-sm text-white font-light\">Produkte<\/span>\n\t\t\t\t\t\t\t\t\t\t\t\t\t\t\t\n\t\t\t\t\t\t\t\t\t<span class=\"py-1 px-2 bg-secondary-dark rounded-[4px] text-sm text-white font-light\">10\/10\/2024<\/span>\n\t\t\t\t\t\t\t<\/div>\n\t\t\n\t\t\t\t\t<div class=\"flex flex-col p-6 pb-7\">\n\n\t\t\t\t\t\t\t\t\t    <h4 class=\"mb-3 leading-[1.33]\">Nachhaltigkeitstag<\/h4>\n\t\t\t\t\n\t\t\t\t\t\t\t\t\t<div class=\"font-normal mb-[6px]\">Heute ist der Tag der Nachhaltigkeit. F\u00fcr AXA Home Security ist dies ein Anlass zum <\/div>\n\t\t\t\t\n\t\t\t\t\t\t\t\t\t<div>\n\t\t\t\t\t\t\n\t<a href=\"https:\/\/axahomesecurity.com\/de\/nieuws\/nachhaltigkeitstag\/\" class=\"btn  btn--link btn--icon-right \" target=\"_self\">\n\t\t\t\t\t        <div class=\"h-6 w-6 text-[24px] color: var(--wp--preset--color--font); flex justify-center items-center \">\n        <span class=\"material-symbols-rounded\">chevron_right<\/span>\n    <\/div>\n\t\t\t\t\t\tMehr lesen\n\t<\/a>\n\t\t\t\t\t<\/div>\n\t\t\t\t\n\n\t\t\t<\/div>\n\t\t\t<\/a>\n<\/article>\n\t\t\t\t<\/div>\n\t\t\t\t\t\t\t<div class=\"swiper-slide !h-auto\">\n\t\t\t\t\t<article class=\"relative h-full bg-white rounded-[3px] border-[1px] border-neutral-25\">\n\t<a href=\"https:\/\/axahomesecurity.com\/de\/nieuws\/cradle-to-cradle-certificiert-bronze\/\">\n\t\t\t\t\t<img loading=\"lazy\" decoding=\"async\" width=\"590\" height=\"590\" src=\"https:\/\/axahomesecurity.com\/de\/wp-content\/uploads\/sites\/31\/2024\/10\/Foto-6662201172-Premium-Veiligheidsbeslag-D-duwerArrow-PC72-anti-kerntrek-8713249244761_300dpi_100x100mm_D_NR-694.jpg?w=590\" class=\"w-full object-cover rounded-[3px] max-h-[165px] wp-post-image\" alt=\"\" srcset=\"https:\/\/axahomesecurity.com\/de\/wp-content\/uploads\/sites\/31\/2024\/10\/Foto-6662201172-Premium-Veiligheidsbeslag-D-duwerArrow-PC72-anti-kerntrek-8713249244761_300dpi_100x100mm_D_NR-694.jpg 590w, https:\/\/axahomesecurity.com\/de\/wp-content\/uploads\/sites\/31\/2024\/10\/Foto-6662201172-Premium-Veiligheidsbeslag-D-duwerArrow-PC72-anti-kerntrek-8713249244761_300dpi_100x100mm_D_NR-694.jpg?resize=150,150 150w, https:\/\/axahomesecurity.com\/de\/wp-content\/uploads\/sites\/31\/2024\/10\/Foto-6662201172-Premium-Veiligheidsbeslag-D-duwerArrow-PC72-anti-kerntrek-8713249244761_300dpi_100x100mm_D_NR-694.jpg?resize=512,512 512w, https:\/\/axahomesecurity.com\/de\/wp-content\/uploads\/sites\/31\/2024\/10\/Foto-6662201172-Premium-Veiligheidsbeslag-D-duwerArrow-PC72-anti-kerntrek-8713249244761_300dpi_100x100mm_D_NR-694.jpg?resize=300,300 300w, https:\/\/axahomesecurity.com\/de\/wp-content\/uploads\/sites\/31\/2024\/10\/Foto-6662201172-Premium-Veiligheidsbeslag-D-duwerArrow-PC72-anti-kerntrek-8713249244761_300dpi_100x100mm_D_NR-694.jpg?resize=100,100 100w\" sizes=\"auto, (max-width: 590px) 100vw, 590px\" data-ot-ignore=\"\" \/>\n\t\t\n\t\t\t\t\t<div class=\"flex gap-3 flex-wrap flex-row absolute top-4 left-4\">\n\t\t\t\t\t\t\t\t\t\t\t\t\t\t\t\t\t\t\t\t\t<span class=\"py-1 px-2 bg-[var(--primary-DEFAULT)] rounded-[4px] text-sm text-white font-light\">Nachhaltigkeit<\/span>\n\t\t\t\t\t\t\t\t\t\t\t\t\t\t\t\t\t\t\t\t\t\t\t<span class=\"py-1 px-2 bg-[var(--primary-DEFAULT)] rounded-[4px] text-sm text-white font-light\">Nachtrichten<\/span>\n\t\t\t\t\t\t\t\t\t\t\t\t\t\t\t\t\t\t\t\t\t\t\t<span class=\"py-1 px-2 bg-[var(--primary-DEFAULT)] rounded-[4px] text-sm text-white font-light\">Produkte<\/span>\n\t\t\t\t\t\t\t\t\t\t\t\t\t\t\t\n\t\t\t\t\t\t\t\t\t<span class=\"py-1 px-2 bg-secondary-dark rounded-[4px] text-sm text-white font-light\">01\/06\/2024<\/span>\n\t\t\t\t\t\t\t<\/div>\n\t\t\n\t\t\t\t\t<div class=\"flex flex-col p-6 pb-7\">\n\n\t\t\t\t\t\t\t\t\t    <h4 class=\"mb-3 leading-[1.33]\">Cradle to Cradle zertifiziert Bronze<\/h4>\n\t\t\t\t\n\t\t\t\t\t\t\t\t\t<div class=\"font-normal mb-[6px]\">AXA Home Security hat einen gro\u00dfen Schritt in Richtung eines nachhaltigeren Angebots<\/div>\n\t\t\t\t\n\t\t\t\t\t\t\t\t\t<div>\n\t\t\t\t\t\t\n\t<a href=\"https:\/\/axahomesecurity.com\/de\/nieuws\/cradle-to-cradle-certificiert-bronze\/\" class=\"btn  btn--link btn--icon-right \" target=\"_self\">\n\t\t\t\t\t        <div class=\"h-6 w-6 text-[24px] color: var(--wp--preset--color--font); flex justify-center items-center \">\n        <span class=\"material-symbols-rounded\">chevron_right<\/span>\n    <\/div>\n\t\t\t\t\t\tMehr lesen\n\t<\/a>\n\t\t\t\t\t<\/div>\n\t\t\t\t\n\n\t\t\t<\/div>\n\t\t\t<\/a>\n<\/article>\n\t\t\t\t<\/div>\n\t\t\t\t\t<\/div>\n\t<\/div>\n\n\n<\/div>\n\t<\/div>\n<\/section>\n","protected":false},"excerpt":{"rendered":"","protected":false},"author":19,"featured_media":0,"parent":0,"menu_order":0,"comment_status":"closed","ping_status":"closed","template":"","meta":{"_acf_changed":false,"_trash_the_other_posts":false,"footnotes":""},"class_list":["post-15054","page","type-page","status-publish","hentry"],"acf":[],"yoast_head":"<!-- This site is optimized with the Yoast SEO plugin v27.1.1 - https:\/\/yoast.com\/product\/yoast-seo-wordpress\/ -->\n<title>Nachhaltigkeit<\/title>\n<meta name=\"description\" content=\"Nachhaltigkeit bei AXA Home Security: Unser Engagement f\u00fcr verantwortungsvolle Produktion, Innovation und eine sichere, nachhaltige Zukunft.\" \/>\n<meta name=\"robots\" content=\"index, follow, max-snippet:-1, max-image-preview:large, max-video-preview:-1\" \/>\n<link rel=\"canonical\" href=\"https:\/\/axahomesecurity.com\/de\/nachhaltigkeit\/\" \/>\n<meta property=\"og:locale\" content=\"en_US\" \/>\n<meta property=\"og:type\" content=\"article\" \/>\n<meta property=\"og:title\" content=\"Nachhaltigkeit\" \/>\n<meta property=\"og:description\" content=\"Nachhaltigkeit bei AXA Home Security: Unser Engagement f\u00fcr verantwortungsvolle Produktion, Innovation und eine sichere, nachhaltige Zukunft.\" \/>\n<meta property=\"og:url\" content=\"https:\/\/axahomesecurity.com\/de\/nachhaltigkeit\/\" \/>\n<meta property=\"og:site_name\" content=\"AXA Home Security \ud83c\udde9\ud83c\uddea\" \/>\n<meta property=\"article:modified_time\" content=\"2026-04-13T10:25:29+00:00\" \/>\n<meta name=\"twitter:card\" content=\"summary_large_image\" \/>\n<script type=\"application\/ld+json\" class=\"yoast-schema-graph\">{\"@context\":\"https:\/\/schema.org\",\"@graph\":[{\"@type\":\"WebPage\",\"@id\":\"https:\/\/axahomesecurity.com\/de\/nachhaltigkeit\/\",\"url\":\"https:\/\/axahomesecurity.com\/de\/nachhaltigkeit\/\",\"name\":\"Nachhaltigkeit\",\"isPartOf\":{\"@id\":\"https:\/\/axahomesecurity.com\/de\/#website\"},\"datePublished\":\"2024-04-23T15:23:17+00:00\",\"dateModified\":\"2026-04-13T10:25:29+00:00\",\"description\":\"Nachhaltigkeit bei AXA Home Security: Unser Engagement f\u00fcr verantwortungsvolle Produktion, Innovation und eine sichere, nachhaltige Zukunft.\",\"breadcrumb\":{\"@id\":\"https:\/\/axahomesecurity.com\/de\/nachhaltigkeit\/#breadcrumb\"},\"inLanguage\":\"en-US\",\"potentialAction\":[{\"@type\":\"ReadAction\",\"target\":[\"https:\/\/axahomesecurity.com\/de\/nachhaltigkeit\/\"]}]},{\"@type\":\"BreadcrumbList\",\"@id\":\"https:\/\/axahomesecurity.com\/de\/nachhaltigkeit\/#breadcrumb\",\"itemListElement\":[{\"@type\":\"ListItem\",\"position\":1,\"name\":\"house\",\"item\":\"https:\/\/axahomesecurity.com\/de\/\"},{\"@type\":\"ListItem\",\"position\":2,\"name\":\"Nachhaltigkeit\"}]},{\"@type\":\"WebSite\",\"@id\":\"https:\/\/axahomesecurity.com\/de\/#website\",\"url\":\"https:\/\/axahomesecurity.com\/de\/\",\"name\":\"AXA Home\",\"description\":\"\",\"potentialAction\":[{\"@type\":\"SearchAction\",\"target\":{\"@type\":\"EntryPoint\",\"urlTemplate\":\"https:\/\/axahomesecurity.com\/de\/?s={search_term_string}\"},\"query-input\":{\"@type\":\"PropertyValueSpecification\",\"valueRequired\":true,\"valueName\":\"search_term_string\"}}],\"inLanguage\":\"en-US\"}]}<\/script>\n<!-- \/ Yoast SEO plugin. -->","yoast_head_json":{"title":"Nachhaltigkeit","description":"Nachhaltigkeit bei AXA Home Security: Unser Engagement f\u00fcr verantwortungsvolle Produktion, Innovation und eine sichere, nachhaltige Zukunft.","robots":{"index":"index","follow":"follow","max-snippet":"max-snippet:-1","max-image-preview":"max-image-preview:large","max-video-preview":"max-video-preview:-1"},"canonical":"https:\/\/axahomesecurity.com\/de\/nachhaltigkeit\/","og_locale":"en_US","og_type":"article","og_title":"Nachhaltigkeit","og_description":"Nachhaltigkeit bei AXA Home Security: Unser Engagement f\u00fcr verantwortungsvolle Produktion, Innovation und eine sichere, nachhaltige Zukunft.","og_url":"https:\/\/axahomesecurity.com\/de\/nachhaltigkeit\/","og_site_name":"AXA Home Security \ud83c\udde9\ud83c\uddea","article_modified_time":"2026-04-13T10:25:29+00:00","twitter_card":"summary_large_image","schema":{"@context":"https:\/\/schema.org","@graph":[{"@type":"WebPage","@id":"https:\/\/axahomesecurity.com\/de\/nachhaltigkeit\/","url":"https:\/\/axahomesecurity.com\/de\/nachhaltigkeit\/","name":"Nachhaltigkeit","isPartOf":{"@id":"https:\/\/axahomesecurity.com\/de\/#website"},"datePublished":"2024-04-23T15:23:17+00:00","dateModified":"2026-04-13T10:25:29+00:00","description":"Nachhaltigkeit bei AXA Home Security: Unser Engagement f\u00fcr verantwortungsvolle Produktion, Innovation und eine sichere, nachhaltige Zukunft.","breadcrumb":{"@id":"https:\/\/axahomesecurity.com\/de\/nachhaltigkeit\/#breadcrumb"},"inLanguage":"en-US","potentialAction":[{"@type":"ReadAction","target":["https:\/\/axahomesecurity.com\/de\/nachhaltigkeit\/"]}]},{"@type":"BreadcrumbList","@id":"https:\/\/axahomesecurity.com\/de\/nachhaltigkeit\/#breadcrumb","itemListElement":[{"@type":"ListItem","position":1,"name":"house","item":"https:\/\/axahomesecurity.com\/de\/"},{"@type":"ListItem","position":2,"name":"Nachhaltigkeit"}]},{"@type":"WebSite","@id":"https:\/\/axahomesecurity.com\/de\/#website","url":"https:\/\/axahomesecurity.com\/de\/","name":"AXA Home","description":"","potentialAction":[{"@type":"SearchAction","target":{"@type":"EntryPoint","urlTemplate":"https:\/\/axahomesecurity.com\/de\/?s={search_term_string}"},"query-input":{"@type":"PropertyValueSpecification","valueRequired":true,"valueName":"search_term_string"}}],"inLanguage":"en-US"}]}},"jetpack_sharing_enabled":true,"_links":{"self":[{"href":"https:\/\/axahomesecurity.com\/de\/wp-json\/wp\/v2\/pages\/15054","targetHints":{"allow":["GET"]}}],"collection":[{"href":"https:\/\/axahomesecurity.com\/de\/wp-json\/wp\/v2\/pages"}],"about":[{"href":"https:\/\/axahomesecurity.com\/de\/wp-json\/wp\/v2\/types\/page"}],"author":[{"embeddable":true,"href":"https:\/\/axahomesecurity.com\/de\/wp-json\/wp\/v2\/users\/19"}],"replies":[{"embeddable":true,"href":"https:\/\/axahomesecurity.com\/de\/wp-json\/wp\/v2\/comments?post=15054"}],"version-history":[{"count":5,"href":"https:\/\/axahomesecurity.com\/de\/wp-json\/wp\/v2\/pages\/15054\/revisions"}],"predecessor-version":[{"id":142322,"href":"https:\/\/axahomesecurity.com\/de\/wp-json\/wp\/v2\/pages\/15054\/revisions\/142322"}],"wp:attachment":[{"href":"https:\/\/axahomesecurity.com\/de\/wp-json\/wp\/v2\/media?parent=15054"}],"curies":[{"name":"wp","href":"https:\/\/api.w.org\/{rel}","templated":true}]}}