{"id":15039,"date":"2024-04-23T13:32:21","date_gmt":"2024-04-23T13:32:21","guid":{"rendered":"https:\/\/axahomesecurity.com\/de\/?page_id=15039"},"modified":"2024-09-12T07:15:01","modified_gmt":"2024-09-12T07:15:01","slug":"qualitatszeichen","status":"publish","type":"page","link":"https:\/\/axahomesecurity.com\/de\/informationen\/qualitatszeichen\/","title":{"rendered":"Qualit\u00e4tszeichen"},"content":{"rendered":"<section id=\"\" class=\"relative after:w-full after:h-full after:top-0 after:left-0 after:bg-[rgba(0,0,0,0.35)] after:absolute   !pt-[96px] is-layout-flex wp-block-acf-hero-is-layout-flex\" style=\"padding-top:16px; padding-bottom:136px; color: var(--wp--preset--color--font); \">\n\n\t\t\t\t<img loading=\"lazy\" decoding=\"async\" width=\"2000\" height=\"600\" src=\"https:\/\/axahomesecurity.com\/de\/wp-content\/uploads\/sites\/31\/2024\/04\/axa-homepage-hero-titan.jpg?w=2000\" class=\"w-full h-full absolute top-0 left-0 object-cover \" alt=\"Banner AXA Titan\" srcset=\"https:\/\/axahomesecurity.com\/de\/wp-content\/uploads\/sites\/31\/2024\/04\/axa-homepage-hero-titan.jpg 2000w, https:\/\/axahomesecurity.com\/de\/wp-content\/uploads\/sites\/31\/2024\/04\/axa-homepage-hero-titan.jpg?resize=512,154 512w, https:\/\/axahomesecurity.com\/de\/wp-content\/uploads\/sites\/31\/2024\/04\/axa-homepage-hero-titan.jpg?resize=768,230 768w, https:\/\/axahomesecurity.com\/de\/wp-content\/uploads\/sites\/31\/2024\/04\/axa-homepage-hero-titan.jpg?resize=1536,461 1536w, https:\/\/axahomesecurity.com\/de\/wp-content\/uploads\/sites\/31\/2024\/04\/axa-homepage-hero-titan.jpg?resize=1440,432 1440w, https:\/\/axahomesecurity.com\/de\/wp-content\/uploads\/sites\/31\/2024\/04\/axa-homepage-hero-titan.jpg?resize=600,180 600w\" sizes=\"auto, (max-width: 2000px) 100vw, 2000px\" style=\"object-position:54% 32%\" data-ot-ignore=\"\" \/>\n\t\n\t\n\t<div class=\"relative container z-10\">\n\n\t\t<div class=\"relative w-full lg:w-6\/12\">\n\t\t\t<div class=\"content text-white    \">\n\t\t\t\t    <h1 class=\"\">Qualit\u00e4tszeichen<\/h1>\n\t\t    <div class=\"text-white\">\n        <p><br data-mce-bogus=\"1\"><\/p>\n\n    <\/div>\n\t<\/div>\n\t\t<\/div>\n\n\t<\/div>\n<\/section>\n\n\n<section id=\"\" class=\"\" style=\"padding-top:var(--wp--preset--spacing--80); padding-bottom:var(--wp--preset--spacing--80); color: var(--wp--preset--color--font); \">\n\t<div class=\"container\">\n\t\t<div class=\"content     \">\n\t    <span class=\"text-subtitle mb-2 block text-secondary \">Sicher Wohnen<\/span>\n\t\t\t\t\t    <div class=\"\">\n        <p>J\u00e4hrlich gibt es \u00fcber 70.000 Einbr\u00fcche, das sind etwa 200 pro Tag! 80 % der Einbr\u00fcche sind Gelegenheitseinbr\u00fcche. Der Einbrecher schaut, wo er schnell einsteigen kann. <strong>Viele H\u00e4user haben veraltete Beschl\u00e4ge oder keine Sicherheitsprodukte an T\u00fcren und Fenstern<\/strong>. Im Garten befindet sich eine M\u00fclltonne oder eine Leiter, die der Einbrecher benutzen kann. Im Durchschnitt brauchen sie nur 2 Minuten, um ins Haus zu gelangen! Mit dem SKG-G\u00fctezeichen und dem Polizei-Qualit\u00e4tszeichen auf Sicherheitsprodukten von AXA erh\u00f6hen Sie sofort die Einbruchsicherheit Ihres Hauses!<\/p>\n<p>Mit dem SKG-G\u00fctezeichen und dem Polizei-Qualit\u00e4tszeichen auf Sicherheitsprodukten von AXA erh\u00f6hen Sie sofort die Einbruchsicherheit Ihres Hauses!<\/p>\n\n    <\/div>\n\t<\/div>\n\t<\/div>\n<\/section>\n\n\n\t<section id=\"\" class=\"is-layout-flex wp-block-acf-anchor-menu-is-layout-flex\" style=\"padding-top:var(--wp--preset--spacing--80); padding-bottom:var(--wp--preset--spacing--80); color: var(--wp--preset--color--font); \">\n\t\t<div class=\"container \">\n\t\t\t<div class=\"flex relative scrollbar-none overflow-x-scroll overflow-y-hidden\">\n\t\t\t\t\t\t\t\t\t<a href=\"#skg\" class=\"p-3 no-underline font-light font-heading relative after:w-full after:h-[1px] after:absolute after:bottom-[0px] after:left-0 after:z-[1] hover:after:bg-[var(--primary-DEFAULT)] hover:text-[var(--primary-DEFAULT)] min-w-fit first:after:bg-[var(--primary-DEFAULT)] first:text-[var(--primary-DEFAULT)]\">SKG-zeichen<\/a>\n\t\t\t\t\t\t\t\t\t<a href=\"#POLIZEI-QUALIT\u00c4TSZEICHEN\" class=\"p-3 no-underline font-light font-heading relative after:w-full after:h-[1px] after:absolute after:bottom-[0px] after:left-0 after:z-[1] hover:after:bg-[var(--primary-DEFAULT)] hover:text-[var(--primary-DEFAULT)] min-w-fit first:after:bg-[var(--primary-DEFAULT)] first:text-[var(--primary-DEFAULT)]\">Polizei-zeichen<\/a>\n\t\t\t\t\t\t\t\t<div class=\"w-full bg-neutral-50 h-[1px] absolute bottom-0 left-0 border-b border-b-neutral-50 -z-10 mt-auto\"><\/div>\n\t\t\t<\/div>\n\t\t<\/div>\n\t<\/section>\n\n\n<section id=\"skg\" class=\"\" style=\"padding-top:var(--wp--preset--spacing--80); padding-bottom:var(--wp--preset--spacing--80); color: var(--wp--preset--color--font); \">\n\t<div class=\"container\">\n\t\t<div class=\"content     \">\n\t\t\t\t\t\t\t    <h2 class=\"\">SKG-G\u00fctezeichen<\/h2>\n\t\t\t    <div class=\"\">\n        <p>Das STICHTING KWALITEITSCENTRUM GEVELBOUW (SKG) ist ein unabh\u00e4ngiges Gremium, das seit mehr als 45 Jahren daf\u00fcr sorgt, dass Sicherheitsprodukte strenge Anforderungen erf\u00fcllen. Wenn ein Produkt das SKG-G\u00fctesiegel erh\u00e4lt, bedeutet dies, dass es diese Anforderungen erf\u00fcllt. Sie k\u00f6nnen das G\u00fctesiegel auf jedem einzelnen Produkt finden, sofern es zutrifft. F\u00fcr das Sortiment von AXA Home Security gilt dies nur f\u00fcr Sicherheitsprodukte. Das sind Produkte, die in der Regel mit einem Schlossmechanismus abschlie\u00dfbar sind!<\/p>\n<p>Das<strong> SKG-G\u00fctezeichen<\/strong> kann in folgende Stufen unterteilt werden:<\/p>\n<ul>\n<li><strong>ZUS\u00c4TZLICH<\/strong>: SKG-1 Stern mit H\u00e4kchen, erg\u00e4nzend. Das sind Produkte, die einen zus\u00e4tzlichen Beitrag zur sozialen Sicherheit leisten, wenn die Anforderungen an die Einbruchhemmung oder Diebstahlsicherung nicht unbedingt voll erf\u00fcllt werden m\u00fcssen.<\/li>\n<li><strong>STANDARD<\/strong>: SKG-1-Stern, nicht unabh\u00e4ngig. Diese Produkte verz\u00f6gern Einbrecher um mindestens 3 Minuten, wenn sie mit anderen einbruchhemmenden Produkten kombiniert werden.<\/li>\n<li><strong>HARD<\/strong>: SKG-2 Sterne, unabh\u00e4ngig. Diese Produkte k\u00f6nnen unabh\u00e4ngig voneinander Einbrecher um mindestens 3 Minuten aufhalten.<\/li>\n<li><strong>EXTRA STARK:<\/strong> SKG-3 Sterne, unabh\u00e4ngig. Diese Produkte k\u00f6nnen Einbrecher unabh\u00e4ngig voneinander um<strong> mindestens 5 Minuten<\/strong> aufhalten.<\/li>\n<\/ul>\n\n    <\/div>\n\t<\/div>\n\t<\/div>\n<\/section>\n\n\n<section id=\"\" class=\"\" style=\"padding-top:var(--wp--preset--spacing--80); padding-bottom:var(--wp--preset--spacing--80);  \">\n    <div class=\"container\">\n        <div class=\"grid gap-4 ms:gap-6 grid-cols-2 md:grid-cols-4\">\n                            \t<img loading=\"lazy\" decoding=\"async\" width=\"350\" height=\"263\" src=\"https:\/\/axahomesecurity.com\/de\/wp-content\/uploads\/sites\/31\/2024\/08\/skg-v-zwart_B0007233.png?w=350\" class=\"w-full rounded aspect-4\/3 object-cover\" alt=\"\" data-ot-ignore=\"\" \/>\n                            \t<img loading=\"lazy\" decoding=\"async\" width=\"350\" height=\"260\" src=\"https:\/\/axahomesecurity.com\/de\/wp-content\/uploads\/sites\/31\/2024\/08\/skg-1-zwart_B0007230.png?w=350\" class=\"w-full rounded aspect-4\/3 object-cover\" alt=\"\" data-ot-ignore=\"\" \/>\n                            \t<img loading=\"lazy\" decoding=\"async\" width=\"350\" height=\"260\" src=\"https:\/\/axahomesecurity.com\/de\/wp-content\/uploads\/sites\/31\/2024\/08\/skg-2-zwart_B0007231.png?w=350\" class=\"w-full rounded aspect-4\/3 object-cover\" alt=\"\" data-ot-ignore=\"\" \/>\n                            \t<img loading=\"lazy\" decoding=\"async\" width=\"350\" height=\"260\" src=\"https:\/\/axahomesecurity.com\/de\/wp-content\/uploads\/sites\/31\/2024\/08\/skg-3-zwart_B0007232.png?w=350\" class=\"w-full rounded aspect-4\/3 object-cover\" alt=\"\" data-ot-ignore=\"\" \/>\n                    <\/div>\n    <\/div>\n<\/section>\n\n\n<section id=\"\" class=\"\" style=\"padding-top:var(--wp--preset--spacing--80); padding-bottom:var(--wp--preset--spacing--80); color: var(--wp--preset--color--font); \">\n\t<div class=\"container\">\n\t\t<div class=\"content     \">\n\t\t\t\t\t\t\t    <h2 class=\"\">SKG-logo<\/h2>\n\t\t\t    <div class=\"\">\n        <p>Jetzt denken Sie vielleicht: \u201e3 oder 5 Minuten? Das ist doch nicht viel!\u201c <em><strong>Aber jetzt kommt&#8217;s: Die meisten Einbr\u00fcche sind Gelegenheitseinbr\u00fcche.<\/strong><\/em> <em><strong>Diese Einbrecher schauen nur, wo sie schnell einsteigen k\u00f6nnen.<\/strong><\/em> Aber sie sehen auch sofort, ob ein Haus \u00fcber Sicherheitsprodukte verf\u00fcgt. Und glauben Sie uns, wenn sie diese sehen, gehen sie lieber in ein Haus ohne SKG-Produkte. Es kann also wirklich einen gro\u00dfen Unterschied machen!<\/p>\n<h5>TIPP: Sie erkennen das G\u00fctesiegel an den SKG-Logos auf der Verpackung und auf dem Produkt selbst!<\/h5>\n\n    <\/div>\n\t<\/div>\n\t<\/div>\n<\/section>\n\n\n<section id=\"\" class=\"\" style=\"padding-top:var(--wp--preset--spacing--80); padding-bottom:var(--wp--preset--spacing--80);  \">\n    <div class=\"container\">\n        <div class=\"grid gap-4 ms:gap-6 grid-cols-2 md:grid-cols-4\">\n                            \t<img loading=\"lazy\" decoding=\"async\" width=\"1024\" height=\"681\" src=\"https:\/\/axahomesecurity.com\/de\/wp-content\/uploads\/sites\/31\/2024\/05\/AXA230424-banner-keurmerk-veiligheidsbeslag-alt-1024x681-1.jpg?w=1024\" class=\"w-full rounded aspect-4\/3 object-cover\" alt=\"\" srcset=\"https:\/\/axahomesecurity.com\/de\/wp-content\/uploads\/sites\/31\/2024\/05\/AXA230424-banner-keurmerk-veiligheidsbeslag-alt-1024x681-1.jpg 1024w, https:\/\/axahomesecurity.com\/de\/wp-content\/uploads\/sites\/31\/2024\/05\/AXA230424-banner-keurmerk-veiligheidsbeslag-alt-1024x681-1.jpg?resize=512,341 512w, https:\/\/axahomesecurity.com\/de\/wp-content\/uploads\/sites\/31\/2024\/05\/AXA230424-banner-keurmerk-veiligheidsbeslag-alt-1024x681-1.jpg?resize=768,511 768w, https:\/\/axahomesecurity.com\/de\/wp-content\/uploads\/sites\/31\/2024\/05\/AXA230424-banner-keurmerk-veiligheidsbeslag-alt-1024x681-1.jpg?resize=600,399 600w\" sizes=\"auto, (max-width: 1024px) 100vw, 1024px\" data-ot-ignore=\"\" \/>\n                            \t<img loading=\"lazy\" decoding=\"async\" width=\"1024\" height=\"681\" src=\"https:\/\/axahomesecurity.com\/de\/wp-content\/uploads\/sites\/31\/2024\/05\/AXA230424-banner-keurmerk-scharnier-1024x681-1.jpg?w=1024\" class=\"w-full rounded aspect-4\/3 object-cover\" alt=\"\" srcset=\"https:\/\/axahomesecurity.com\/de\/wp-content\/uploads\/sites\/31\/2024\/05\/AXA230424-banner-keurmerk-scharnier-1024x681-1.jpg 1024w, https:\/\/axahomesecurity.com\/de\/wp-content\/uploads\/sites\/31\/2024\/05\/AXA230424-banner-keurmerk-scharnier-1024x681-1.jpg?resize=512,341 512w, https:\/\/axahomesecurity.com\/de\/wp-content\/uploads\/sites\/31\/2024\/05\/AXA230424-banner-keurmerk-scharnier-1024x681-1.jpg?resize=768,511 768w, https:\/\/axahomesecurity.com\/de\/wp-content\/uploads\/sites\/31\/2024\/05\/AXA230424-banner-keurmerk-scharnier-1024x681-1.jpg?resize=600,399 600w\" sizes=\"auto, (max-width: 1024px) 100vw, 1024px\" data-ot-ignore=\"\" \/>\n                            \t<img loading=\"lazy\" decoding=\"async\" width=\"1024\" height=\"681\" src=\"https:\/\/axahomesecurity.com\/de\/wp-content\/uploads\/sites\/31\/2024\/05\/AXA230424-banner-keurmerk-raamsluiting-1024x681-1.jpg?w=1024\" class=\"w-full rounded aspect-4\/3 object-cover\" alt=\"\" srcset=\"https:\/\/axahomesecurity.com\/de\/wp-content\/uploads\/sites\/31\/2024\/05\/AXA230424-banner-keurmerk-raamsluiting-1024x681-1.jpg 1024w, https:\/\/axahomesecurity.com\/de\/wp-content\/uploads\/sites\/31\/2024\/05\/AXA230424-banner-keurmerk-raamsluiting-1024x681-1.jpg?resize=512,341 512w, https:\/\/axahomesecurity.com\/de\/wp-content\/uploads\/sites\/31\/2024\/05\/AXA230424-banner-keurmerk-raamsluiting-1024x681-1.jpg?resize=768,511 768w, https:\/\/axahomesecurity.com\/de\/wp-content\/uploads\/sites\/31\/2024\/05\/AXA230424-banner-keurmerk-raamsluiting-1024x681-1.jpg?resize=600,399 600w\" sizes=\"auto, (max-width: 1024px) 100vw, 1024px\" data-ot-ignore=\"\" \/>\n                            \t<img loading=\"lazy\" decoding=\"async\" width=\"1024\" height=\"681\" src=\"https:\/\/axahomesecurity.com\/de\/wp-content\/uploads\/sites\/31\/2024\/05\/AXA230424-banner-keurmerk-veiligheidsbeslag-1024x681-1.jpg?w=1024\" class=\"w-full rounded aspect-4\/3 object-cover\" alt=\"\" srcset=\"https:\/\/axahomesecurity.com\/de\/wp-content\/uploads\/sites\/31\/2024\/05\/AXA230424-banner-keurmerk-veiligheidsbeslag-1024x681-1.jpg 1024w, https:\/\/axahomesecurity.com\/de\/wp-content\/uploads\/sites\/31\/2024\/05\/AXA230424-banner-keurmerk-veiligheidsbeslag-1024x681-1.jpg?resize=512,341 512w, https:\/\/axahomesecurity.com\/de\/wp-content\/uploads\/sites\/31\/2024\/05\/AXA230424-banner-keurmerk-veiligheidsbeslag-1024x681-1.jpg?resize=768,511 768w, https:\/\/axahomesecurity.com\/de\/wp-content\/uploads\/sites\/31\/2024\/05\/AXA230424-banner-keurmerk-veiligheidsbeslag-1024x681-1.jpg?resize=600,399 600w\" sizes=\"auto, (max-width: 1024px) 100vw, 1024px\" data-ot-ignore=\"\" \/>\n                    <\/div>\n    <\/div>\n<\/section>\n\n\n<section id=\"POLIZEI-QUALIT\u00c4TSZEICHEN\" class=\"\" style=\"padding-top:var(--wp--preset--spacing--80); padding-bottom:var(--wp--preset--spacing--80); color: var(--wp--preset--color--font); \">\n\t<div class=\"container\">\n\t\t<div class=\"content     \">\n\t\t\t\t\t\t\t    <h2 class=\"\">Das Polizei-Qualit\u00e4tszeichen<\/h2>\n\t\t\t    <div class=\"\">\n        <p>In den 1990er Jahren rief die Polizei die Initiative Polizeig\u00fctesiegel Sicheres Wohnen ins Leben. Mit einer Vielzahl von Ma\u00dfnahmen und Vereinbarungen sorgt dieses G\u00fctesiegel daf\u00fcr, dass Ihr Haus und seine Umgebung sicher sind.<br \/>\nEin wichtiger Bestandteil des G\u00fctesiegels sind Ma\u00dfnahmen zum Schutz vor Einbr\u00fcchen. Das bedeutet oft, Fenster und T\u00fcren mit einbruchsicheren Produkten zu sichern.<\/p>\n<p><b><em><strong>Achten Sie nur darauf, dass Sie sie an der richtigen Stelle, auf die richtige Art und Weise und mit den richtigen Befestigungsmitteln anbringen<\/strong><\/em><\/b>. Das macht Ihr Haus nicht nur sicherer, sondern es ist auch wichtig f\u00fcr das polizeiliche G\u00fctezeichen Sicheres Wohnen, dass Sie die richtigen Produkte an der richtigen Stelle verwenden.<br \/>\nWenn Sie m\u00f6chten, k\u00f6nnen Sie Ihr Haus von einem anerkannten PKVW-Unternehmen \u00fcberpr\u00fcfen und zertifizieren lassen. Dabei werden unter anderem folgende Punkte gepr\u00fcft:<\/p>\n<ul>\n<li>Ob Sie <b><strong>zugelassene Schl\u00f6sser<\/strong><\/b> an Ihren Fenstern, T\u00fcren, Dachfenstern und Schiebet\u00fcren haben. Diese erschweren es Einbrechern, in Ihr Haus einzudringen.<\/li>\n<li>Ob Sie an allen Au\u00dfent\u00fcren eine <b><strong>Beleuchtung<\/strong><\/b> haben. So k\u00f6nnen Sie und Unbeteiligte immer sehen, wer vor der T\u00fcr steht.<\/li>\n<li>Die<b><strong>Sichtbarkeit<\/strong><\/b> anderer Personen vor Ihrer T\u00fcr. Ein Beispiel: Eine zu hohe Hecke um Ihre Hintert\u00fcr sorgt daf\u00fcr, dass ein Einbrecher ungesehen bleibt.<\/li>\n<\/ul>\n<p>Wenn die Inspektion ergibt, dass Ihr Haus nicht den Anforderungen der PKVW entspricht, kann das PKVW-Unternehmen daf\u00fcr sorgen, dass Ihr Haus angepasst wird und den Anforderungen entspricht. Sie k\u00f6nnen dies auch selbst tun, wenn Sie dies w\u00fcnschen. Anschlie\u00dfend kann das PKVW-Unternehmen Ihr Haus zertifizieren. Mit diesem PKVW-Zertifikat k\u00f6nnen Sie bei einigen Versicherungsgesellschaften einen Nachlass auf die Pr\u00e4mie Ihrer Hausratversicherung erhalten. Klingt gut, oder? Dieser Rabatt kann bis zu 15 % betragen!<br \/>\nAber wussten Sie, dass es neben dem Einzelzertifikat f\u00fcr Ihr Haus auch die M\u00f6glichkeit gibt, einen \u201eKomplex\u201c und eine \u201eUmgebung\u201c zu zertifizieren? Das Zertifikat \u201eSicherer Komplex\u201c gilt f\u00fcr alle gemeinsam genutzten Bereiche wie den zentralen Flur, den Abstellraum und die Galerie. Und das Zertifikat \u201eSichere Umgebung\u201c bezieht sich auf die \u00f6ffentlichen Au\u00dfenbereiche, wie z. B. Stra\u00dfenm\u00f6bel und Haltestellen \u00f6ffentlicher Verkehrsmittel. So kann nicht nur Ihr Haus sicher sein, sondern auch die gesamte Umgebung!<\/p>\n<h5><b>Hinweis: Sie finden dieses Siegel (siehe Logo unten) nur auf der Verpackung und <u>nicht<\/u> auf dem Produkt selbst, wie es bei SKG der Fall ist!<\/b><\/h5>\n<p><img decoding=\"async\" src=\"https:\/\/axahomesecurity.com\/wp-content\/uploads\/sites\/2\/2024\/05\/PKVW-blauw-200x120-72-dpi.jpg?w=119\" \/><\/p>\n\n    <\/div>\n\t\t<div class=\"flex flex-wrap gap-4 md:gap-6 \">\n\t\t\t\t\t\n\t<a href=\"https:\/\/www.politiekeurmerk.nl\/\" class=\"btn  btn--solid \" target=\"_self\">\n\t\t\t\t\t\tPKVW\n\t<\/a>\n\t\t\t<\/div>\n\n<\/div>\n\t<\/div>\n<\/section>\n\n\n<section id=\"\" class=\"\" style=\"padding-top:var(--wp--preset--spacing--80); padding-bottom:var(--wp--preset--spacing--80); color: var(--wp--preset--color--font); \">\n\t<div class=\"container\">\n\t\t<div class=\"content     \">\n\t\t\t\t\t\t\t    <h2 class=\"\">L\u00f6sungen f\u00fcr T\u00fcren und Fenster<\/h2>\n\t\t\t    <div class=\"\">\n        <p><strong><span class=\"text-subtitle mb-2 block text-secondary \">EINBRUCHSMETHODEN UND L\u00d6SUNGEN F\u00dcR T\u00dcREN<\/span><\/strong><\/p>\n<div class=\"\">\n<p>Genauso wie Sie Ihre Fenster sichern sollten, sind Ihre Au\u00dfent\u00fcren genauso wichtig. Eine\u00a0<strong>gute T\u00fcrsicherung<\/strong>\u00a0ist in der Tat entscheidend, da die meisten Einbr\u00fcche durch die Hintert\u00fcr erfolgen. W\u00e4hlen Sie auch hier die richtigen Produkte, die das SKG-Zeichen und das Politiekeurmerk Veilig Wonen tragen. Es dauert nur etwa 30 Sekunden, bis ein Einbrecher in Ihr Haus eindringt, wenn die Schl\u00f6sser nicht zugelassen sind oder nicht richtig montiert wurden!<\/p>\n<p>In der nachstehenden T\u00fcrzeichnung zeigen wir, welche Teile Ihrer T\u00fcr besonders gesichert werden sollten. Wir erkl\u00e4ren auch alle Tricks, die Einbrecher anwenden, und zeigen mehrere Videos, die zeigen, wie leicht sie in ein Haus eindringen k\u00f6nnen, das nicht richtig gesichert ist. Nat\u00fcrlich zeigen wir Ihnen auch die passenden L\u00f6sungen!<\/p>\n<p>Zum Beispiel:\u00a0<strong>Sicherheitsbeschl\u00e4ge mit Zylinderschutz,<\/strong>\u00a0ein\u00a0<strong>Sicherheitst\u00fcrschloss<\/strong>,\u00a0<strong>Sicherheitszylinder<\/strong>\u00a0und\u00a0<strong>-scharniere<\/strong>.<\/p>\n<p><b>EINBRUCHSMETHODEN UND L\u00d6SUNGEN F\u00dcR FENSTER<\/b><\/p>\n<p>Sch\u00fctzen Sie Ihre Fenster mit <b><strong>guter Fenstersicherheit<\/strong><\/b> von AXA. Einbrecher werden immer raffinierter und brauchen nur <b><strong>30 Sekunden<\/strong><\/b>, um in Ihr Haus einzudringen. Lassen Sie sich nicht durch falsche Sicherheit t\u00e4uschen und w\u00e4hlen Sie die richtigen Produkte mit dem <b><strong>SKG-G\u00fctesiegel<\/strong><\/b>. Damit reduzieren Sie die Wahrscheinlichkeit eines Einbruchs um bis zu 90%!<\/p>\n<p>Anhand einer detaillierten Fensterzeichnung zeigen wir Ihnen, welche Teile des Fensters besonders gesichert werden m\u00fcssen. Au\u00dferdem erkl\u00e4ren wir die verschiedenen Einbruchsmethoden und zeigen Ihnen in einigen Videos, wie leicht sich ein Einbrecher Zugang zu einem unzureichend gesicherten Haus verschaffen kann. Nat\u00fcrlich zeigen wir auch f\u00fcr jede Einbruchsmethode eine passende L\u00f6sung, was sehr praktisch ist!<\/p>\n<\/div>\n\n    <\/div>\n\t\t<div class=\"flex flex-wrap gap-4 md:gap-6 \">\n\t\t\t\t\t\n\t<a href=\"https:\/\/axahomesecurity.com\/de\/informationen\/tursicherung\/\" class=\"btn  btn--solid \" target=\"_self\">\n\t\t\t\t\t\tAlles \u00fcber T\u00fcrsicherung\n\t<\/a>\n\t\t\t\t\t\n\t<a href=\"https:\/\/axahomesecurity.com\/de\/informationen\/fenstersicherung\/\" class=\"btn  btn--outline \" target=\"_self\">\n\t\t\t\t\t\tAlles \u00fcber Fenstersicherung\n\t<\/a>\n\t\t\t<\/div>\n\n<\/div>\n\t<\/div>\n<\/section>\n","protected":false},"excerpt":{"rendered":"","protected":false},"author":19,"featured_media":0,"parent":14990,"menu_order":3,"comment_status":"closed","ping_status":"closed","template":"","meta":{"_acf_changed":false,"_trash_the_other_posts":false,"footnotes":""},"class_list":["post-15039","page","type-page","status-publish","hentry"],"acf":[],"yoast_head":"<!-- This site is optimized with the Yoast SEO plugin v27.1.1 - https:\/\/yoast.com\/product\/yoast-seo-wordpress\/ -->\n<title>Keurmerken - AXA Home Security<\/title>\n<meta name=\"description\" content=\"Met het SKG-keurmerk en Politiekeurmerk Veilig Wonen op veiligheidsproducten van AXA verhoog je meteen de inbraakwerendheid van jouw woning.\" \/>\n<meta name=\"robots\" content=\"index, follow, max-snippet:-1, max-image-preview:large, max-video-preview:-1\" \/>\n<link rel=\"canonical\" href=\"https:\/\/axahomesecurity.com\/de\/informationen\/qualitatszeichen\/\" \/>\n<meta property=\"og:locale\" content=\"en_US\" \/>\n<meta property=\"og:type\" content=\"article\" \/>\n<meta property=\"og:title\" content=\"Keurmerken - AXA Home Security\" \/>\n<meta property=\"og:description\" content=\"Met het SKG-keurmerk en Politiekeurmerk Veilig Wonen op veiligheidsproducten van AXA verhoog je meteen de inbraakwerendheid van jouw woning.\" \/>\n<meta property=\"og:url\" content=\"https:\/\/axahomesecurity.com\/de\/informationen\/qualitatszeichen\/\" \/>\n<meta property=\"og:site_name\" content=\"AXA Home Security \ud83c\udde9\ud83c\uddea\" \/>\n<meta property=\"article:modified_time\" content=\"2024-09-12T07:15:01+00:00\" \/>\n<meta name=\"twitter:card\" content=\"summary_large_image\" \/>\n<script type=\"application\/ld+json\" class=\"yoast-schema-graph\">{\"@context\":\"https:\/\/schema.org\",\"@graph\":[{\"@type\":\"WebPage\",\"@id\":\"https:\/\/axahomesecurity.com\/de\/informationen\/qualitatszeichen\/\",\"url\":\"https:\/\/axahomesecurity.com\/de\/informationen\/qualitatszeichen\/\",\"name\":\"Keurmerken - AXA Home Security\",\"isPartOf\":{\"@id\":\"https:\/\/axahomesecurity.com\/de\/#website\"},\"datePublished\":\"2024-04-23T13:32:21+00:00\",\"dateModified\":\"2024-09-12T07:15:01+00:00\",\"description\":\"Met het SKG-keurmerk en Politiekeurmerk Veilig Wonen op veiligheidsproducten van AXA verhoog je meteen de inbraakwerendheid van jouw woning.\",\"breadcrumb\":{\"@id\":\"https:\/\/axahomesecurity.com\/de\/informationen\/qualitatszeichen\/#breadcrumb\"},\"inLanguage\":\"en-US\",\"potentialAction\":[{\"@type\":\"ReadAction\",\"target\":[\"https:\/\/axahomesecurity.com\/de\/informationen\/qualitatszeichen\/\"]}]},{\"@type\":\"BreadcrumbList\",\"@id\":\"https:\/\/axahomesecurity.com\/de\/informationen\/qualitatszeichen\/#breadcrumb\",\"itemListElement\":[{\"@type\":\"ListItem\",\"position\":1,\"name\":\"house\",\"item\":\"https:\/\/axahomesecurity.com\/de\/\"},{\"@type\":\"ListItem\",\"position\":2,\"name\":\"Informationen\",\"item\":\"https:\/\/axahomesecurity.com\/de\/informationen\/\"},{\"@type\":\"ListItem\",\"position\":3,\"name\":\"Qualit\u00e4tszeichen\"}]},{\"@type\":\"WebSite\",\"@id\":\"https:\/\/axahomesecurity.com\/de\/#website\",\"url\":\"https:\/\/axahomesecurity.com\/de\/\",\"name\":\"AXA Home\",\"description\":\"\",\"potentialAction\":[{\"@type\":\"SearchAction\",\"target\":{\"@type\":\"EntryPoint\",\"urlTemplate\":\"https:\/\/axahomesecurity.com\/de\/?s={search_term_string}\"},\"query-input\":{\"@type\":\"PropertyValueSpecification\",\"valueRequired\":true,\"valueName\":\"search_term_string\"}}],\"inLanguage\":\"en-US\"}]}<\/script>\n<!-- \/ Yoast SEO plugin. -->","yoast_head_json":{"title":"Keurmerken - AXA Home Security","description":"Met het SKG-keurmerk en Politiekeurmerk Veilig Wonen op veiligheidsproducten van AXA verhoog je meteen de inbraakwerendheid van jouw woning.","robots":{"index":"index","follow":"follow","max-snippet":"max-snippet:-1","max-image-preview":"max-image-preview:large","max-video-preview":"max-video-preview:-1"},"canonical":"https:\/\/axahomesecurity.com\/de\/informationen\/qualitatszeichen\/","og_locale":"en_US","og_type":"article","og_title":"Keurmerken - AXA Home Security","og_description":"Met het SKG-keurmerk en Politiekeurmerk Veilig Wonen op veiligheidsproducten van AXA verhoog je meteen de inbraakwerendheid van jouw woning.","og_url":"https:\/\/axahomesecurity.com\/de\/informationen\/qualitatszeichen\/","og_site_name":"AXA Home Security \ud83c\udde9\ud83c\uddea","article_modified_time":"2024-09-12T07:15:01+00:00","twitter_card":"summary_large_image","schema":{"@context":"https:\/\/schema.org","@graph":[{"@type":"WebPage","@id":"https:\/\/axahomesecurity.com\/de\/informationen\/qualitatszeichen\/","url":"https:\/\/axahomesecurity.com\/de\/informationen\/qualitatszeichen\/","name":"Keurmerken - AXA Home Security","isPartOf":{"@id":"https:\/\/axahomesecurity.com\/de\/#website"},"datePublished":"2024-04-23T13:32:21+00:00","dateModified":"2024-09-12T07:15:01+00:00","description":"Met het SKG-keurmerk en Politiekeurmerk Veilig Wonen op veiligheidsproducten van AXA verhoog je meteen de inbraakwerendheid van jouw woning.","breadcrumb":{"@id":"https:\/\/axahomesecurity.com\/de\/informationen\/qualitatszeichen\/#breadcrumb"},"inLanguage":"en-US","potentialAction":[{"@type":"ReadAction","target":["https:\/\/axahomesecurity.com\/de\/informationen\/qualitatszeichen\/"]}]},{"@type":"BreadcrumbList","@id":"https:\/\/axahomesecurity.com\/de\/informationen\/qualitatszeichen\/#breadcrumb","itemListElement":[{"@type":"ListItem","position":1,"name":"house","item":"https:\/\/axahomesecurity.com\/de\/"},{"@type":"ListItem","position":2,"name":"Informationen","item":"https:\/\/axahomesecurity.com\/de\/informationen\/"},{"@type":"ListItem","position":3,"name":"Qualit\u00e4tszeichen"}]},{"@type":"WebSite","@id":"https:\/\/axahomesecurity.com\/de\/#website","url":"https:\/\/axahomesecurity.com\/de\/","name":"AXA Home","description":"","potentialAction":[{"@type":"SearchAction","target":{"@type":"EntryPoint","urlTemplate":"https:\/\/axahomesecurity.com\/de\/?s={search_term_string}"},"query-input":{"@type":"PropertyValueSpecification","valueRequired":true,"valueName":"search_term_string"}}],"inLanguage":"en-US"}]}},"jetpack_sharing_enabled":true,"_links":{"self":[{"href":"https:\/\/axahomesecurity.com\/de\/wp-json\/wp\/v2\/pages\/15039","targetHints":{"allow":["GET"]}}],"collection":[{"href":"https:\/\/axahomesecurity.com\/de\/wp-json\/wp\/v2\/pages"}],"about":[{"href":"https:\/\/axahomesecurity.com\/de\/wp-json\/wp\/v2\/types\/page"}],"author":[{"embeddable":true,"href":"https:\/\/axahomesecurity.com\/de\/wp-json\/wp\/v2\/users\/19"}],"replies":[{"embeddable":true,"href":"https:\/\/axahomesecurity.com\/de\/wp-json\/wp\/v2\/comments?post=15039"}],"version-history":[{"count":98,"href":"https:\/\/axahomesecurity.com\/de\/wp-json\/wp\/v2\/pages\/15039\/revisions"}],"predecessor-version":[{"id":100583,"href":"https:\/\/axahomesecurity.com\/de\/wp-json\/wp\/v2\/pages\/15039\/revisions\/100583"}],"up":[{"embeddable":true,"href":"https:\/\/axahomesecurity.com\/de\/wp-json\/wp\/v2\/pages\/14990"}],"wp:attachment":[{"href":"https:\/\/axahomesecurity.com\/de\/wp-json\/wp\/v2\/media?parent=15039"}],"curies":[{"name":"wp","href":"https:\/\/api.w.org\/{rel}","templated":true}]}}