{"id":14990,"date":"2024-04-23T09:53:47","date_gmt":"2024-04-23T09:53:47","guid":{"rendered":"https:\/\/axahomesecurity.com\/de\/?page_id=14990"},"modified":"2024-09-06T09:35:38","modified_gmt":"2024-09-06T09:35:38","slug":"informationen","status":"publish","type":"page","link":"https:\/\/axahomesecurity.com\/de\/informationen\/","title":{"rendered":"Informationen"},"content":{"rendered":"<section id=\"\" class=\"relative after:w-full after:h-full after:top-0 after:left-0 after:bg-[rgba(0,0,0,0.35)] after:absolute   !pt-[96px] is-layout-flex wp-block-acf-hero-is-layout-flex\" style=\"padding-top:16px; padding-bottom:136px; color: var(--wp--preset--color--font); \">\n\n\t\t\t\t<img loading=\"lazy\" decoding=\"async\" width=\"2000\" height=\"600\" src=\"https:\/\/axahomesecurity.com\/de\/wp-content\/uploads\/sites\/31\/2024\/04\/AXA230424-verkooppunten-banner-hero-2000x600-1.jpg?w=2000\" class=\"w-full h-full absolute top-0 left-0 object-cover \" alt=\"AXA Home Security verkooppunten banner\" srcset=\"https:\/\/axahomesecurity.com\/de\/wp-content\/uploads\/sites\/31\/2024\/04\/AXA230424-verkooppunten-banner-hero-2000x600-1.jpg 2000w, https:\/\/axahomesecurity.com\/de\/wp-content\/uploads\/sites\/31\/2024\/04\/AXA230424-verkooppunten-banner-hero-2000x600-1.jpg?resize=512,154 512w, https:\/\/axahomesecurity.com\/de\/wp-content\/uploads\/sites\/31\/2024\/04\/AXA230424-verkooppunten-banner-hero-2000x600-1.jpg?resize=768,230 768w, https:\/\/axahomesecurity.com\/de\/wp-content\/uploads\/sites\/31\/2024\/04\/AXA230424-verkooppunten-banner-hero-2000x600-1.jpg?resize=1536,461 1536w, https:\/\/axahomesecurity.com\/de\/wp-content\/uploads\/sites\/31\/2024\/04\/AXA230424-verkooppunten-banner-hero-2000x600-1.jpg?resize=1440,432 1440w, https:\/\/axahomesecurity.com\/de\/wp-content\/uploads\/sites\/31\/2024\/04\/AXA230424-verkooppunten-banner-hero-2000x600-1.jpg?resize=600,180 600w\" sizes=\"auto, (max-width: 2000px) 100vw, 2000px\" data-ot-ignore=\"\" \/>\n\t\n\t\n\t<div class=\"relative container z-10\">\n\n\t\t<div class=\"relative w-full lg:w-6\/12\">\n\t\t\t<div class=\"content text-white    \">\n\t\t\t\t    <h1 class=\"\">Informationen<\/h1>\n\t\t\t<\/div>\n\t\t<\/div>\n\n\t<\/div>\n<\/section>\n\n\n<section id=\"\" class=\"\" style=\"padding-top:var(--wp--preset--spacing--80); padding-bottom:var(--wp--preset--spacing--80); color: var(--wp--preset--color--font); \">\n\t<div class=\"container\">\n\t\t<div class=\"content     \">\n\t\t\t\t\t\t\t    <h2 class=\"\">Alle informatie \u00fcber Tursicherung und Fenstersicherung<\/h2>\n\t\t\t    <div class=\"\">\n        <p>Geben Sie Einbrechern keine Chance!<\/p>\n<p>Sichern Sie Ihre T\u00fcr mit <b><strong>Beschl\u00e4gen<\/strong><\/b> oder <b><strong>Sicherheitsschl\u00f6ssern <\/strong><\/b>von AXA. Einbrecher werden immer geschickter und brauchen durchschnittlich 30 Sekunden, um sich Zutritt zu verschaffen. Fallen Sie nicht auf falsche Sicherheit herein und entscheiden Sie sich f\u00fcr Produkte von AXA. Sie <b><strong>verringern <\/strong><\/b>die Wahrscheinlichkeit eines Einbruchs um 90%!<\/p>\n<p>Anhand einer T\u00fcrzeichnung zeigen wir Ihnen, welche Teile der T\u00fcr richtig gesichert werden m\u00fcssen. Nachfolgend werden die verschiedenen Einbruchsmethoden erkl\u00e4rt und wir haben ein Video mit einigen von ihnen gedreht, um zu zeigen, wie leicht ein Einbrecher in ein unzureichend gesichertes Haus eindringen kann und welche L\u00f6sung wir daf\u00fcr haben.<\/p>\n\n    <\/div>\n\t\t<div class=\"flex flex-wrap gap-4 md:gap-6 \">\n\t\t\t\t\t\n\t<a href=\"https:\/\/axahomesecurity.com\/de\/informationen\/tursicherung\/\" class=\"btn  btn--solid \" target=\"_self\">\n\t\t\t\t\t\tAlles \u00fcber T\u00fcsicherung\n\t<\/a>\n\t\t\t<\/div>\n\n<\/div>\n\t<\/div>\n<\/section>\n\n\n<section id=\"\" class=\"\" style=\"padding-top:var(--wp--preset--spacing--80); padding-bottom:var(--wp--preset--spacing--80); color: var(--wp--preset--color--font); \">\n\t<div class=\"container\">\n\t\t<div class=\"content     \">\n\t\t\t\t\t\t\t    <h2 class=\"\">Alle informatie \u00fcber Tursicherung und Fenstersicherung<\/h2>\n\t\t\t    <div class=\"\">\n        <p>Sichern Sie Ihr Fenster mit <b><strong>Beschl\u00e4gen<\/strong><\/b> oder <b><strong>Sicherheitsschl\u00f6ssern <\/strong><\/b>von AXA. Einbrecher werden immer geschickter und brauchen durchschnittlich 30 Sekunden, um einzusteigen. Fallen Sie nicht auf falsche Sicherheit herein und entscheiden Sie sich f\u00fcr Produkte von AXA, Sie verringern die Wahrscheinlichkeit eines Einbruchs um 90%!<\/p>\n<p>Anhand einer Fensterzeichnung zeigen wir Ihnen, welche Teile des Fensters richtig gesichert werden sollten. Nachfolgend werden die verschiedenen Einbruchsmethoden erkl\u00e4rt und wir haben ein Video mit einigen von ihnen gedreht, um zu zeigen, wie leicht ein Einbrecher in ein unzureichend gesichertes Haus eindringen kann und welche L\u00f6sung wir daf\u00fcr haben.<\/p>\n\n    <\/div>\n\t\t<div class=\"flex flex-wrap gap-4 md:gap-6 \">\n\t\t\t\t\t\n\t<a href=\"https:\/\/axahomesecurity.com\/de\/informationen\/fenstersicherung\/\/\" class=\"btn  btn--solid \" target=\"_self\">\n\t\t\t\t\t\tAlles \u00fcber Fenstersicherung\n\t<\/a>\n\t\t\t<\/div>\n\n<\/div>\n\t<\/div>\n<\/section>\n","protected":false},"excerpt":{"rendered":"","protected":false},"author":19,"featured_media":0,"parent":0,"menu_order":0,"comment_status":"closed","ping_status":"closed","template":"","meta":{"_acf_changed":true,"_trash_the_other_posts":false,"footnotes":""},"class_list":["post-14990","page","type-page","status-publish","hentry"],"acf":[],"yoast_head":"<!-- This site is optimized with the Yoast SEO plugin v27.1.1 - https:\/\/yoast.com\/product\/yoast-seo-wordpress\/ -->\n<title>Informatie - AXA Home Security<\/title>\n<meta name=\"description\" content=\"Alles wat je moet weten over hang- en sluitwerk of sloten van AXA. Informatie, tips, advies en nog veel meer om veilig van huis te gaan.\" \/>\n<meta name=\"robots\" content=\"index, follow, max-snippet:-1, max-image-preview:large, max-video-preview:-1\" \/>\n<link rel=\"canonical\" href=\"https:\/\/axahomesecurity.com\/de\/informationen\/\" \/>\n<meta property=\"og:locale\" content=\"en_US\" \/>\n<meta property=\"og:type\" content=\"article\" \/>\n<meta property=\"og:title\" content=\"Informatie - AXA Home Security\" \/>\n<meta property=\"og:description\" content=\"Alles wat je moet weten over hang- en sluitwerk of sloten van AXA. Informatie, tips, advies en nog veel meer om veilig van huis te gaan.\" \/>\n<meta property=\"og:url\" content=\"https:\/\/axahomesecurity.com\/de\/informationen\/\" \/>\n<meta property=\"og:site_name\" content=\"AXA Home Security \ud83c\udde9\ud83c\uddea\" \/>\n<meta property=\"article:modified_time\" content=\"2024-09-06T09:35:38+00:00\" \/>\n<meta name=\"twitter:card\" content=\"summary_large_image\" \/>\n<script type=\"application\/ld+json\" class=\"yoast-schema-graph\">{\"@context\":\"https:\/\/schema.org\",\"@graph\":[{\"@type\":\"WebPage\",\"@id\":\"https:\/\/axahomesecurity.com\/de\/informationen\/\",\"url\":\"https:\/\/axahomesecurity.com\/de\/informationen\/\",\"name\":\"Informatie - AXA Home Security\",\"isPartOf\":{\"@id\":\"https:\/\/axahomesecurity.com\/de\/#website\"},\"datePublished\":\"2024-04-23T09:53:47+00:00\",\"dateModified\":\"2024-09-06T09:35:38+00:00\",\"description\":\"Alles wat je moet weten over hang- en sluitwerk of sloten van AXA. Informatie, tips, advies en nog veel meer om veilig van huis te gaan.\",\"breadcrumb\":{\"@id\":\"https:\/\/axahomesecurity.com\/de\/informationen\/#breadcrumb\"},\"inLanguage\":\"en-US\",\"potentialAction\":[{\"@type\":\"ReadAction\",\"target\":[\"https:\/\/axahomesecurity.com\/de\/informationen\/\"]}]},{\"@type\":\"BreadcrumbList\",\"@id\":\"https:\/\/axahomesecurity.com\/de\/informationen\/#breadcrumb\",\"itemListElement\":[{\"@type\":\"ListItem\",\"position\":1,\"name\":\"house\",\"item\":\"https:\/\/axahomesecurity.com\/de\/\"},{\"@type\":\"ListItem\",\"position\":2,\"name\":\"Informationen\"}]},{\"@type\":\"WebSite\",\"@id\":\"https:\/\/axahomesecurity.com\/de\/#website\",\"url\":\"https:\/\/axahomesecurity.com\/de\/\",\"name\":\"AXA Home\",\"description\":\"\",\"potentialAction\":[{\"@type\":\"SearchAction\",\"target\":{\"@type\":\"EntryPoint\",\"urlTemplate\":\"https:\/\/axahomesecurity.com\/de\/?s={search_term_string}\"},\"query-input\":{\"@type\":\"PropertyValueSpecification\",\"valueRequired\":true,\"valueName\":\"search_term_string\"}}],\"inLanguage\":\"en-US\"}]}<\/script>\n<!-- \/ Yoast SEO plugin. -->","yoast_head_json":{"title":"Informatie - AXA Home Security","description":"Alles wat je moet weten over hang- en sluitwerk of sloten van AXA. Informatie, tips, advies en nog veel meer om veilig van huis te gaan.","robots":{"index":"index","follow":"follow","max-snippet":"max-snippet:-1","max-image-preview":"max-image-preview:large","max-video-preview":"max-video-preview:-1"},"canonical":"https:\/\/axahomesecurity.com\/de\/informationen\/","og_locale":"en_US","og_type":"article","og_title":"Informatie - AXA Home Security","og_description":"Alles wat je moet weten over hang- en sluitwerk of sloten van AXA. Informatie, tips, advies en nog veel meer om veilig van huis te gaan.","og_url":"https:\/\/axahomesecurity.com\/de\/informationen\/","og_site_name":"AXA Home Security \ud83c\udde9\ud83c\uddea","article_modified_time":"2024-09-06T09:35:38+00:00","twitter_card":"summary_large_image","schema":{"@context":"https:\/\/schema.org","@graph":[{"@type":"WebPage","@id":"https:\/\/axahomesecurity.com\/de\/informationen\/","url":"https:\/\/axahomesecurity.com\/de\/informationen\/","name":"Informatie - AXA Home Security","isPartOf":{"@id":"https:\/\/axahomesecurity.com\/de\/#website"},"datePublished":"2024-04-23T09:53:47+00:00","dateModified":"2024-09-06T09:35:38+00:00","description":"Alles wat je moet weten over hang- en sluitwerk of sloten van AXA. Informatie, tips, advies en nog veel meer om veilig van huis te gaan.","breadcrumb":{"@id":"https:\/\/axahomesecurity.com\/de\/informationen\/#breadcrumb"},"inLanguage":"en-US","potentialAction":[{"@type":"ReadAction","target":["https:\/\/axahomesecurity.com\/de\/informationen\/"]}]},{"@type":"BreadcrumbList","@id":"https:\/\/axahomesecurity.com\/de\/informationen\/#breadcrumb","itemListElement":[{"@type":"ListItem","position":1,"name":"house","item":"https:\/\/axahomesecurity.com\/de\/"},{"@type":"ListItem","position":2,"name":"Informationen"}]},{"@type":"WebSite","@id":"https:\/\/axahomesecurity.com\/de\/#website","url":"https:\/\/axahomesecurity.com\/de\/","name":"AXA Home","description":"","potentialAction":[{"@type":"SearchAction","target":{"@type":"EntryPoint","urlTemplate":"https:\/\/axahomesecurity.com\/de\/?s={search_term_string}"},"query-input":{"@type":"PropertyValueSpecification","valueRequired":true,"valueName":"search_term_string"}}],"inLanguage":"en-US"}]}},"jetpack_sharing_enabled":true,"_links":{"self":[{"href":"https:\/\/axahomesecurity.com\/de\/wp-json\/wp\/v2\/pages\/14990","targetHints":{"allow":["GET"]}}],"collection":[{"href":"https:\/\/axahomesecurity.com\/de\/wp-json\/wp\/v2\/pages"}],"about":[{"href":"https:\/\/axahomesecurity.com\/de\/wp-json\/wp\/v2\/types\/page"}],"author":[{"embeddable":true,"href":"https:\/\/axahomesecurity.com\/de\/wp-json\/wp\/v2\/users\/19"}],"replies":[{"embeddable":true,"href":"https:\/\/axahomesecurity.com\/de\/wp-json\/wp\/v2\/comments?post=14990"}],"version-history":[{"count":5,"href":"https:\/\/axahomesecurity.com\/de\/wp-json\/wp\/v2\/pages\/14990\/revisions"}],"predecessor-version":[{"id":91024,"href":"https:\/\/axahomesecurity.com\/de\/wp-json\/wp\/v2\/pages\/14990\/revisions\/91024"}],"wp:attachment":[{"href":"https:\/\/axahomesecurity.com\/de\/wp-json\/wp\/v2\/media?parent=14990"}],"curies":[{"name":"wp","href":"https:\/\/api.w.org\/{rel}","templated":true}]}}